{"id":526,"date":"2020-11-20T13:25:47","date_gmt":"2020-11-20T13:25:47","guid":{"rendered":"https:\/\/anwalt-ovchinski.de\/?page_id=526"},"modified":"2020-11-20T13:27:35","modified_gmt":"2020-11-20T13:27:35","slug":"impressum","status":"publish","type":"page","link":"https:\/\/anwalt-ovchinski.de\/ru\/impressum\/","title":{"rendered":"Impressum"},"content":{"rendered":"<div data-elementor-type=\"wp-page\" data-elementor-id=\"526\" class=\"elementor elementor-526\">\n\t\t\t\t\t\t<section class=\"elementor-section elementor-top-section elementor-element elementor-element-ada00dc elementor-section-boxed elementor-section-height-default elementor-section-height-default\" data-id=\"ada00dc\" data-element_type=\"section\" data-e-type=\"section\" data-settings=\"{&quot;background_background&quot;:&quot;classic&quot;}\">\n\t\t\t\t\t\t\t<div class=\"elementor-background-overlay\"><\/div>\n\t\t\t\t\t\t\t<div class=\"elementor-container elementor-column-gap-wide\">\n\t\t\t\t\t<div class=\"elementor-column elementor-col-100 elementor-top-column elementor-element elementor-element-7b2422d\" data-id=\"7b2422d\" data-element_type=\"column\" data-e-type=\"column\">\n\t\t\t<div class=\"elementor-widget-wrap elementor-element-populated\">\n\t\t\t\t\t\t<div class=\"elementor-element elementor-element-9b265d9 elementor-widget elementor-widget-heading\" data-id=\"9b265d9\" data-element_type=\"widget\" data-e-type=\"widget\" data-widget_type=\"heading.default\">\n\t\t\t\t<div class=\"elementor-widget-container\">\n\t\t\t\t\t<h1 class=\"elementor-heading-title elementor-size-default\">Impressum<\/h1>\t\t\t\t<\/div>\n\t\t\t\t<\/div>\n\t\t\t\t\t<\/div>\n\t\t<\/div>\n\t\t\t\t\t<\/div>\n\t\t<\/section>\n\t\t\t\t<section class=\"elementor-section elementor-top-section elementor-element elementor-element-ee04ffb elementor-section-boxed elementor-section-height-default elementor-section-height-default\" data-id=\"ee04ffb\" data-element_type=\"section\" data-e-type=\"section\">\n\t\t\t\t\t\t<div class=\"elementor-container elementor-column-gap-wide\">\n\t\t\t\t\t<div class=\"elementor-column elementor-col-100 elementor-top-column elementor-element elementor-element-a11af46\" data-id=\"a11af46\" data-element_type=\"column\" data-e-type=\"column\">\n\t\t\t<div class=\"elementor-widget-wrap elementor-element-populated\">\n\t\t\t\t\t\t<div class=\"elementor-element elementor-element-f00b7af elementor-widget elementor-widget-text-editor\" data-id=\"f00b7af\" data-element_type=\"widget\" data-e-type=\"widget\" data-widget_type=\"text-editor.default\">\n\t\t\t\t<div class=\"elementor-widget-container\">\n\t\t\t\t\t\t\t\t\t<h2 class=\"csc-firstHeader\">Rechtsanw\u00e4ltin Julia Ovchinski<\/h2>\n<p class=\"text-left\">Oeder Weg 34\n60318\u00a0Frankfurt am Main<\/p>\n<p class=\"text-left\">Telefon: 069 20021465\nFax:\u00a0069 95199845\nMobiltelefon:\u00a00173 7133052\nE-Mail:\u00a0<a href=\"mailto:info@anwalt-ovchinski.de\">info@anwalt-ovchinski.de<\/a><\/p>\n<a href=\"https:\/\/anwalt-ovchinski.de\/ru\/\" target=\"_blank\" rel=\"noopener\">www.anwalt-ovchinski.de<\/a>\n<p class=\"text-left\"><strong>\nZust\u00e4ndige Aufsichtsbeh\u00f6rde:<\/strong>\u00a0Rechtsanwaltskammer Frankfurt am Main Bockenheimer Anlage 36 60322 Frankfurt am Main<\/p>\n<p class=\"text-left\"><strong>\nBerufsbezeichnung:<\/strong>\u00a0Rechtsanwalt (verliehen in der Bundesrepublik Deutschland)<\/p>\n<p class=\"text-left\"><strong>\nBerufsrechtliche Regelungen:\u00a0\u00a0<\/strong>&#8211; Bundesrechtsanwaltsordnung (BRAO)\u00a0 &#8211; Berufsordnung f\u00fcr Rechtsanw\u00e4lte (BORA)\u00a0 &#8211; Rechtsanwaltsverg\u00fctungsgesetz (RVG)\u00a0 &#8211; Berufsregelungen der Rechtsanw\u00e4lte der Europ\u00e4ischen Union<\/p>\n<p class=\"text-left\">Die Regelungen k\u00f6nnen bei der Bundesrechtsanwaltskammer unter\u00a0<a href=\"http:\/\/www.brak.de\/seiten\/06.php#tdg\" target=\"_blank\" rel=\"noopener\">http:\/\/www.brak.de\/seiten\/06.php#tdg<\/a>\u00a0eingesehen werden.<\/p>\n<p class=\"text-left\">Alternative Einsichtm\u00f6glichkeiten unter<a href=\"http:\/\/bundesrecht.juris.de\/bundesrecht\" target=\"_blank\" rel=\"noopener\">\u00a0http:\/\/bundesrecht.juris.de\/bundesrecht<\/a>\u00a0oder<a href=\"http:\/\/www.bundesregierung.de\/\" target=\"_blank\" rel=\"noopener\">\u00a0http:\/\/www.bundesregierung.de<\/a>\u00a0in der Rubrik &#8222;Gesetze&#8220;.<\/p>\n<p class=\"text-left\"><strong>Inhaltlich Verantwortlicher gem\u00e4\u00df \u00a7 10 Absatz 3 MDStV:<\/strong>\u00a0Julia Ovchinski (Anschrift wie oben)<\/p>\n<p class=\"text-left\">Die Angaben auf der Homepage von Rechtsanwaltskanzlei Julia Ovchinski sind\u00a0 informatorisch und stellen keine Rechtsberatung dar. Wir \u00fcbernehmen keinerlei Gew\u00e4hr f\u00fcr Richtigkeit, Vollst\u00e4ndigkeit und Aktualit\u00e4t. Trotz sorgf\u00e4ltiger inhaltlicher Kontrolle \u00fcbernehmen wir keine Haftung f\u00fcr die Inhalte externer Links. F\u00fcr den Inhalt der verlinkten Seiten sind ausschlie\u00dflich deren Betreiber verantwortlich.<\/p>\n<p class=\"text-left\">Inhalt und Struktur der Website von Rechtsanwaltskanzlei Julia Ovchinski, insbesondere\u00a0 Texte, Bilder, Grafiken sowie das Layout und die Gestaltung dieser Website sind urheberrechtlich gesch\u00fctzt.<\/p>\n\n\n<hr \/>\n<p class=\"text-left\">Webdesign und Umsetzung: ELFI CREATION \/ Mediengestaltung und Fotografie\u00a0<a href=\"http:\/\/www.elfi-creation.de\/\" target=\"_blank\" rel=\"noopener\">www.elfi-creation.de<\/a><\/p>\n<p class=\"text-left\">Programmierung: Alexander Fuchs<\/p>\n\n\n<hr \/>\n<p class=\"text-left\">Bildquellen: \u00a9\u00a0Time Spiral &#8211; Fotolia.com | \u00a9\u00a0Bambory &#8211; Fotolia.com | \u00a9 SREEDHAR YEDLAPATI &#8211; Fotolia.com | \u00a9 Stefan Dre\u00dfler &#8211; Fotolia.com | \u00a9 Heino Pattschull &#8211; Fotolia.com | \u00a9 photogl &#8211; Fotolia.com | \u00a9 Rafa Irusta &#8211; Fotolia.com | \u00a9 Vladimir Borzilov &#8211; Fotolia.com | \u00a9 Visual Concepts &#8211; Fotolia.com | \u00a9 Scott Shorey &#8211; Fotolia.com | \u00a9 Alexey Melsitov &#8211; Fotolia.com | \u00a9 Fineas &#8211; Fotolia.com | \u00a9 Oksana Sersta<\/p>\n<p class=\"text-left\"><\/p>\t\t\t\t\t\t\t\t<\/div>\n\t\t\t\t<\/div>\n\t\t\t\t\t<\/div>\n\t\t<\/div>\n\t\t\t\t\t<\/div>\n\t\t<\/section>\n\t\t\t\t<\/div>","protected":false},"excerpt":{"rendered":"<p>Impressum Rechtsanw\u00e4ltin Julia Ovchinski Oeder Weg 34 60318\u00a0Frankfurt am Main Telefon: 069 20021465 Fax:\u00a0069 95199845 Mobiltelefon:\u00a00173 7133052 E-Mail:\u00a0info@anwalt-ovchinski.de www.anwalt-ovchinski.de Zust\u00e4ndige Aufsichtsbeh\u00f6rde:\u00a0Rechtsanwaltskammer Frankfurt am Main Bockenheimer Anlage 36 60322 Frankfurt am Main Berufsbezeichnung:\u00a0Rechtsanwalt (verliehen in der Bundesrepublik Deutschland) Berufsrechtliche Regelungen:\u00a0\u00a0&#8211; Bundesrechtsanwaltsordnung (BRAO)\u00a0 &#8211; Berufsordnung f\u00fcr Rechtsanw\u00e4lte (BORA)\u00a0 &#8211; Rechtsanwaltsverg\u00fctungsgesetz (RVG)\u00a0 &#8211; Berufsregelungen der Rechtsanw\u00e4lte der Europ\u00e4ischen [&hellip;]<\/p>\n","protected":false},"author":1,"featured_media":0,"parent":0,"menu_order":0,"comment_status":"closed","ping_status":"closed","template":"","meta":{"footnotes":""},"class_list":["post-526","page","type-page","status-publish","hentry"],"yoast_head":"<!-- This site is optimized with the Yoast SEO plugin v27.5 - https:\/\/yoast.com\/product\/yoast-seo-wordpress\/ -->\n<title>Impressum - Rechtsanwaltskanzlei Julia Ovchinski<\/title>\n<meta name=\"robots\" content=\"index, follow, max-snippet:-1, max-image-preview:large, max-video-preview:-1\" \/>\n<link rel=\"canonical\" href=\"https:\/\/anwalt-ovchinski.de\/ru\/impressum\/\" \/>\n<meta property=\"og:locale\" content=\"ru_RU\" \/>\n<meta property=\"og:type\" content=\"article\" \/>\n<meta property=\"og:title\" content=\"Impressum - Rechtsanwaltskanzlei Julia Ovchinski\" \/>\n<meta property=\"og:description\" content=\"Impressum Rechtsanw\u00e4ltin Julia Ovchinski Oeder Weg 34 60318\u00a0Frankfurt am Main Telefon: 069 20021465 Fax:\u00a0069 95199845 Mobiltelefon:\u00a00173 7133052 E-Mail:\u00a0info@anwalt-ovchinski.de www.anwalt-ovchinski.de Zust\u00e4ndige Aufsichtsbeh\u00f6rde:\u00a0Rechtsanwaltskammer Frankfurt am Main Bockenheimer Anlage 36 60322 Frankfurt am Main Berufsbezeichnung:\u00a0Rechtsanwalt (verliehen in der Bundesrepublik Deutschland) Berufsrechtliche Regelungen:\u00a0\u00a0&#8211; Bundesrechtsanwaltsordnung (BRAO)\u00a0 &#8211; Berufsordnung f\u00fcr Rechtsanw\u00e4lte (BORA)\u00a0 &#8211; Rechtsanwaltsverg\u00fctungsgesetz (RVG)\u00a0 &#8211; Berufsregelungen der Rechtsanw\u00e4lte der Europ\u00e4ischen [&hellip;]\" \/>\n<meta property=\"og:url\" content=\"https:\/\/anwalt-ovchinski.de\/ru\/impressum\/\" \/>\n<meta property=\"og:site_name\" content=\"Rechtsanwaltskanzlei Julia Ovchinski\" \/>\n<meta property=\"article:modified_time\" content=\"2020-11-20T13:27:35+00:00\" \/>\n<meta name=\"twitter:card\" content=\"summary_large_image\" \/>\n<meta name=\"twitter:label1\" content=\"\u041f\u0440\u0438\u043c\u0435\u0440\u043d\u043e\u0435 \u0432\u0440\u0435\u043c\u044f \u0434\u043b\u044f \u0447\u0442\u0435\u043d\u0438\u044f\" \/>\n\t<meta name=\"twitter:data1\" content=\"1 \u043c\u0438\u043d\u0443\u0442\u0430\" \/>\n<script type=\"application\/ld+json\" class=\"yoast-schema-graph\">{\"@context\":\"https:\\\/\\\/schema.org\",\"@graph\":[{\"@type\":\"WebPage\",\"@id\":\"https:\\\/\\\/anwalt-ovchinski.de\\\/ru\\\/impressum\\\/\",\"url\":\"https:\\\/\\\/anwalt-ovchinski.de\\\/ru\\\/impressum\\\/\",\"name\":\"Impressum - Rechtsanwaltskanzlei Julia Ovchinski\",\"isPartOf\":{\"@id\":\"https:\\\/\\\/anwalt-ovchinski.de\\\/#website\"},\"datePublished\":\"2020-11-20T13:25:47+00:00\",\"dateModified\":\"2020-11-20T13:27:35+00:00\",\"breadcrumb\":{\"@id\":\"https:\\\/\\\/anwalt-ovchinski.de\\\/ru\\\/impressum\\\/#breadcrumb\"},\"inLanguage\":\"ru-RU\",\"potentialAction\":[{\"@type\":\"ReadAction\",\"target\":[\"https:\\\/\\\/anwalt-ovchinski.de\\\/ru\\\/impressum\\\/\"]}]},{\"@type\":\"BreadcrumbList\",\"@id\":\"https:\\\/\\\/anwalt-ovchinski.de\\\/ru\\\/impressum\\\/#breadcrumb\",\"itemListElement\":[{\"@type\":\"ListItem\",\"position\":1,\"name\":\"Startseite\",\"item\":\"https:\\\/\\\/anwalt-ovchinski.de\\\/\"},{\"@type\":\"ListItem\",\"position\":2,\"name\":\"Impressum\"}]},{\"@type\":\"WebSite\",\"@id\":\"https:\\\/\\\/anwalt-ovchinski.de\\\/#website\",\"url\":\"https:\\\/\\\/anwalt-ovchinski.de\\\/\",\"name\":\"Rechtsanwaltskanzlei Julia Ovchinski\",\"description\":\"Rechtsanwaltskanzlei Julia Ovchinski\",\"publisher\":{\"@id\":\"https:\\\/\\\/anwalt-ovchinski.de\\\/#organization\"},\"potentialAction\":[{\"@type\":\"SearchAction\",\"target\":{\"@type\":\"EntryPoint\",\"urlTemplate\":\"https:\\\/\\\/anwalt-ovchinski.de\\\/?s={search_term_string}\"},\"query-input\":{\"@type\":\"PropertyValueSpecification\",\"valueRequired\":true,\"valueName\":\"search_term_string\"}}],\"inLanguage\":\"ru-RU\"},{\"@type\":\"Organization\",\"@id\":\"https:\\\/\\\/anwalt-ovchinski.de\\\/#organization\",\"name\":\"Rechtsanwaltskanzlei Julia Ovchinski\",\"url\":\"https:\\\/\\\/anwalt-ovchinski.de\\\/\",\"logo\":{\"@type\":\"ImageObject\",\"inLanguage\":\"ru-RU\",\"@id\":\"https:\\\/\\\/anwalt-ovchinski.de\\\/#\\\/schema\\\/logo\\\/image\\\/\",\"url\":\"https:\\\/\\\/anwalt-ovchinski.de\\\/wp-content\\\/uploads\\\/2020\\\/11\\\/logo.png\",\"contentUrl\":\"https:\\\/\\\/anwalt-ovchinski.de\\\/wp-content\\\/uploads\\\/2020\\\/11\\\/logo.png\",\"width\":300,\"height\":98,\"caption\":\"Rechtsanwaltskanzlei Julia Ovchinski\"},\"image\":{\"@id\":\"https:\\\/\\\/anwalt-ovchinski.de\\\/#\\\/schema\\\/logo\\\/image\\\/\"}}]}<\/script>\n<!-- \/ Yoast SEO plugin. -->","yoast_head_json":{"title":"Impressum - Rechtsanwaltskanzlei Julia Ovchinski","robots":{"index":"index","follow":"follow","max-snippet":"max-snippet:-1","max-image-preview":"max-image-preview:large","max-video-preview":"max-video-preview:-1"},"canonical":"https:\/\/anwalt-ovchinski.de\/ru\/impressum\/","og_locale":"ru_RU","og_type":"article","og_title":"Impressum - Rechtsanwaltskanzlei Julia Ovchinski","og_description":"Impressum Rechtsanw\u00e4ltin Julia Ovchinski Oeder Weg 34 60318\u00a0Frankfurt am Main Telefon: 069 20021465 Fax:\u00a0069 95199845 Mobiltelefon:\u00a00173 7133052 E-Mail:\u00a0info@anwalt-ovchinski.de www.anwalt-ovchinski.de Zust\u00e4ndige Aufsichtsbeh\u00f6rde:\u00a0Rechtsanwaltskammer Frankfurt am Main Bockenheimer Anlage 36 60322 Frankfurt am Main Berufsbezeichnung:\u00a0Rechtsanwalt (verliehen in der Bundesrepublik Deutschland) Berufsrechtliche Regelungen:\u00a0\u00a0&#8211; Bundesrechtsanwaltsordnung (BRAO)\u00a0 &#8211; Berufsordnung f\u00fcr Rechtsanw\u00e4lte (BORA)\u00a0 &#8211; Rechtsanwaltsverg\u00fctungsgesetz (RVG)\u00a0 &#8211; Berufsregelungen der Rechtsanw\u00e4lte der Europ\u00e4ischen [&hellip;]","og_url":"https:\/\/anwalt-ovchinski.de\/ru\/impressum\/","og_site_name":"Rechtsanwaltskanzlei Julia Ovchinski","article_modified_time":"2020-11-20T13:27:35+00:00","twitter_card":"summary_large_image","twitter_misc":{"\u041f\u0440\u0438\u043c\u0435\u0440\u043d\u043e\u0435 \u0432\u0440\u0435\u043c\u044f \u0434\u043b\u044f \u0447\u0442\u0435\u043d\u0438\u044f":"1 \u043c\u0438\u043d\u0443\u0442\u0430"},"schema":{"@context":"https:\/\/schema.org","@graph":[{"@type":"WebPage","@id":"https:\/\/anwalt-ovchinski.de\/ru\/impressum\/","url":"https:\/\/anwalt-ovchinski.de\/ru\/impressum\/","name":"Impressum - Rechtsanwaltskanzlei Julia Ovchinski","isPartOf":{"@id":"https:\/\/anwalt-ovchinski.de\/#website"},"datePublished":"2020-11-20T13:25:47+00:00","dateModified":"2020-11-20T13:27:35+00:00","breadcrumb":{"@id":"https:\/\/anwalt-ovchinski.de\/ru\/impressum\/#breadcrumb"},"inLanguage":"ru-RU","potentialAction":[{"@type":"ReadAction","target":["https:\/\/anwalt-ovchinski.de\/ru\/impressum\/"]}]},{"@type":"BreadcrumbList","@id":"https:\/\/anwalt-ovchinski.de\/ru\/impressum\/#breadcrumb","itemListElement":[{"@type":"ListItem","position":1,"name":"Startseite","item":"https:\/\/anwalt-ovchinski.de\/"},{"@type":"ListItem","position":2,"name":"Impressum"}]},{"@type":"WebSite","@id":"https:\/\/anwalt-ovchinski.de\/#website","url":"https:\/\/anwalt-ovchinski.de\/","name":"Rechtsanwaltskanzlei Julia Ovchinski","description":"Rechtsanwaltskanzlei Julia Ovchinski","publisher":{"@id":"https:\/\/anwalt-ovchinski.de\/#organization"},"potentialAction":[{"@type":"SearchAction","target":{"@type":"EntryPoint","urlTemplate":"https:\/\/anwalt-ovchinski.de\/?s={search_term_string}"},"query-input":{"@type":"PropertyValueSpecification","valueRequired":true,"valueName":"search_term_string"}}],"inLanguage":"ru-RU"},{"@type":"Organization","@id":"https:\/\/anwalt-ovchinski.de\/#organization","name":"Rechtsanwaltskanzlei Julia Ovchinski","url":"https:\/\/anwalt-ovchinski.de\/","logo":{"@type":"ImageObject","inLanguage":"ru-RU","@id":"https:\/\/anwalt-ovchinski.de\/#\/schema\/logo\/image\/","url":"https:\/\/anwalt-ovchinski.de\/wp-content\/uploads\/2020\/11\/logo.png","contentUrl":"https:\/\/anwalt-ovchinski.de\/wp-content\/uploads\/2020\/11\/logo.png","width":300,"height":98,"caption":"Rechtsanwaltskanzlei Julia Ovchinski"},"image":{"@id":"https:\/\/anwalt-ovchinski.de\/#\/schema\/logo\/image\/"}}]}},"_links":{"self":[{"href":"https:\/\/anwalt-ovchinski.de\/ru\/wp-json\/wp\/v2\/pages\/526","targetHints":{"allow":["GET"]}}],"collection":[{"href":"https:\/\/anwalt-ovchinski.de\/ru\/wp-json\/wp\/v2\/pages"}],"about":[{"href":"https:\/\/anwalt-ovchinski.de\/ru\/wp-json\/wp\/v2\/types\/page"}],"author":[{"embeddable":true,"href":"https:\/\/anwalt-ovchinski.de\/ru\/wp-json\/wp\/v2\/users\/1"}],"replies":[{"embeddable":true,"href":"https:\/\/anwalt-ovchinski.de\/ru\/wp-json\/wp\/v2\/comments?post=526"}],"version-history":[{"count":10,"href":"https:\/\/anwalt-ovchinski.de\/ru\/wp-json\/wp\/v2\/pages\/526\/revisions"}],"predecessor-version":[{"id":536,"href":"https:\/\/anwalt-ovchinski.de\/ru\/wp-json\/wp\/v2\/pages\/526\/revisions\/536"}],"wp:attachment":[{"href":"https:\/\/anwalt-ovchinski.de\/ru\/wp-json\/wp\/v2\/media?parent=526"}],"curies":[{"name":"wp","href":"https:\/\/api.w.org\/{rel}","templated":true}]}}