{"id":431,"date":"2020-11-20T12:39:11","date_gmt":"2020-11-20T12:39:11","guid":{"rendered":"https:\/\/anwalt-ovchinski.de\/?page_id=431"},"modified":"2021-02-16T09:54:39","modified_gmt":"2021-02-16T09:54:39","slug":"juristische-leistungen-in-deutschland","status":"publish","type":"page","link":"https:\/\/anwalt-ovchinski.de\/ru\/juristische-leistungen-in-deutschland\/","title":{"rendered":"\u042e\u0440\u0438\u0434\u0438\u0447\u0435\u0441\u043a\u0438\u0435 \u0443\u0441\u043b\u0443\u0433\u0438 \u0432 \u0413\u0435\u0440\u043c\u0430\u043d\u0438\u0438"},"content":{"rendered":"<div data-elementor-type=\"wp-page\" data-elementor-id=\"431\" class=\"elementor elementor-431\">\n\t\t\t\t\t\t<section class=\"elementor-section elementor-top-section elementor-element elementor-element-ada00dc elementor-section-boxed elementor-section-height-default elementor-section-height-default\" data-id=\"ada00dc\" data-element_type=\"section\" data-e-type=\"section\" data-settings=\"{&quot;background_background&quot;:&quot;classic&quot;}\">\n\t\t\t\t\t\t\t<div class=\"elementor-background-overlay\"><\/div>\n\t\t\t\t\t\t\t<div class=\"elementor-container elementor-column-gap-wide\">\n\t\t\t\t\t<div class=\"elementor-column elementor-col-100 elementor-top-column elementor-element elementor-element-7b2422d\" data-id=\"7b2422d\" data-element_type=\"column\" data-e-type=\"column\">\n\t\t\t<div class=\"elementor-widget-wrap elementor-element-populated\">\n\t\t\t\t\t\t<div class=\"elementor-element elementor-element-9b265d9 elementor-widget elementor-widget-heading\" data-id=\"9b265d9\" data-element_type=\"widget\" data-e-type=\"widget\" data-widget_type=\"heading.default\">\n\t\t\t\t<div class=\"elementor-widget-container\">\n\t\t\t\t\t<h1 class=\"elementor-heading-title elementor-size-default\">\u042e\u0440\u0438\u0434\u0438\u0447\u0435\u0441\u043a\u0438\u0435 \u0443\u0441\u043b\u0443\u0433\u0438 \u0432 \u0413\u0435\u0440\u043c\u0430\u043d\u0438\u0438<\/h1>\t\t\t\t<\/div>\n\t\t\t\t<\/div>\n\t\t\t\t\t<\/div>\n\t\t<\/div>\n\t\t\t\t\t<\/div>\n\t\t<\/section>\n\t\t\t\t<section class=\"elementor-section elementor-top-section elementor-element elementor-element-11a0a10 elementor-section-boxed elementor-section-height-default elementor-section-height-default\" data-id=\"11a0a10\" data-element_type=\"section\" data-e-type=\"section\">\n\t\t\t\t\t\t<div class=\"elementor-container elementor-column-gap-wide\">\n\t\t\t\t\t<div class=\"elementor-column elementor-col-100 elementor-top-column elementor-element elementor-element-b2ce451\" data-id=\"b2ce451\" data-element_type=\"column\" data-e-type=\"column\">\n\t\t\t<div class=\"elementor-widget-wrap elementor-element-populated\">\n\t\t\t\t\t\t<div class=\"elementor-element elementor-element-02f9274 elementor-widget elementor-widget-text-editor\" data-id=\"02f9274\" data-element_type=\"widget\" data-e-type=\"widget\" data-widget_type=\"text-editor.default\">\n\t\t\t\t<div class=\"elementor-widget-container\">\n\t\t\t\t\t\t\t\t\t<p>\u041c\u044b \u0437\u0430\u0449\u0438\u0449\u0430\u0435\u043c \u0438\u043d\u0442\u0435\u0440\u0435\u0441\u044b \u043d\u0430\u0448\u0438\u0445 \u043a\u043b\u0438\u0435\u043d\u0442\u043e\u0432, \u043a\u0430\u043a \u0432 \u0434\u043e\u0441\u0443\u0434\u0435\u0431\u043d\u043e\u043c, \u0442\u0430\u043a \u0438 \u0432 \u0441\u0443\u0434\u0435\u0431\u043d\u043e\u043c \u043f\u043e\u0440\u044f\u0434\u043a\u0435 \u0432 \u0440\u0430\u0437\u043b\u0438\u0447\u043d\u044b\u0445 \u044e\u0440\u0438\u0434\u0438\u0447\u0435\u0441\u043a\u0438\u0445 \u043e\u0431\u043b\u0430\u0441\u0442\u044f\u0445:<\/p>\t\t\t\t\t\t\t\t<\/div>\n\t\t\t\t<\/div>\n\t\t\t\t<div class=\"elementor-element elementor-element-f8369c9 elementor-widget elementor-widget-text-editor\" data-id=\"f8369c9\" data-element_type=\"widget\" data-e-type=\"widget\" data-widget_type=\"text-editor.default\">\n\t\t\t\t<div class=\"elementor-widget-container\">\n\t\t\t\t\t\t\t\t\t<h2>\u0422\u0440\u0443\u0434\u043e\u0432\u043e\u0435 \u043f\u0440\u0430\u0432\u043e<\/h2><ul class=\"list-red\"><li>\u0437\u0430\u0449\u0438\u0442\u0430 \u043e\u0442 \u0443\u0432\u043e\u043b\u044c\u043d\u0435\u043d\u0438\u044f<\/li><li>\u0432\u0437\u044b\u0441\u043a\u0430\u043d\u0438\u0435 \u0437\u0430\u0440\u0430\u0431\u043e\u0442\u043d\u043e\u0439 \u043f\u043b\u0430\u0442\u044b<\/li><li>\u043a\u043e\u043c\u043f\u0435\u043d\u0441\u0430\u0446\u0438\u044f \u043f\u0440\u0438 \u0443\u0432\u043e\u043b\u044c\u043d\u0435\u043d\u0438\u0438<\/li><\/ul><h2>\u0421\u0435\u043c\u0435\u0439\u043d\u043e\u0435 \u043f\u0440\u0430\u0432\u043e<\/h2><ul class=\"list-red\"><li>\u0440\u0430\u0437\u0432\u043e\u0434, \u0430\u043b\u0438\u043c\u0435\u043d\u0442\u044b<\/li><li>\u0440\u0430\u0437\u0434\u0435\u043b \u0438\u043c\u0443\u0449\u0435\u0441\u0442\u0432\u0430<\/li><li>\u043f\u0440\u0430\u0432\u043e \u043d\u0430 \u0432\u043e\u0441\u043f\u0438\u0442\u0430\u043d\u0438\u0435 \u0434\u0435\u0442\u0435\u0439<\/li><\/ul><h2>\u0423\u0433\u043e\u043b\u043e\u0432\u043d\u043e\u0435 \u043f\u0440\u0430\u0432o<\/h2><ul class=\"list-red\"><li>\u0437\u0430\u0449\u0438\u0442\u0430 \u0432 \u0441\u043b\u0435\u0434\u0441\u0442\u0432\u0435\u043d\u043d\u044b\u0445 \u043e\u0440\u0433\u0430\u043d\u0430\u0445<\/li><li>\u0437\u0430\u0449\u0438\u0442\u0430 \u0432 \u0441\u0443\u0434\u0435<\/li><li>\u043f\u0440\u0435\u0441\u0442\u0443\u043f\u043b\u0435\u043d\u0438\u044f \u043f\u0440\u043e\u0442\u0438\u0432 \u0436\u0438\u0437\u043d\u0438 \u0438 \u0437\u0434\u043e\u0440\u043e\u0432\u044c\u044f<\/li><li>\u043f\u0440\u0435\u0441\u0442\u0443\u043f\u043b\u0435\u043d\u0438\u044f \u043f\u0440\u043e\u0442\u0438\u0432 \u0441\u043e\u0431\u0441\u0442\u0432\u0435\u043d\u043d\u043e\u0441\u0442\u0438 (\u0432\u043e\u0440\u043e\u0432\u0441\u0442\u0432\u043e, \u0433\u0440\u0430\u0431\u0435\u0436\u0438 \u0438 \u0442.\u0434.)<\/li><li>\u043d\u0435\u0437\u0430\u043a\u043e\u043d\u043d\u044b\u0439 \u043e\u0431\u043e\u0440\u043e\u0442 \u043d\u0430\u0440\u043a\u043e\u0442\u0438\u0447\u0435\u0441\u043a\u0438\u0445 \u0441\u0440\u0435\u0434\u0441\u0442\u0432<\/li><li>\u0434\u043e\u0440\u043e\u0436\u043d\u043e-\u0442\u0440\u0430\u043d\u0441\u043f\u043e\u0440\u0442\u043d\u044b\u0435 \u043f\u0440\u043e\u0438\u0441\u0448\u0435\u0441\u0442\u0432\u0438\u044f, \u0432\u043e\u0436\u0434\u0435\u043d\u0438\u0435 \u0410\u0422\u0421 \u0432 \u0430\u043b\u043a\u043e\u0433\u043e\u043b\u044c\u043d\u043e\u043c \u0438\u043b\u0438 \u043d\u0430\u0440\u043a\u043e\u0442\u0438\u0447\u0435\u0441\u043a\u043e\u043c \u0441\u043e\u0441\u0442\u043e\u044f\u043d\u0438\u0438 \u0438 \u0442.\u0434.<\/li><li>\u043f\u0440\u0435\u0441\u0442\u0443\u043f\u043b\u0435\u043d\u0438\u044f \u043d\u0435\u0441\u043e\u0432\u0435\u0440\u0448\u0435\u043d\u043d\u043e\u043b\u0435\u0442\u043d\u0438\u0445<\/li><\/ul><h2>\u041f\u0440\u0430\u0432\u0430 \u0438\u043d\u043e\u0441\u0442\u0440\u0430\u043d\u0446\u0435\u0432<\/h2><ul class=\"list-red\"><li>\u043f\u043e\u043b\u0443\u0447\u0435\u043d\u0438\u0435 \u043f\u043e\u0441\u0442\u043e\u044f\u043d\u043d\u043e\u0433\u043e \u0438 \u0432\u0440\u0435\u043c\u0435\u043d\u043d\u043e\u0433\u043e \u0432\u0438\u0434\u0430 \u043d\u0430 \u0436\u0438\u0442\u0435\u043b\u044c\u0441\u0442\u0432\u043e \u0432 \u0413\u0435\u0440\u043c\u0430\u043d\u0438\u0438<\/li><li>\u0432\u043e\u0441\u0441\u043e\u0435\u0434\u0438\u043d\u0435\u043d\u0438\u0435 \u0441\u0435\u043c\u0435\u0439<\/li><li>\u0431\u0438\u0437\u043d\u0435\u0441 \u0438\u043c\u043c\u0438\u0433\u0440\u0430\u0446\u0438\u044f \/ \u0432\u0438\u0434 \u043d\u0430 \u0436\u0438\u0442\u0435\u043b\u044c\u0441\u0442\u0432\u043e \u0434\u043b\u044f \u043f\u0440\u0435\u0434\u043f\u0440\u0438\u043d\u0438\u043c\u0430\u0442\u0435\u043b\u0435\u0439<\/li><li>\u0432\u0438\u0434 \u043d\u0430 \u0436\u0438\u0442\u0435\u043b\u044c\u0441\u0442\u0432\u043e \u0434\u043b\u044f \u0432\u044b\u0441\u043e\u043a\u043e\u043a\u0432\u0430\u043b\u0438\u0444\u0438\u0446\u0438\u0440\u043e\u0432\u0430\u043d\u043d\u044b\u0445 \u0441\u043f\u0435\u0446\u0438\u0430\u043b\u0438\u0441\u0442\u043e\u0432 &#8211; Blue Card<\/li><li>\u0437\u0430\u0449\u0438\u0442\u0430 \u043e\u0442 \u0434\u0435\u043f\u043e\u0440\u0442\u0430\u0446\u0438\u0438<\/li><\/ul><h2>\u041f\u0440\u0430\u0432\u0430 \u043f\u043e\u0437\u0434\u043d\u0438\u0445 \u043f\u0435\u0440\u0435\u0441\u0435\u043b\u0435\u043d\u0446\u0435\u0432<\/h2><ul class=\"list-red\"><li>\u043f\u0440\u0430\u0432\u0430 \u043f\u043e\u0437\u0434\u043d\u0438\u0445 \u043f\u0435\u0440\u0435\u0441\u0435\u043b\u0435\u043d\u0446\u0435\u0432 \u00a7 4 BVFG<\/li><li>\u043f\u0440\u0430\u0432\u0430 \u0441\u0443\u043f\u0440\u0443\u0433\u043e\u0432 \u0438 \u043f\u043e\u0442\u043e\u043c\u043a\u043e\u0432 \u043f\u043e\u0437\u0434\u043d\u0438\u0445 \u043f\u0435\u0440\u0435\u0441\u0435\u043b\u0435\u043d\u0446\u0435\u0432 \u00a7 7 BVFG<\/li><li>\u043d\u043e\u0432\u043e\u0432\u0432\u0435\u0434\u0435\u043d\u0438\u044f \u0434\u043b\u044f \u0441\u0443\u043f\u0440\u0443\u0433\u043e\u0432 \u0438 \u043f\u043e\u0442\u043e\u043c\u043a\u043e\u0432 \u043f\u043e\u0437\u0434\u043d\u0438\u0445 \u043f\u0435\u0440\u0435\u0441\u0435\u043b\u0435\u043d\u0446\u0435\u0432 \u00a7 27 Abs. 3 BVFG<\/li><\/ul><h2>\u0412\u044a\u0435\u0437\u0434 \u0432 \u0413\u0435\u0440\u043c\u0430\u043d\u0438\u044e \u043f\u043e \u0435\u0432\u0440\u0435\u0439\u0441\u043a\u043e\u0439 \u0438\u043c\u043c\u0438\u0433\u0440\u0430\u0446\u0438\u0438<\/h2><ul class=\"list-red\"><li>\u0421\u0435\u043d\u0441\u0430\u0446\u0438\u043e\u043d\u043d\u044b\u0435 \u0438\u0437\u043c\u0435\u043d\u0435\u043d\u0438\u044f \u0432 \u0437\u0430\u043a\u043e\u043d\u043e\u0434\u0430\u0442\u0435\u043b\u044c\u0441\u0442\u0432\u0435 \u0434\u043b\u044f \u0435\u0432\u0440\u0435\u0439\u0441\u043a\u0438\u0445 \u0438\u043c\u043c\u0438\u0433\u0440\u0430\u043d\u0442\u043e\u0432<\/li><\/ul><h2>\u041a\u043e\u0440\u043f\u043e\u0440\u0430\u0442\u0438\u0432\u043d\u043e\u0435 \u043f\u0440\u0430\u0432\u043e<\/h2><ul class=\"list-red\"><li>\u0440\u0435\u0433\u0438\u0441\u0442\u0440\u0430\u0446\u0438\u044f \u0444\u0438\u0440\u043c<\/li><li>\u0440\u0435\u0433\u0438\u0441\u0442\u0440\u0430\u0446\u0438\u044f \u043f\u0440\u0435\u0434\u0441\u0442\u0430\u0432\u0438\u0442\u0435\u043b\u044c\u0441\u0442\u0432<\/li><li>\u0441\u043e\u043f\u0440\u043e\u0432\u043e\u0436\u0434\u0435\u043d\u0438\u0435 \u0431\u0438\u0437\u043d\u0435\u0441\u0430 \u0432 \u0413\u0435\u0440\u043c\u0430\u043d\u0438\u0438<\/li><\/ul><h2>\u0412\u0438\u0434 \u043d\u0430 \u0436\u0438\u0442\u0435\u043b\u044c\u0441\u0442\u0432\u043e \u0432 \u0415\u0432\u0440\u043e\u043f\u0435 \u0434\u043b\u044f \u0444\u0438\u043d\u0430\u043d\u0441\u043e\u0432\u043e-\u043d\u0435\u0437\u0430\u0432\u0438\u0441\u0438\u043c\u044b\u0445 \u043f\u0435\u0440\u0441\u043e\u043d<\/h2><ul class=\"list-red\"><li>\u0412\u0438\u0434 \u043d\u0430 \u0436\u0438\u0442\u0435\u043b\u044c\u0441\u0442\u0432\u043e \u0432 \u0413\u0435\u0440\u043c\u0430\u043d\u0438\u0438<\/li><\/ul><h2>\u041f\u043e\u043b\u0443\u0447\u0435\u043d\u0438\u0435 \u043d\u0435\u043c\u0435\u0446\u043a\u043e\u0433\u043e \u0433\u0440\u0430\u0436\u0434\u0430\u043d\u0441\u0442\u0432\u0430<\/h2><ul class=\"list-red\"><li>\u043f\u043e\u0434\u0430\u0447\u0430 \u0437\u0430\u044f\u0432\u043b\u0435\u043d\u0438\u044f \u043d\u0430 \u043f\u043e\u043b\u0443\u0447\u0435\u043d\u0438\u0435 \u043d\u0435\u043c\u0435\u0446\u043a\u043e\u0433\u043e \u0433\u0440\u0430\u0436\u0434\u0430\u043d\u0441\u0442\u0432\u0430<\/li><li>\u0434\u0432\u043e\u0439\u043d\u043e\u0435 \u0433\u0440\u0430\u0436\u0434\u0430\u043d\u0441\u0442\u0432\u043e \u0434\u043b\u044f \u0434\u0435\u0442\u0435\u0439<\/li><\/ul><h2>\u041f\u0440\u0430\u0432a \u0431\u0435\u0436\u0435\u043d\u0446\u0435\u0432<\/h2><ul class=\"list-red\"><li>\u043f\u043e\u0434\u0430\u0447\u0430 \u0437\u0430\u044f\u0432\u043b\u0435\u043d\u0438\u044f<\/li><li>\u0441\u043e\u043f\u0440\u043e\u0432\u043e\u0436\u0434\u0435\u043d\u0438\u0435 \u043d\u0430 \u0434\u043e\u0441\u0443\u0434\u0435\u0431\u043d\u043e\u0439 \u0438 \u0441\u0443\u0434\u0435\u0431\u043d\u043e\u0439 \u0441\u0442\u0430\u0434\u0438\u0438<\/li><\/ul><h2>\u0413\u0440\u0430\u0436\u0434\u0430\u043d\u0441\u043a\u043e\u0435 \u043f\u0440\u0430\u0432\u043e<\/h2><ul class=\"list-red\"><li>\u0441\u043e\u0441\u0442\u0430\u0432\u043b\u0435\u043d\u0438\u0435 \u0438 \u043f\u0440\u043e\u0432\u0435\u0440\u043a\u0430 \u0434\u043e\u0433\u043e\u0432\u043e\u0440\u043e\u0432<\/li><li>\u0432\u043b\u0430\u0434\u0435\u043d\u0438\u0435 \u0438 \u0443\u043f\u0440\u0430\u0432\u043b\u0435\u043d\u0438\u0435 \u0436\u0438\u043b\u043e\u0439 \u0441\u043e\u0431\u0441\u0442\u0432\u0435\u043d\u043d\u043e\u0441\u0442\u044c\u044e<\/li><\/ul>\t\t\t\t\t\t\t\t<\/div>\n\t\t\t\t<\/div>\n\t\t\t\t<div class=\"elementor-element elementor-element-22b603b elementor-widget elementor-widget-text-editor\" data-id=\"22b603b\" data-element_type=\"widget\" data-e-type=\"widget\" data-widget_type=\"text-editor.default\">\n\t\t\t\t<div class=\"elementor-widget-container\">\n\t\t\t\t\t\t\t\t\t<p><strong>\u041c\u044b \u043f\u0440\u0435\u0434\u043e\u0441\u0442\u0430\u0432\u0438\u043c \u0412\u0430\u043c \u043a\u043e\u043d\u0441\u0443\u043b\u044c\u0442\u0430\u0446\u0438\u044e \u0438 \u044e\u0440\u0438\u0434\u0438\u0447\u0435\u0441\u043a\u0443\u044e \u043f\u043e\u0434\u0434\u0435\u0440\u0436\u043a\u0443 \u0442\u0430\u043a\u0436\u0435 \u0432 \u0434\u0440\u0443\u0433\u0438\u0445 \u043e\u0431\u043b\u0430\u0441\u0442\u044f\u0445 \u043f\u0440\u0430\u0432\u0430. \u041f\u043e\u0437\u0432\u043e\u043d\u0438\u0442\u0435 \u043d\u0430\u043c \u043f\u043e \u0442\u0435\u043b\u0435\u0444\u043e\u043d\u0443 \u0438\u043b\u0438 \u0437\u0430\u0434\u0430\u0439\u0442\u0435 \u0438\u043d\u0442\u0435\u0440\u0435\u0441\u0443\u044e\u0449\u0438\u0439 \u0412\u0430\u0441 \u0432\u043e\u043f\u0440\u043e\u0441 \u043f\u043e \u044d\u043b\u0435\u043a\u0442\u0440\u043e\u043d\u043d\u043e\u0439 \u043f\u043e\u0447\u0442\u0435, \u043c\u044b \u0431\u0443\u0434\u0435\u043c \u0440\u0430\u0434\u044b \u043f\u043e\u043c\u043e\u0447\u044c \u0412\u0430\u043c!<\/strong><\/p>\t\t\t\t\t\t\t\t<\/div>\n\t\t\t\t<\/div>\n\t\t\t\t\t<\/div>\n\t\t<\/div>\n\t\t\t\t\t<\/div>\n\t\t<\/section>\n\t\t\t\t<\/div>","protected":false},"excerpt":{"rendered":"<p>Juristische Leistungen in Deutschland Wir beraten und vertreten unsere Mandanten bundesweit in au\u00dfergerichtlichen und gerichtlichen Verfahren insbesondere auf folgenden Rechtsgebieten: Arbeitsrecht Abfindungsverhandlungen Arbeitsvertr\u00e4ge Arbeitszeugnisse K\u00fcndigungen Lohnforderungen Familienrecht Scheidung Sorge- und Umgangsrecht Unterhaltsrecht Versorgungsausgleich Zugewinn und sonstige Verm\u00f6gensauseinandersetzungen Strafrecht K\u00f6rperverletzungsdelikte Verm\u00f6gensdelikt\u0435 Bet\u00e4ubungsmitteldelikte Stra\u00dfenverkehrsdelikte Berufungen und Revisionen in Strafsachen Ausl\u00e4nderrecht Erteilung und Verl\u00e4ngerung von Aufenthaltstiteln Aufenthaltserlaubnis f\u00fcr [&hellip;]<\/p>\n","protected":false},"author":1,"featured_media":0,"parent":0,"menu_order":0,"comment_status":"closed","ping_status":"closed","template":"","meta":{"footnotes":""},"class_list":["post-431","page","type-page","status-publish","hentry"],"yoast_head":"<!-- This site is optimized with the Yoast SEO plugin v27.5 - https:\/\/yoast.com\/product\/yoast-seo-wordpress\/ -->\n<title>Juristische Leistungen in Deutschland - Rechtsanwaltskanzlei Julia Ovchinski<\/title>\n<meta name=\"robots\" content=\"index, follow, max-snippet:-1, max-image-preview:large, max-video-preview:-1\" \/>\n<link rel=\"canonical\" href=\"https:\/\/anwalt-ovchinski.de\/ru\/juristische-leistungen-in-deutschland\/\" \/>\n<meta property=\"og:locale\" content=\"ru_RU\" \/>\n<meta property=\"og:type\" content=\"article\" \/>\n<meta property=\"og:title\" content=\"Juristische Leistungen in Deutschland - Rechtsanwaltskanzlei Julia Ovchinski\" \/>\n<meta property=\"og:description\" content=\"Juristische Leistungen in Deutschland Wir beraten und vertreten unsere Mandanten bundesweit in au\u00dfergerichtlichen und gerichtlichen Verfahren insbesondere auf folgenden Rechtsgebieten: Arbeitsrecht Abfindungsverhandlungen Arbeitsvertr\u00e4ge Arbeitszeugnisse K\u00fcndigungen Lohnforderungen Familienrecht Scheidung Sorge- und Umgangsrecht Unterhaltsrecht Versorgungsausgleich Zugewinn und sonstige Verm\u00f6gensauseinandersetzungen Strafrecht K\u00f6rperverletzungsdelikte Verm\u00f6gensdelikt\u0435 Bet\u00e4ubungsmitteldelikte Stra\u00dfenverkehrsdelikte Berufungen und Revisionen in Strafsachen Ausl\u00e4nderrecht Erteilung und Verl\u00e4ngerung von Aufenthaltstiteln Aufenthaltserlaubnis f\u00fcr [&hellip;]\" \/>\n<meta property=\"og:url\" content=\"https:\/\/anwalt-ovchinski.de\/ru\/juristische-leistungen-in-deutschland\/\" \/>\n<meta property=\"og:site_name\" content=\"Rechtsanwaltskanzlei Julia Ovchinski\" \/>\n<meta property=\"article:modified_time\" content=\"2021-02-16T09:54:39+00:00\" \/>\n<meta name=\"twitter:card\" content=\"summary_large_image\" \/>\n<meta name=\"twitter:label1\" content=\"\u041f\u0440\u0438\u043c\u0435\u0440\u043d\u043e\u0435 \u0432\u0440\u0435\u043c\u044f \u0434\u043b\u044f \u0447\u0442\u0435\u043d\u0438\u044f\" \/>\n\t<meta name=\"twitter:data1\" content=\"2 \u043c\u0438\u043d\u0443\u0442\u044b\" \/>\n<script type=\"application\/ld+json\" class=\"yoast-schema-graph\">{\"@context\":\"https:\\\/\\\/schema.org\",\"@graph\":[{\"@type\":\"WebPage\",\"@id\":\"https:\\\/\\\/anwalt-ovchinski.de\\\/ru\\\/juristische-leistungen-in-deutschland\\\/\",\"url\":\"https:\\\/\\\/anwalt-ovchinski.de\\\/ru\\\/juristische-leistungen-in-deutschland\\\/\",\"name\":\"Juristische Leistungen in Deutschland - Rechtsanwaltskanzlei Julia Ovchinski\",\"isPartOf\":{\"@id\":\"https:\\\/\\\/anwalt-ovchinski.de\\\/#website\"},\"datePublished\":\"2020-11-20T12:39:11+00:00\",\"dateModified\":\"2021-02-16T09:54:39+00:00\",\"breadcrumb\":{\"@id\":\"https:\\\/\\\/anwalt-ovchinski.de\\\/ru\\\/juristische-leistungen-in-deutschland\\\/#breadcrumb\"},\"inLanguage\":\"ru-RU\",\"potentialAction\":[{\"@type\":\"ReadAction\",\"target\":[\"https:\\\/\\\/anwalt-ovchinski.de\\\/ru\\\/juristische-leistungen-in-deutschland\\\/\"]}]},{\"@type\":\"BreadcrumbList\",\"@id\":\"https:\\\/\\\/anwalt-ovchinski.de\\\/ru\\\/juristische-leistungen-in-deutschland\\\/#breadcrumb\",\"itemListElement\":[{\"@type\":\"ListItem\",\"position\":1,\"name\":\"Startseite\",\"item\":\"https:\\\/\\\/anwalt-ovchinski.de\\\/\"},{\"@type\":\"ListItem\",\"position\":2,\"name\":\"Juristische Leistungen in Deutschland\"}]},{\"@type\":\"WebSite\",\"@id\":\"https:\\\/\\\/anwalt-ovchinski.de\\\/#website\",\"url\":\"https:\\\/\\\/anwalt-ovchinski.de\\\/\",\"name\":\"Rechtsanwaltskanzlei Julia Ovchinski\",\"description\":\"Rechtsanwaltskanzlei Julia Ovchinski\",\"publisher\":{\"@id\":\"https:\\\/\\\/anwalt-ovchinski.de\\\/#organization\"},\"potentialAction\":[{\"@type\":\"SearchAction\",\"target\":{\"@type\":\"EntryPoint\",\"urlTemplate\":\"https:\\\/\\\/anwalt-ovchinski.de\\\/?s={search_term_string}\"},\"query-input\":{\"@type\":\"PropertyValueSpecification\",\"valueRequired\":true,\"valueName\":\"search_term_string\"}}],\"inLanguage\":\"ru-RU\"},{\"@type\":\"Organization\",\"@id\":\"https:\\\/\\\/anwalt-ovchinski.de\\\/#organization\",\"name\":\"Rechtsanwaltskanzlei Julia Ovchinski\",\"url\":\"https:\\\/\\\/anwalt-ovchinski.de\\\/\",\"logo\":{\"@type\":\"ImageObject\",\"inLanguage\":\"ru-RU\",\"@id\":\"https:\\\/\\\/anwalt-ovchinski.de\\\/#\\\/schema\\\/logo\\\/image\\\/\",\"url\":\"https:\\\/\\\/anwalt-ovchinski.de\\\/wp-content\\\/uploads\\\/2020\\\/11\\\/logo.png\",\"contentUrl\":\"https:\\\/\\\/anwalt-ovchinski.de\\\/wp-content\\\/uploads\\\/2020\\\/11\\\/logo.png\",\"width\":300,\"height\":98,\"caption\":\"Rechtsanwaltskanzlei Julia Ovchinski\"},\"image\":{\"@id\":\"https:\\\/\\\/anwalt-ovchinski.de\\\/#\\\/schema\\\/logo\\\/image\\\/\"}}]}<\/script>\n<!-- \/ Yoast SEO plugin. -->","yoast_head_json":{"title":"Juristische Leistungen in Deutschland - Rechtsanwaltskanzlei Julia Ovchinski","robots":{"index":"index","follow":"follow","max-snippet":"max-snippet:-1","max-image-preview":"max-image-preview:large","max-video-preview":"max-video-preview:-1"},"canonical":"https:\/\/anwalt-ovchinski.de\/ru\/juristische-leistungen-in-deutschland\/","og_locale":"ru_RU","og_type":"article","og_title":"Juristische Leistungen in Deutschland - Rechtsanwaltskanzlei Julia Ovchinski","og_description":"Juristische Leistungen in Deutschland Wir beraten und vertreten unsere Mandanten bundesweit in au\u00dfergerichtlichen und gerichtlichen Verfahren insbesondere auf folgenden Rechtsgebieten: Arbeitsrecht Abfindungsverhandlungen Arbeitsvertr\u00e4ge Arbeitszeugnisse K\u00fcndigungen Lohnforderungen Familienrecht Scheidung Sorge- und Umgangsrecht Unterhaltsrecht Versorgungsausgleich Zugewinn und sonstige Verm\u00f6gensauseinandersetzungen Strafrecht K\u00f6rperverletzungsdelikte Verm\u00f6gensdelikt\u0435 Bet\u00e4ubungsmitteldelikte Stra\u00dfenverkehrsdelikte Berufungen und Revisionen in Strafsachen Ausl\u00e4nderrecht Erteilung und Verl\u00e4ngerung von Aufenthaltstiteln Aufenthaltserlaubnis f\u00fcr [&hellip;]","og_url":"https:\/\/anwalt-ovchinski.de\/ru\/juristische-leistungen-in-deutschland\/","og_site_name":"Rechtsanwaltskanzlei Julia Ovchinski","article_modified_time":"2021-02-16T09:54:39+00:00","twitter_card":"summary_large_image","twitter_misc":{"\u041f\u0440\u0438\u043c\u0435\u0440\u043d\u043e\u0435 \u0432\u0440\u0435\u043c\u044f \u0434\u043b\u044f \u0447\u0442\u0435\u043d\u0438\u044f":"2 \u043c\u0438\u043d\u0443\u0442\u044b"},"schema":{"@context":"https:\/\/schema.org","@graph":[{"@type":"WebPage","@id":"https:\/\/anwalt-ovchinski.de\/ru\/juristische-leistungen-in-deutschland\/","url":"https:\/\/anwalt-ovchinski.de\/ru\/juristische-leistungen-in-deutschland\/","name":"Juristische Leistungen in Deutschland - Rechtsanwaltskanzlei Julia Ovchinski","isPartOf":{"@id":"https:\/\/anwalt-ovchinski.de\/#website"},"datePublished":"2020-11-20T12:39:11+00:00","dateModified":"2021-02-16T09:54:39+00:00","breadcrumb":{"@id":"https:\/\/anwalt-ovchinski.de\/ru\/juristische-leistungen-in-deutschland\/#breadcrumb"},"inLanguage":"ru-RU","potentialAction":[{"@type":"ReadAction","target":["https:\/\/anwalt-ovchinski.de\/ru\/juristische-leistungen-in-deutschland\/"]}]},{"@type":"BreadcrumbList","@id":"https:\/\/anwalt-ovchinski.de\/ru\/juristische-leistungen-in-deutschland\/#breadcrumb","itemListElement":[{"@type":"ListItem","position":1,"name":"Startseite","item":"https:\/\/anwalt-ovchinski.de\/"},{"@type":"ListItem","position":2,"name":"Juristische Leistungen in Deutschland"}]},{"@type":"WebSite","@id":"https:\/\/anwalt-ovchinski.de\/#website","url":"https:\/\/anwalt-ovchinski.de\/","name":"Rechtsanwaltskanzlei Julia Ovchinski","description":"Rechtsanwaltskanzlei Julia Ovchinski","publisher":{"@id":"https:\/\/anwalt-ovchinski.de\/#organization"},"potentialAction":[{"@type":"SearchAction","target":{"@type":"EntryPoint","urlTemplate":"https:\/\/anwalt-ovchinski.de\/?s={search_term_string}"},"query-input":{"@type":"PropertyValueSpecification","valueRequired":true,"valueName":"search_term_string"}}],"inLanguage":"ru-RU"},{"@type":"Organization","@id":"https:\/\/anwalt-ovchinski.de\/#organization","name":"Rechtsanwaltskanzlei Julia Ovchinski","url":"https:\/\/anwalt-ovchinski.de\/","logo":{"@type":"ImageObject","inLanguage":"ru-RU","@id":"https:\/\/anwalt-ovchinski.de\/#\/schema\/logo\/image\/","url":"https:\/\/anwalt-ovchinski.de\/wp-content\/uploads\/2020\/11\/logo.png","contentUrl":"https:\/\/anwalt-ovchinski.de\/wp-content\/uploads\/2020\/11\/logo.png","width":300,"height":98,"caption":"Rechtsanwaltskanzlei Julia Ovchinski"},"image":{"@id":"https:\/\/anwalt-ovchinski.de\/#\/schema\/logo\/image\/"}}]}},"_links":{"self":[{"href":"https:\/\/anwalt-ovchinski.de\/ru\/wp-json\/wp\/v2\/pages\/431","targetHints":{"allow":["GET"]}}],"collection":[{"href":"https:\/\/anwalt-ovchinski.de\/ru\/wp-json\/wp\/v2\/pages"}],"about":[{"href":"https:\/\/anwalt-ovchinski.de\/ru\/wp-json\/wp\/v2\/types\/page"}],"author":[{"embeddable":true,"href":"https:\/\/anwalt-ovchinski.de\/ru\/wp-json\/wp\/v2\/users\/1"}],"replies":[{"embeddable":true,"href":"https:\/\/anwalt-ovchinski.de\/ru\/wp-json\/wp\/v2\/comments?post=431"}],"version-history":[{"count":96,"href":"https:\/\/anwalt-ovchinski.de\/ru\/wp-json\/wp\/v2\/pages\/431\/revisions"}],"predecessor-version":[{"id":2494,"href":"https:\/\/anwalt-ovchinski.de\/ru\/wp-json\/wp\/v2\/pages\/431\/revisions\/2494"}],"wp:attachment":[{"href":"https:\/\/anwalt-ovchinski.de\/ru\/wp-json\/wp\/v2\/media?parent=431"}],"curies":[{"name":"wp","href":"https:\/\/api.w.org\/{rel}","templated":true}]}}