{"id":332,"date":"2020-11-18T19:44:31","date_gmt":"2020-11-18T19:44:31","guid":{"rendered":"https:\/\/anwalt-ovchinski.de\/?page_id=332"},"modified":"2021-01-19T16:05:58","modified_gmt":"2021-01-19T16:05:58","slug":"publikationen","status":"publish","type":"page","link":"https:\/\/anwalt-ovchinski.de\/ru\/publikationen\/","title":{"rendered":"\u041f\u0443\u0431\u043b\u0438\u043a\u0430\u0446\u0438\u0438"},"content":{"rendered":"<div data-elementor-type=\"wp-page\" data-elementor-id=\"332\" class=\"elementor elementor-332\">\n\t\t\t\t\t\t<section class=\"elementor-section elementor-top-section elementor-element elementor-element-ada00dc elementor-section-boxed elementor-section-height-default elementor-section-height-default\" data-id=\"ada00dc\" data-element_type=\"section\" data-e-type=\"section\" data-settings=\"{&quot;background_background&quot;:&quot;classic&quot;}\">\n\t\t\t\t\t\t\t<div class=\"elementor-background-overlay\"><\/div>\n\t\t\t\t\t\t\t<div class=\"elementor-container elementor-column-gap-wide\">\n\t\t\t\t\t<div class=\"elementor-column elementor-col-100 elementor-top-column elementor-element elementor-element-7b2422d\" data-id=\"7b2422d\" data-element_type=\"column\" data-e-type=\"column\">\n\t\t\t<div class=\"elementor-widget-wrap elementor-element-populated\">\n\t\t\t\t\t\t<div class=\"elementor-element elementor-element-9b265d9 elementor-widget elementor-widget-heading\" data-id=\"9b265d9\" data-element_type=\"widget\" data-e-type=\"widget\" data-widget_type=\"heading.default\">\n\t\t\t\t<div class=\"elementor-widget-container\">\n\t\t\t\t\t<h1 class=\"elementor-heading-title elementor-size-default\">\u041f\u0443\u0431\u043b\u0438\u043a\u0430\u0446\u0438\u0438<\/h1>\t\t\t\t<\/div>\n\t\t\t\t<\/div>\n\t\t\t\t\t<\/div>\n\t\t<\/div>\n\t\t\t\t\t<\/div>\n\t\t<\/section>\n\t\t\t\t<section class=\"elementor-section elementor-top-section elementor-element elementor-element-ee04ffb elementor-section-boxed elementor-section-height-default elementor-section-height-default\" data-id=\"ee04ffb\" data-element_type=\"section\" data-e-type=\"section\" data-settings=\"{&quot;background_background&quot;:&quot;classic&quot;}\">\n\t\t\t\t\t\t\t<div class=\"elementor-background-overlay\"><\/div>\n\t\t\t\t\t\t\t<div class=\"elementor-container elementor-column-gap-wide\">\n\t\t\t\t\t<div class=\"elementor-column elementor-col-100 elementor-top-column elementor-element elementor-element-a11af46\" data-id=\"a11af46\" data-element_type=\"column\" data-e-type=\"column\">\n\t\t\t<div class=\"elementor-widget-wrap elementor-element-populated\">\n\t\t\t\t\t\t<div class=\"elementor-element elementor-element-f00b7af elementor-widget elementor-widget-text-editor\" data-id=\"f00b7af\" data-element_type=\"widget\" data-e-type=\"widget\" data-widget_type=\"text-editor.default\">\n\t\t\t\t<div class=\"elementor-widget-container\">\n\t\t\t\t\t<style>.elementor-element-f00b7af{display:none !important}<\/style>\t\t\t\t<\/div>\n\t\t\t\t<\/div>\n\t\t\t\t<div class=\"elementor-element elementor-element-09a6207 elementor-widget elementor-widget-text-editor\" data-id=\"09a6207\" data-element_type=\"widget\" data-e-type=\"widget\" data-widget_type=\"text-editor.default\">\n\t\t\t\t<div class=\"elementor-widget-container\">\n\t\t\t\t\t\t\t\t\t<p>\u0426\u0435\u043b\u044c\u044e \u043f\u0443\u0431\u043b\u0438\u043a\u0430\u0446\u0438\u0439 \u043d\u0430\u0448\u0435\u0439 \u043a\u0430\u043d\u0446\u0435\u043b\u044f\u0440\u0438\u0438 \u044f\u0432\u043b\u044f\u0435\u0442\u0441\u044f \u043f\u0440\u0435\u0434\u0430\u043d\u0438\u0435 \u0433\u043b\u0430\u0441\u043d\u043e\u0441\u0442\u0438 \u044e\u0440\u0438\u0434\u0438\u0447\u0435\u0441\u043a\u043e\u0439 \u0438\u043d\u0444\u043e\u0440\u043c\u0430\u0446\u0438\u0438. \u041a\u0430\u043a \u043f\u043e\u043a\u0430\u0437\u044b\u0432\u0430\u0435\u0442 \u043f\u0440\u0430\u043a\u0442\u0438\u043a\u0430, \u0431\u0443\u043a\u0432\u0430 \u0437\u0430\u043a\u043e\u043d\u0430 \u043d\u0435 \u0432\u0441\u0435\u0433\u0434\u0430 \u043f\u043e\u043d\u044f\u0442\u043d\u0430 \u0438 \u044f\u0441\u043d\u0430, \u043f\u043e\u044d\u0442\u043e\u043c\u0443, \u043d\u0430 \u043f\u0440\u0438\u043c\u0435\u0440\u0435 \u0434\u0435\u043b \u043d\u0430\u0448\u0435\u0439 \u043a\u0430\u043d\u0446\u0435\u043b\u044f\u0440\u0438\u0438, \u043c\u044b \u0440\u0430\u0437\u044a\u044f\u0441\u043d\u044f\u0435\u043c \u0447\u0438\u0442\u0430\u0442\u0435\u043b\u044f\u043c \u0442\u0435 \u0441\u043b\u0443\u0447\u0430\u0438, \u0441 \u043a\u043e\u0442\u043e\u0440\u044b\u043c\u0438 \u043f\u0440\u0438\u0445\u043e\u0434\u0438\u0442\u044c\u0441\u044f \u0441\u0442\u0430\u043b\u043a\u0438\u0432\u0430\u0442\u044c\u0441\u044f \u043d\u0430 \u043f\u0440\u0430\u043a\u0442\u0438\u043a\u0435.<br \/>\u0412 \u0441\u0442\u0430\u0442\u044c\u044f\u0445 \u043d\u0430\u0448\u0430 \u043a\u0430\u043d\u0446\u0435\u043b\u044f\u0440\u0438\u044f \u043d\u0435\u0437\u0430\u043c\u0435\u0434\u043b\u0438\u0442\u0435\u043b\u044c\u043d\u043e \u0438\u043d\u0444\u043e\u0440\u043c\u0438\u0440\u0443\u0435\u0442 \u0447\u0438\u0442\u0430\u0442\u0435\u043b\u0435\u0439 \u043e \u043f\u0440\u0430\u0432\u043e\u0432\u044b\u0445 \u043d\u043e\u0432\u043e\u0432\u0432\u0435\u0434\u0435\u043d\u0438\u044f\u0445 \u0432 \u043d\u0435\u043c\u0435\u0446\u043a\u043e\u043c \u0437\u0430\u043a\u043e\u043d\u043e\u0434\u0430\u0442\u0435\u043b\u044c\u0441\u0442\u0432\u0435.<\/p>\t\t\t\t\t\t\t\t<\/div>\n\t\t\t\t<\/div>\n\t\t\t\t\t<\/div>\n\t\t<\/div>\n\t\t\t\t\t<\/div>\n\t\t<\/section>\n\t\t\t\t<\/div>","protected":false},"excerpt":{"rendered":"<p>Publikationen Das Ziel unserer Publikationen ist es, die Leser \u00fcber die \u00c4nderungen in der deutschen Gesetzgebung zu informieren. Weiterhin m\u00f6chten wir anhand von einzelnen F\u00e4llen aus der Praxis unserer Kanzlei die oft schwierige gesetzliche Sachverhalte und Formulierungen dem Leser verst\u00e4ndlich machen. \u0426\u0435\u043b\u044c\u044e \u043f\u0443\u0431\u043b\u0438\u043a\u0430\u0446\u0438\u0439 \u043d\u0430\u0448\u0435\u0439 \u043a\u0430\u043d\u0446\u0435\u043b\u044f\u0440\u0438\u0438 \u044f\u0432\u043b\u044f\u0435\u0442\u0441\u044f \u043f\u0440\u0435\u0434\u0430\u043d\u0438\u0435 \u0433\u043b\u0430\u0441\u043d\u043e\u0441\u0442\u0438 \u044e\u0440\u0438\u0434\u0438\u0447\u0435\u0441\u043a\u043e\u0439 \u0438\u043d\u0444\u043e\u0440\u043c\u0430\u0446\u0438\u0438. \u041a\u0430\u043a \u043f\u043e\u043a\u0430\u0437\u044b\u0432\u0430\u0435\u0442 \u043f\u0440\u0430\u043a\u0442\u0438\u043a\u0430, \u0431\u0443\u043a\u0432\u0430 \u0437\u0430\u043a\u043e\u043d\u0430 [&hellip;]<\/p>\n","protected":false},"author":1,"featured_media":0,"parent":0,"menu_order":0,"comment_status":"closed","ping_status":"closed","template":"","meta":{"footnotes":""},"class_list":["post-332","page","type-page","status-publish","hentry"],"yoast_head":"<!-- This site is optimized with the Yoast SEO plugin v27.4 - https:\/\/yoast.com\/product\/yoast-seo-wordpress\/ -->\n<title>Publikationen - Rechtsanwaltskanzlei Julia Ovchinski<\/title>\n<meta name=\"robots\" content=\"index, follow, max-snippet:-1, max-image-preview:large, max-video-preview:-1\" \/>\n<link rel=\"canonical\" href=\"https:\/\/anwalt-ovchinski.de\/ru\/publikationen\/\" \/>\n<meta property=\"og:locale\" content=\"ru_RU\" \/>\n<meta property=\"og:type\" content=\"article\" \/>\n<meta property=\"og:title\" content=\"Publikationen - Rechtsanwaltskanzlei Julia Ovchinski\" \/>\n<meta property=\"og:description\" content=\"Publikationen Das Ziel unserer Publikationen ist es, die Leser \u00fcber die \u00c4nderungen in der deutschen Gesetzgebung zu informieren. Weiterhin m\u00f6chten wir anhand von einzelnen F\u00e4llen aus der Praxis unserer Kanzlei die oft schwierige gesetzliche Sachverhalte und Formulierungen dem Leser verst\u00e4ndlich machen. \u0426\u0435\u043b\u044c\u044e \u043f\u0443\u0431\u043b\u0438\u043a\u0430\u0446\u0438\u0439 \u043d\u0430\u0448\u0435\u0439 \u043a\u0430\u043d\u0446\u0435\u043b\u044f\u0440\u0438\u0438 \u044f\u0432\u043b\u044f\u0435\u0442\u0441\u044f \u043f\u0440\u0435\u0434\u0430\u043d\u0438\u0435 \u0433\u043b\u0430\u0441\u043d\u043e\u0441\u0442\u0438 \u044e\u0440\u0438\u0434\u0438\u0447\u0435\u0441\u043a\u043e\u0439 \u0438\u043d\u0444\u043e\u0440\u043c\u0430\u0446\u0438\u0438. \u041a\u0430\u043a \u043f\u043e\u043a\u0430\u0437\u044b\u0432\u0430\u0435\u0442 \u043f\u0440\u0430\u043a\u0442\u0438\u043a\u0430, \u0431\u0443\u043a\u0432\u0430 \u0437\u0430\u043a\u043e\u043d\u0430 [&hellip;]\" \/>\n<meta property=\"og:url\" content=\"https:\/\/anwalt-ovchinski.de\/ru\/publikationen\/\" \/>\n<meta property=\"og:site_name\" content=\"Rechtsanwaltskanzlei Julia Ovchinski\" \/>\n<meta property=\"article:modified_time\" content=\"2021-01-19T16:05:58+00:00\" \/>\n<meta name=\"twitter:card\" content=\"summary_large_image\" \/>\n<meta name=\"twitter:label1\" content=\"\u041f\u0440\u0438\u043c\u0435\u0440\u043d\u043e\u0435 \u0432\u0440\u0435\u043c\u044f \u0434\u043b\u044f \u0447\u0442\u0435\u043d\u0438\u044f\" \/>\n\t<meta name=\"twitter:data1\" content=\"1 \u043c\u0438\u043d\u0443\u0442\u0430\" \/>\n<script type=\"application\/ld+json\" class=\"yoast-schema-graph\">{\"@context\":\"https:\\\/\\\/schema.org\",\"@graph\":[{\"@type\":\"WebPage\",\"@id\":\"https:\\\/\\\/anwalt-ovchinski.de\\\/ru\\\/publikationen\\\/\",\"url\":\"https:\\\/\\\/anwalt-ovchinski.de\\\/ru\\\/publikationen\\\/\",\"name\":\"Publikationen - Rechtsanwaltskanzlei Julia Ovchinski\",\"isPartOf\":{\"@id\":\"https:\\\/\\\/anwalt-ovchinski.de\\\/#website\"},\"datePublished\":\"2020-11-18T19:44:31+00:00\",\"dateModified\":\"2021-01-19T16:05:58+00:00\",\"breadcrumb\":{\"@id\":\"https:\\\/\\\/anwalt-ovchinski.de\\\/ru\\\/publikationen\\\/#breadcrumb\"},\"inLanguage\":\"ru-RU\",\"potentialAction\":[{\"@type\":\"ReadAction\",\"target\":[\"https:\\\/\\\/anwalt-ovchinski.de\\\/ru\\\/publikationen\\\/\"]}]},{\"@type\":\"BreadcrumbList\",\"@id\":\"https:\\\/\\\/anwalt-ovchinski.de\\\/ru\\\/publikationen\\\/#breadcrumb\",\"itemListElement\":[{\"@type\":\"ListItem\",\"position\":1,\"name\":\"Startseite\",\"item\":\"https:\\\/\\\/anwalt-ovchinski.de\\\/\"},{\"@type\":\"ListItem\",\"position\":2,\"name\":\"Publikationen\"}]},{\"@type\":\"WebSite\",\"@id\":\"https:\\\/\\\/anwalt-ovchinski.de\\\/#website\",\"url\":\"https:\\\/\\\/anwalt-ovchinski.de\\\/\",\"name\":\"Rechtsanwaltskanzlei Julia Ovchinski\",\"description\":\"Rechtsanwaltskanzlei Julia Ovchinski\",\"publisher\":{\"@id\":\"https:\\\/\\\/anwalt-ovchinski.de\\\/#organization\"},\"potentialAction\":[{\"@type\":\"SearchAction\",\"target\":{\"@type\":\"EntryPoint\",\"urlTemplate\":\"https:\\\/\\\/anwalt-ovchinski.de\\\/?s={search_term_string}\"},\"query-input\":{\"@type\":\"PropertyValueSpecification\",\"valueRequired\":true,\"valueName\":\"search_term_string\"}}],\"inLanguage\":\"ru-RU\"},{\"@type\":\"Organization\",\"@id\":\"https:\\\/\\\/anwalt-ovchinski.de\\\/#organization\",\"name\":\"Rechtsanwaltskanzlei Julia Ovchinski\",\"url\":\"https:\\\/\\\/anwalt-ovchinski.de\\\/\",\"logo\":{\"@type\":\"ImageObject\",\"inLanguage\":\"ru-RU\",\"@id\":\"https:\\\/\\\/anwalt-ovchinski.de\\\/#\\\/schema\\\/logo\\\/image\\\/\",\"url\":\"https:\\\/\\\/anwalt-ovchinski.de\\\/wp-content\\\/uploads\\\/2020\\\/11\\\/logo.png\",\"contentUrl\":\"https:\\\/\\\/anwalt-ovchinski.de\\\/wp-content\\\/uploads\\\/2020\\\/11\\\/logo.png\",\"width\":300,\"height\":98,\"caption\":\"Rechtsanwaltskanzlei Julia Ovchinski\"},\"image\":{\"@id\":\"https:\\\/\\\/anwalt-ovchinski.de\\\/#\\\/schema\\\/logo\\\/image\\\/\"}}]}<\/script>\n<!-- \/ Yoast SEO plugin. -->","yoast_head_json":{"title":"Publikationen - Rechtsanwaltskanzlei Julia Ovchinski","robots":{"index":"index","follow":"follow","max-snippet":"max-snippet:-1","max-image-preview":"max-image-preview:large","max-video-preview":"max-video-preview:-1"},"canonical":"https:\/\/anwalt-ovchinski.de\/ru\/publikationen\/","og_locale":"ru_RU","og_type":"article","og_title":"Publikationen - Rechtsanwaltskanzlei Julia Ovchinski","og_description":"Publikationen Das Ziel unserer Publikationen ist es, die Leser \u00fcber die \u00c4nderungen in der deutschen Gesetzgebung zu informieren. Weiterhin m\u00f6chten wir anhand von einzelnen F\u00e4llen aus der Praxis unserer Kanzlei die oft schwierige gesetzliche Sachverhalte und Formulierungen dem Leser verst\u00e4ndlich machen. \u0426\u0435\u043b\u044c\u044e \u043f\u0443\u0431\u043b\u0438\u043a\u0430\u0446\u0438\u0439 \u043d\u0430\u0448\u0435\u0439 \u043a\u0430\u043d\u0446\u0435\u043b\u044f\u0440\u0438\u0438 \u044f\u0432\u043b\u044f\u0435\u0442\u0441\u044f \u043f\u0440\u0435\u0434\u0430\u043d\u0438\u0435 \u0433\u043b\u0430\u0441\u043d\u043e\u0441\u0442\u0438 \u044e\u0440\u0438\u0434\u0438\u0447\u0435\u0441\u043a\u043e\u0439 \u0438\u043d\u0444\u043e\u0440\u043c\u0430\u0446\u0438\u0438. \u041a\u0430\u043a \u043f\u043e\u043a\u0430\u0437\u044b\u0432\u0430\u0435\u0442 \u043f\u0440\u0430\u043a\u0442\u0438\u043a\u0430, \u0431\u0443\u043a\u0432\u0430 \u0437\u0430\u043a\u043e\u043d\u0430 [&hellip;]","og_url":"https:\/\/anwalt-ovchinski.de\/ru\/publikationen\/","og_site_name":"Rechtsanwaltskanzlei Julia Ovchinski","article_modified_time":"2021-01-19T16:05:58+00:00","twitter_card":"summary_large_image","twitter_misc":{"\u041f\u0440\u0438\u043c\u0435\u0440\u043d\u043e\u0435 \u0432\u0440\u0435\u043c\u044f \u0434\u043b\u044f \u0447\u0442\u0435\u043d\u0438\u044f":"1 \u043c\u0438\u043d\u0443\u0442\u0430"},"schema":{"@context":"https:\/\/schema.org","@graph":[{"@type":"WebPage","@id":"https:\/\/anwalt-ovchinski.de\/ru\/publikationen\/","url":"https:\/\/anwalt-ovchinski.de\/ru\/publikationen\/","name":"Publikationen - Rechtsanwaltskanzlei Julia Ovchinski","isPartOf":{"@id":"https:\/\/anwalt-ovchinski.de\/#website"},"datePublished":"2020-11-18T19:44:31+00:00","dateModified":"2021-01-19T16:05:58+00:00","breadcrumb":{"@id":"https:\/\/anwalt-ovchinski.de\/ru\/publikationen\/#breadcrumb"},"inLanguage":"ru-RU","potentialAction":[{"@type":"ReadAction","target":["https:\/\/anwalt-ovchinski.de\/ru\/publikationen\/"]}]},{"@type":"BreadcrumbList","@id":"https:\/\/anwalt-ovchinski.de\/ru\/publikationen\/#breadcrumb","itemListElement":[{"@type":"ListItem","position":1,"name":"Startseite","item":"https:\/\/anwalt-ovchinski.de\/"},{"@type":"ListItem","position":2,"name":"Publikationen"}]},{"@type":"WebSite","@id":"https:\/\/anwalt-ovchinski.de\/#website","url":"https:\/\/anwalt-ovchinski.de\/","name":"Rechtsanwaltskanzlei Julia Ovchinski","description":"Rechtsanwaltskanzlei Julia Ovchinski","publisher":{"@id":"https:\/\/anwalt-ovchinski.de\/#organization"},"potentialAction":[{"@type":"SearchAction","target":{"@type":"EntryPoint","urlTemplate":"https:\/\/anwalt-ovchinski.de\/?s={search_term_string}"},"query-input":{"@type":"PropertyValueSpecification","valueRequired":true,"valueName":"search_term_string"}}],"inLanguage":"ru-RU"},{"@type":"Organization","@id":"https:\/\/anwalt-ovchinski.de\/#organization","name":"Rechtsanwaltskanzlei Julia Ovchinski","url":"https:\/\/anwalt-ovchinski.de\/","logo":{"@type":"ImageObject","inLanguage":"ru-RU","@id":"https:\/\/anwalt-ovchinski.de\/#\/schema\/logo\/image\/","url":"https:\/\/anwalt-ovchinski.de\/wp-content\/uploads\/2020\/11\/logo.png","contentUrl":"https:\/\/anwalt-ovchinski.de\/wp-content\/uploads\/2020\/11\/logo.png","width":300,"height":98,"caption":"Rechtsanwaltskanzlei Julia Ovchinski"},"image":{"@id":"https:\/\/anwalt-ovchinski.de\/#\/schema\/logo\/image\/"}}]}},"_links":{"self":[{"href":"https:\/\/anwalt-ovchinski.de\/ru\/wp-json\/wp\/v2\/pages\/332","targetHints":{"allow":["GET"]}}],"collection":[{"href":"https:\/\/anwalt-ovchinski.de\/ru\/wp-json\/wp\/v2\/pages"}],"about":[{"href":"https:\/\/anwalt-ovchinski.de\/ru\/wp-json\/wp\/v2\/types\/page"}],"author":[{"embeddable":true,"href":"https:\/\/anwalt-ovchinski.de\/ru\/wp-json\/wp\/v2\/users\/1"}],"replies":[{"embeddable":true,"href":"https:\/\/anwalt-ovchinski.de\/ru\/wp-json\/wp\/v2\/comments?post=332"}],"version-history":[{"count":19,"href":"https:\/\/anwalt-ovchinski.de\/ru\/wp-json\/wp\/v2\/pages\/332\/revisions"}],"predecessor-version":[{"id":2161,"href":"https:\/\/anwalt-ovchinski.de\/ru\/wp-json\/wp\/v2\/pages\/332\/revisions\/2161"}],"wp:attachment":[{"href":"https:\/\/anwalt-ovchinski.de\/ru\/wp-json\/wp\/v2\/media?parent=332"}],"curies":[{"name":"wp","href":"https:\/\/api.w.org\/{rel}","templated":true}]}}