{"id":321,"date":"2020-11-18T19:40:20","date_gmt":"2020-11-18T19:40:20","guid":{"rendered":"https:\/\/anwalt-ovchinski.de\/?page_id=321"},"modified":"2021-02-16T10:07:11","modified_gmt":"2021-02-16T10:07:11","slug":"kanzlei","status":"publish","type":"page","link":"https:\/\/anwalt-ovchinski.de\/ru\/kanzlei\/","title":{"rendered":"\u0410\u0434\u0432\u043e\u043a\u0430\u0442\u0441\u043a\u0430\u044f \u043a\u0430\u043d\u0446\u0435\u043b\u044f\u0440\u0438\u044f"},"content":{"rendered":"<div data-elementor-type=\"wp-page\" data-elementor-id=\"321\" class=\"elementor elementor-321\">\n\t\t\t\t\t\t<section class=\"elementor-section elementor-top-section elementor-element elementor-element-ada00dc elementor-section-boxed elementor-section-height-default elementor-section-height-default\" data-id=\"ada00dc\" data-element_type=\"section\" data-e-type=\"section\" data-settings=\"{&quot;background_background&quot;:&quot;classic&quot;}\">\n\t\t\t\t\t\t\t<div class=\"elementor-background-overlay\"><\/div>\n\t\t\t\t\t\t\t<div class=\"elementor-container elementor-column-gap-wide\">\n\t\t\t\t\t<div class=\"elementor-column elementor-col-100 elementor-top-column elementor-element elementor-element-7b2422d\" data-id=\"7b2422d\" data-element_type=\"column\" data-e-type=\"column\">\n\t\t\t<div class=\"elementor-widget-wrap elementor-element-populated\">\n\t\t\t\t\t\t<div class=\"elementor-element elementor-element-9b265d9 elementor-hidden-phone elementor-widget elementor-widget-heading\" data-id=\"9b265d9\" data-element_type=\"widget\" data-e-type=\"widget\" data-widget_type=\"heading.default\">\n\t\t\t\t<div class=\"elementor-widget-container\">\n\t\t\t\t\t<h1 class=\"elementor-heading-title elementor-size-default\">\u0410\u0434\u0432\u043e\u043a\u0430\u0442\u0441\u043a\u0430\u044f \u043a\u0430\u043d\u0446\u0435\u043b\u044f\u0440\u0438\u044f \u042e\u043b\u0438\u0438 \u041e\u0432\u0447\u0438\u043d\u0441\u043a\u043e\u0439<\/h1>\t\t\t\t<\/div>\n\t\t\t\t<\/div>\n\t\t\t\t<div class=\"elementor-element elementor-element-d930ad4 elementor-hidden-desktop elementor-hidden-tablet elementor-widget elementor-widget-heading\" data-id=\"d930ad4\" data-element_type=\"widget\" data-e-type=\"widget\" data-widget_type=\"heading.default\">\n\t\t\t\t<div class=\"elementor-widget-container\">\n\t\t\t\t\t<h1 class=\"elementor-heading-title elementor-size-default\">\u0410\u0434\u0432\u043e\u043a\u0430\u0442\u0441\u043a\u0430\u044f \u043a\u0430\u043d\u0446\u0435\u043b\u044f\u0440\u0438\u044f<\/h1>\t\t\t\t<\/div>\n\t\t\t\t<\/div>\n\t\t\t\t<div class=\"elementor-element elementor-element-2296aa5 elementor-hidden-phone elementor-widget elementor-widget-text-editor\" data-id=\"2296aa5\" data-element_type=\"widget\" data-e-type=\"widget\" data-widget_type=\"text-editor.default\">\n\t\t\t\t<div class=\"elementor-widget-container\">\n\t\t\t\t\t\t\t\t\t<p><strong>\u044d\u0442\u043e \u043a\u043e\u043c\u043f\u0435\u0442\u0435\u043d\u0442\u043d\u0430\u044f \u043f\u043e\u043c\u043e\u0449\u044c, \u044d\u0444\u0444\u0435\u043a\u0442\u0438\u0432\u043d\u043e\u0441\u0442\u044c \u0438 \u0412\u0430\u0448 \u0443\u0441\u043f\u0435\u0445!<\/strong><\/p>\t\t\t\t\t\t\t\t<\/div>\n\t\t\t\t<\/div>\n\t\t\t\t\t<\/div>\n\t\t<\/div>\n\t\t\t\t\t<\/div>\n\t\t<\/section>\n\t\t\t\t<section class=\"elementor-section elementor-top-section elementor-element elementor-element-ee04ffb elementor-section-boxed elementor-section-height-default elementor-section-height-default\" data-id=\"ee04ffb\" data-element_type=\"section\" data-e-type=\"section\">\n\t\t\t\t\t\t<div class=\"elementor-container elementor-column-gap-wide\">\n\t\t\t\t\t<div class=\"elementor-column elementor-col-100 elementor-top-column elementor-element elementor-element-a11af46\" data-id=\"a11af46\" data-element_type=\"column\" data-e-type=\"column\">\n\t\t\t<div class=\"elementor-widget-wrap elementor-element-populated\">\n\t\t\t\t\t\t<div class=\"elementor-element elementor-element-f00b7af elementor-widget elementor-widget-text-editor\" data-id=\"f00b7af\" data-element_type=\"widget\" data-e-type=\"widget\" data-widget_type=\"text-editor.default\">\n\t\t\t\t<div class=\"elementor-widget-container\">\n\t\t\t\t\t<style>.elementor-element-f00b7af{display:none !important}<\/style>\t\t\t\t<\/div>\n\t\t\t\t<\/div>\n\t\t\t\t<div class=\"elementor-element elementor-element-eb9d458 elementor-hidden-desktop elementor-hidden-tablet elementor-widget elementor-widget-text-editor\" data-id=\"eb9d458\" data-element_type=\"widget\" data-e-type=\"widget\" data-widget_type=\"text-editor.default\">\n\t\t\t\t<div class=\"elementor-widget-container\">\n\t\t\t\t\t<style>.elementor-element-eb9d458{display:none !important}<\/style>\t\t\t\t<\/div>\n\t\t\t\t<\/div>\n\t\t\t\t<div class=\"elementor-element elementor-element-3e41e9c elementor-widget elementor-widget-text-editor\" data-id=\"3e41e9c\" data-element_type=\"widget\" data-e-type=\"widget\" data-widget_type=\"text-editor.default\">\n\t\t\t\t<div class=\"elementor-widget-container\">\n\t\t\t\t\t\t\t\t\t<p>\u0410\u0434\u0432\u043e\u043a\u0430\u0442\u0441\u043a\u0430\u044f \u043a\u0430\u043d\u0446\u0435\u043b\u044f\u0440\u0438\u044f \u042e\u043b\u0438\u0438 \u041e\u0432\u0447\u0438\u043d\u0441\u043a\u043e\u0439, \u043e\u0441\u043d\u043e\u0432\u0430\u043d\u043d\u0430\u044f \u0432 2011 \u0433\u043e\u0434\u0443 \u0432\u043e \u0424\u0440\u0430\u043d\u043a\u0444\u0443\u0440\u0442\u0435 \u043d\u0430 \u041c\u0430\u0439\u043d\u0435 &#8211; \u044d\u0442\u043e \u044d\u043d\u0435\u0440\u0433\u0438\u0447\u043d\u0430\u044f \u043a\u0430\u043d\u0446\u0435\u043b\u044f\u0440\u0438\u044f, \u043e\u0431\u043b\u0430\u0434\u0430\u044e\u0449\u0430\u044f \u043f\u0440\u043e\u0444\u0435\u0441\u0441\u0438\u043e\u043d\u0430\u043b\u0438\u0437\u043c\u043e\u043c \u0438 \u043c\u043d\u043e\u0433\u043e\u043b\u0435\u0442\u043d\u0438\u043c \u043e\u043f\u044b\u0442\u043e\u043c \u0440\u0430\u0431\u043e\u0442\u044b, \u043d\u0430\u043a\u043e\u043f\u043b\u0435\u043d\u043d\u044b\u043c \u043a\u0430\u043a \u0432\u043e \u0432\u0440\u0435\u043c\u044f \u0440\u0430\u0431\u043e\u0442\u044b \u043d\u0430 \u0442\u0435\u0440\u0440\u0438\u0442\u043e\u0440\u0438\u0438 \u0413\u0435\u0440\u043c\u0430\u043d\u0438\u0438 \u0442\u0430\u043a \u0438 \u0437\u0430 \u0435\u0451 \u0433\u0440\u0430\u043d\u0438\u0446\u0435\u0439.<\/p><p>\u041c\u044b \u043e\u043a\u0430\u0436\u0435\u043c \u0412\u0430\u043c \u043a\u0432\u0430\u043b\u0438\u0444\u0438\u0446\u0438\u0440\u043e\u0432\u0430\u043d\u043d\u0443\u044e \u043f\u0440\u0430\u0432\u043e\u0432\u0443\u044e \u043f\u043e\u0434\u0434\u0435\u0440\u0436\u043a\u0443<span class=\"st\">\u00a0\u043d\u0430 \u0440\u0443\u0441\u0441\u043a\u043e\u043c \u0438 \u043d\u0435\u043c\u0435\u0446\u043a\u043e\u043c \u044f\u0437\u044b\u043a\u0430\u0445\u00a0<\/span>\u0438 \u043f\u0440\u0435\u0434\u0441\u0442\u0430\u0432\u0438\u043c \u0412\u0430\u0448\u0438 \u0438\u043d\u0442\u0435\u0440\u0435\u0441\u044b \u0432 \u043b\u044e\u0431\u043e\u0439 \u0442\u043e\u0447\u043a\u0435\u00a0\u0413\u0435\u0440\u043c\u0430\u043d\u0438\u0438.<\/p><p>\u0422\u0435\u0441\u043d\u043e\u0435 \u0441\u043e\u0442\u0440\u0443\u0434\u043d\u0438\u0447\u0435\u0441\u0442\u0432\u043e \u0441 \u043a\u043e\u043b\u043b\u0435\u0433\u0430\u043c\u0438 \u043d\u0430 \u0442\u0435\u0440\u0440\u0438\u0442\u043e\u0440\u0438\u0438\u00a0\u0420\u043e\u0441\u0441\u0438\u0439\u0441\u043a\u043e\u0439 \u0424\u0435\u0434\u0435\u0440\u0430\u0446\u0438\u0438, \u0440\u0430\u0441\u043f\u043e\u043b\u0430\u0433\u0430\u044e\u0449\u0438\u043c\u0438 \u0432\u0441\u0435\u043c\u0438 \u043d\u0435\u043e\u0431\u0445\u043e\u0434\u0438\u043c\u044b\u043c\u0438 \u0437\u043d\u0430\u043d\u0438\u044f\u043c\u0438 \u0438 \u043e\u043f\u044b\u0442\u043e\u043c \u0440\u0430\u0431\u043e\u0442\u044b, \u0434\u0435\u043b\u0430\u0435\u0442 \u0442\u0430\u043a\u0436\u0435 \u0432\u043e\u0437\u043c\u043e\u0436\u043d\u044b\u043c \u0437\u0430\u0449\u0438\u0442\u0443 \u0412\u0430\u0448\u0438\u0445 \u0438\u043d\u0442\u0435\u0440\u0435\u0441\u043e\u0432 \u0437\u0430 \u043f\u0440\u0435\u0434\u0435\u043b\u0430\u043c\u0438 \u0413\u0435\u0440\u043c\u0430\u043d\u0438\u0438.<\/p><p>\u041a\u043e\u043d\u0441\u0443\u043b\u044c\u0442\u0430\u0446\u0438\u0438 \u043f\u043e \u0432\u043e\u043f\u0440\u043e\u0441\u0430\u043c \u0433\u0440\u0430\u0436\u0434\u0430\u043d\u0441\u043a\u043e\u0433\u043e, \u0443\u0433\u043e\u043b\u043e\u0432\u043d\u043e\u0433\u043e \u0438 \u0430\u0434\u043c\u0438\u043d\u0438\u0441\u0442\u0440\u0430\u0442\u0438\u0432\u043d\u043e\u0433\u043e \u043f\u0440\u0430\u0432\u0430 \u2013 \u043e\u0441\u043d\u043e\u0432\u043d\u044b\u0435 \u043d\u0430\u043f\u0440\u0430\u0432\u043b\u0435\u043d\u0438\u044f \u0434\u0435\u044f\u0442\u0435\u043b\u044c\u043d\u043e\u0441\u0442\u0438 \u0430\u0434\u0432\u043e\u043a\u0430\u0442\u0441\u043a\u043e\u0439 \u043a\u0430\u043d\u0446\u0435\u043b\u044f\u0440\u0438\u0438 \u042e\u043b\u0438\u0438 \u041e\u0432\u0447\u0438\u043d\u0441\u043a\u043e\u0439. \u041c\u044b \u043e\u043a\u0430\u0437\u044b\u0432\u0430\u0435\u043c \u043f\u0440\u0430\u0432\u043e\u0432\u0443\u044e \u043f\u043e\u0434\u0434\u0435\u0440\u0436\u043a\u0443 \u0444\u0438\u0437\u0438\u0447\u0435\u0441\u043a\u0438\u043c \u043b\u0438\u0446\u0430\u043c \u0438 \u043e\u0440\u0433\u0430\u043d\u0438\u0437\u0430\u0446\u0438\u044f\u043c, \u043f\u0440\u0435\u0434\u043b\u0430\u0433\u0430\u044f \u0438\u043d\u0434\u0438\u0432\u0438\u0434\u0443\u0430\u043b\u044c\u043d\u044b\u0435 \u0438 \u044d\u0444\u0444\u0435\u043a\u0442\u0438\u0432\u043d\u044b\u0435 \u0440\u0435\u0448\u0435\u043d\u0438\u044f.<\/p><p>\u041d\u0430\u0448\u0435 \u0430\u0434\u0432\u043e\u043a\u0430\u0442\u0441\u043a\u043e\u0435 \u0431\u044e\u0440\u043e (\u0430\u0434\u0432\u043e\u043a\u0430\u0442 \u0432\u043e \u0424\u0440\u0430\u043d\u043a\u0444\u0443\u0440\u0442\u0435) \u043e\u043a\u0430\u0436\u0435\u0442 \u0412\u0430\u043c \u0432\u044b\u0441\u043e\u043a\u043e\u043a\u0432\u0430\u043b\u0438\u0444\u0438\u0446\u0438\u0440\u043e\u0432\u0430\u043d\u043d\u0443\u044e \u043f\u043e\u043c\u043e\u0449\u044c \u043a\u0430\u043a \u0432 \u0441\u0443\u0434\u0435\u0431\u043d\u044b\u0445, \u0442\u0430\u043a \u0438 \u0432\u043e \u0432\u043d\u0435\u0441\u0443\u0434\u0435\u0431\u043d\u044b\u0445 \u0441\u043f\u043e\u0440\u0430\u0445. \u0426\u0435\u043b\u044c \u0430\u0434\u0432\u043e\u043a\u0430\u0442\u0430 \u0432 \u044d\u0442\u043e\u0439 \u0441\u0438\u0442\u0443\u0430\u0446\u0438\u0438 \u0441\u043e\u0441\u0442\u043e\u0438\u0442 \u0432 \u0434\u043e\u0441\u0442\u0438\u0436\u0435\u043d\u0438\u0438 \u0440\u0430\u0437\u0440\u0435\u0448\u0435\u043d\u0438\u044f \u0432\u043e\u0437\u043d\u0438\u043a\u0448\u0438\u0445 \u0440\u0430\u0441\u043d\u043e\u0433\u043b\u0430\u0441\u0438\u0439 \u043f\u0443\u0442\u0451\u043c \u043f\u0440\u043e\u0444\u0435\u0441\u0441\u0438\u043e\u043d\u0430\u043b\u044c\u043d\u043e \u043f\u043e\u0434\u0433\u043e\u0442\u043e\u0432\u043b\u0435\u043d\u043d\u044b\u0445 \u043f\u0435\u0440\u0435\u0433\u043e\u0432\u043e\u0440\u043e\u0432 \u0438 \u0437\u0430\u043a\u043b\u044e\u0447\u0435\u043d\u0438\u0435\u043c \u043c\u0438\u0440\u043e\u0432\u043e\u0433\u043e \u0441\u043e\u0433\u043b\u0430\u0448\u0435\u043d\u0438\u044f \u0435\u0449\u0451 \u043d\u0430 \u0434\u043e\u0441\u0443\u0434\u0435\u0431\u043d\u043e\u0439 \u0441\u0442\u0430\u0434\u0438\u0438.\u00a0<\/p><p>\u041d\u043e \u0435\u0441\u043b\u0438 \u0441\u0443\u0434\u0435\u0431\u043d\u044b\u0439 \u043f\u0440\u043e\u0446\u0435\u0441\u0441 \u0432\u0441\u0451 \u0442\u0430\u043a\u0438 \u043d\u0435\u0438\u0437\u0431\u0435\u0436\u0435\u043d, \u043c\u044b \u0431\u0435\u0437 \u043a\u043e\u043c\u043f\u0440\u043e\u043c\u0438\u0441\u0441\u043e\u0432 \u0432\u0441\u0442\u0430\u043d\u0435\u043c \u043d\u0430 \u0437\u0430\u0449\u0438\u0442\u0443 \u0412\u0430\u0448\u0438\u0445 \u0438\u043d\u0442\u0435\u0440\u0435\u0441\u043e\u0432.<\/p>\t\t\t\t\t\t\t\t<\/div>\n\t\t\t\t<\/div>\n\t\t\t\t<div class=\"elementor-element elementor-element-ad28e06 elementor-hidden-desktop elementor-hidden-tablet elementor-widget elementor-widget-text-editor\" data-id=\"ad28e06\" data-element_type=\"widget\" data-e-type=\"widget\" data-widget_type=\"text-editor.default\">\n\t\t\t\t<div class=\"elementor-widget-container\">\n\t\t\t\t\t\t\t\t\t<p><strong>\u041d\u0430\u0448\u0430 \u043a\u0430\u043d\u0446\u0435\u043b\u044f\u0440\u0438\u044f &#8211; \u044d\u0442\u043e \u043a\u043e\u043c\u043f\u0435\u0442\u0435\u043d\u0442\u043d\u0430\u044f \u043f\u043e\u043c\u043e\u0449\u044c, \u044d\u0444\u0444\u0435\u043a\u0442\u0438\u0432\u043d\u043e\u0441\u0442\u044c \u0438 \u0412\u0430\u0448 \u0443\u0441\u043f\u0435\u0445!<\/strong><\/p>\t\t\t\t\t\t\t\t<\/div>\n\t\t\t\t<\/div>\n\t\t\t\t<div class=\"elementor-element elementor-element-8f39e92 elementor-hidden-desktop elementor-hidden-tablet elementor-hidden-phone elementor-widget elementor-widget-text-editor\" data-id=\"8f39e92\" data-element_type=\"widget\" data-e-type=\"widget\" data-widget_type=\"text-editor.default\">\n\t\t\t\t<div class=\"elementor-widget-container\">\n\t\t\t\t\t\t\t\t\t<p>Die im Jahr 2011 gegr\u00fcndete Anwaltskanzlei Julia Ovchinski ist eine dynamische Anwaltskanzlei in Frankfurt am Main, bei der Sie von einer hohen Qualifikation und einer langj\u00e4hrigen Berufserfahrung profitieren. Unsere sowohl in der Bundesrepublik Deutschland als auch im Ausland erworbenen fachlichen Qualifikationen erlauben es uns, die Rechtsberatung in deutscher, russischer und englischer Sprache anzubieten.<\/p><p>Neben unserer Pr\u00e4senz in der Bundesrepublik Deutschland setzen wir auf Vernetzung mit der Russischen F\u00f6deration. Auf dieser Ebene begleiten wir unsere Mandanten in der Zusammenarbeit mit unserer Kooperationskanzlei in Moskau auf s\u00e4mtlichen Gebieten des russischen Rechts.<\/p><p>Bundesweit vertreten wir Ihre zivilrechtlichen, strafrechtlichen und verwaltungsrechtlichen Interessen kompetent in au\u00dfergerichtlichen und gerichtlichen Auseinandersetzungen. Dabei zeigt sich oft, dass wirtschaftlich sinnvolle L\u00f6sungen durch gut vorbereitete und strukturierte Verhandlungen auch au\u00dfergerichtlich erzielt werden k\u00f6nnen. Kostentreibende, riskante und langwierige Gerichtsverfahren werden von uns in Ihrem Interesse weitestgehend vermieden. Unser Ziel ist es, Konflikte zu l\u00f6sen, bevor sie in einem Gerichtsverfahren eskalieren.<\/p><p>Ohne Kompromiss jedoch vertreten wir Sie und Ihre Interessen in einem gerichtlichen Verfahren, wenn ein Prozess unausweichlich wird.<\/p><p>Egal in welchem Verfahrensstadium wir Sie vertreten, wir beraten und betreuen Sie immer pers\u00f6nlich mit ma\u00dfgeschneiderten Konzepten. Dabei steht die wirtschaftlich sinnvolle L\u00f6sung im Vordergrund.<\/p><p>Die Philosophie unserer Kanzlei besteht darin, unseren Mandanten eine individuelle, kompetente und zeitintensive Rechtberatung zu bieten. Das weitverbreitete Konzept der Massenabfertigung \u00fcberzeugt uns nicht.<\/p><h4>Wir investieren unsere Zeit in Ihre Rechtsfragen.<\/h4>\t\t\t\t\t\t\t\t<\/div>\n\t\t\t\t<\/div>\n\t\t\t\t\t<\/div>\n\t\t<\/div>\n\t\t\t\t\t<\/div>\n\t\t<\/section>\n\t\t\t\t<\/div>","protected":false},"excerpt":{"rendered":"<p>Kanzlei Julia Ovchinski Kanzlei Wir investieren unsere Zeit in Ihre Rechtsfragen! Die im Jahr 2011 gegr\u00fcndete Anwaltskanzlei Julia Ovchinski ist eine dynamische Anwaltskanzlei in Frankfurt am Main, bei der Sie von einer hohen Qualifikation und einer langj\u00e4hrigen Berufserfahrung profitieren. Unsere sowohl in der Bundesrepublik Deutschland als auch im Ausland erworbenen fachlichen Qualifikationen erlauben es uns, [&hellip;]<\/p>\n","protected":false},"author":1,"featured_media":0,"parent":0,"menu_order":0,"comment_status":"closed","ping_status":"closed","template":"","meta":{"footnotes":""},"class_list":["post-321","page","type-page","status-publish","hentry"],"yoast_head":"<!-- This site is optimized with the Yoast SEO plugin v27.5 - https:\/\/yoast.com\/product\/yoast-seo-wordpress\/ -->\n<title>Kanzlei - Rechtsanwaltskanzlei Julia Ovchinski<\/title>\n<meta name=\"robots\" content=\"index, follow, max-snippet:-1, max-image-preview:large, max-video-preview:-1\" \/>\n<link rel=\"canonical\" href=\"https:\/\/anwalt-ovchinski.de\/ru\/kanzlei\/\" \/>\n<meta property=\"og:locale\" content=\"ru_RU\" \/>\n<meta property=\"og:type\" content=\"article\" \/>\n<meta property=\"og:title\" content=\"Kanzlei - Rechtsanwaltskanzlei Julia Ovchinski\" \/>\n<meta property=\"og:description\" content=\"Kanzlei Julia Ovchinski Kanzlei Wir investieren unsere Zeit in Ihre Rechtsfragen! Die im Jahr 2011 gegr\u00fcndete Anwaltskanzlei Julia Ovchinski ist eine dynamische Anwaltskanzlei in Frankfurt am Main, bei der Sie von einer hohen Qualifikation und einer langj\u00e4hrigen Berufserfahrung profitieren. Unsere sowohl in der Bundesrepublik Deutschland als auch im Ausland erworbenen fachlichen Qualifikationen erlauben es uns, [&hellip;]\" \/>\n<meta property=\"og:url\" content=\"https:\/\/anwalt-ovchinski.de\/ru\/kanzlei\/\" \/>\n<meta property=\"og:site_name\" content=\"Rechtsanwaltskanzlei Julia Ovchinski\" \/>\n<meta property=\"article:modified_time\" content=\"2021-02-16T10:07:11+00:00\" \/>\n<meta name=\"twitter:card\" content=\"summary_large_image\" \/>\n<meta name=\"twitter:label1\" content=\"\u041f\u0440\u0438\u043c\u0435\u0440\u043d\u043e\u0435 \u0432\u0440\u0435\u043c\u044f \u0434\u043b\u044f \u0447\u0442\u0435\u043d\u0438\u044f\" \/>\n\t<meta name=\"twitter:data1\" content=\"3 \u043c\u0438\u043d\u0443\u0442\u044b\" \/>\n<script type=\"application\/ld+json\" class=\"yoast-schema-graph\">{\"@context\":\"https:\\\/\\\/schema.org\",\"@graph\":[{\"@type\":\"WebPage\",\"@id\":\"https:\\\/\\\/anwalt-ovchinski.de\\\/ru\\\/kanzlei\\\/\",\"url\":\"https:\\\/\\\/anwalt-ovchinski.de\\\/ru\\\/kanzlei\\\/\",\"name\":\"Kanzlei - Rechtsanwaltskanzlei Julia Ovchinski\",\"isPartOf\":{\"@id\":\"https:\\\/\\\/anwalt-ovchinski.de\\\/#website\"},\"datePublished\":\"2020-11-18T19:40:20+00:00\",\"dateModified\":\"2021-02-16T10:07:11+00:00\",\"breadcrumb\":{\"@id\":\"https:\\\/\\\/anwalt-ovchinski.de\\\/ru\\\/kanzlei\\\/#breadcrumb\"},\"inLanguage\":\"ru-RU\",\"potentialAction\":[{\"@type\":\"ReadAction\",\"target\":[\"https:\\\/\\\/anwalt-ovchinski.de\\\/ru\\\/kanzlei\\\/\"]}]},{\"@type\":\"BreadcrumbList\",\"@id\":\"https:\\\/\\\/anwalt-ovchinski.de\\\/ru\\\/kanzlei\\\/#breadcrumb\",\"itemListElement\":[{\"@type\":\"ListItem\",\"position\":1,\"name\":\"Startseite\",\"item\":\"https:\\\/\\\/anwalt-ovchinski.de\\\/\"},{\"@type\":\"ListItem\",\"position\":2,\"name\":\"Kanzlei\"}]},{\"@type\":\"WebSite\",\"@id\":\"https:\\\/\\\/anwalt-ovchinski.de\\\/#website\",\"url\":\"https:\\\/\\\/anwalt-ovchinski.de\\\/\",\"name\":\"Rechtsanwaltskanzlei Julia Ovchinski\",\"description\":\"Rechtsanwaltskanzlei Julia Ovchinski\",\"publisher\":{\"@id\":\"https:\\\/\\\/anwalt-ovchinski.de\\\/#organization\"},\"potentialAction\":[{\"@type\":\"SearchAction\",\"target\":{\"@type\":\"EntryPoint\",\"urlTemplate\":\"https:\\\/\\\/anwalt-ovchinski.de\\\/?s={search_term_string}\"},\"query-input\":{\"@type\":\"PropertyValueSpecification\",\"valueRequired\":true,\"valueName\":\"search_term_string\"}}],\"inLanguage\":\"ru-RU\"},{\"@type\":\"Organization\",\"@id\":\"https:\\\/\\\/anwalt-ovchinski.de\\\/#organization\",\"name\":\"Rechtsanwaltskanzlei Julia Ovchinski\",\"url\":\"https:\\\/\\\/anwalt-ovchinski.de\\\/\",\"logo\":{\"@type\":\"ImageObject\",\"inLanguage\":\"ru-RU\",\"@id\":\"https:\\\/\\\/anwalt-ovchinski.de\\\/#\\\/schema\\\/logo\\\/image\\\/\",\"url\":\"https:\\\/\\\/anwalt-ovchinski.de\\\/wp-content\\\/uploads\\\/2020\\\/11\\\/logo.png\",\"contentUrl\":\"https:\\\/\\\/anwalt-ovchinski.de\\\/wp-content\\\/uploads\\\/2020\\\/11\\\/logo.png\",\"width\":300,\"height\":98,\"caption\":\"Rechtsanwaltskanzlei Julia Ovchinski\"},\"image\":{\"@id\":\"https:\\\/\\\/anwalt-ovchinski.de\\\/#\\\/schema\\\/logo\\\/image\\\/\"}}]}<\/script>\n<!-- \/ Yoast SEO plugin. -->","yoast_head_json":{"title":"Kanzlei - Rechtsanwaltskanzlei Julia Ovchinski","robots":{"index":"index","follow":"follow","max-snippet":"max-snippet:-1","max-image-preview":"max-image-preview:large","max-video-preview":"max-video-preview:-1"},"canonical":"https:\/\/anwalt-ovchinski.de\/ru\/kanzlei\/","og_locale":"ru_RU","og_type":"article","og_title":"Kanzlei - Rechtsanwaltskanzlei Julia Ovchinski","og_description":"Kanzlei Julia Ovchinski Kanzlei Wir investieren unsere Zeit in Ihre Rechtsfragen! Die im Jahr 2011 gegr\u00fcndete Anwaltskanzlei Julia Ovchinski ist eine dynamische Anwaltskanzlei in Frankfurt am Main, bei der Sie von einer hohen Qualifikation und einer langj\u00e4hrigen Berufserfahrung profitieren. Unsere sowohl in der Bundesrepublik Deutschland als auch im Ausland erworbenen fachlichen Qualifikationen erlauben es uns, [&hellip;]","og_url":"https:\/\/anwalt-ovchinski.de\/ru\/kanzlei\/","og_site_name":"Rechtsanwaltskanzlei Julia Ovchinski","article_modified_time":"2021-02-16T10:07:11+00:00","twitter_card":"summary_large_image","twitter_misc":{"\u041f\u0440\u0438\u043c\u0435\u0440\u043d\u043e\u0435 \u0432\u0440\u0435\u043c\u044f \u0434\u043b\u044f \u0447\u0442\u0435\u043d\u0438\u044f":"3 \u043c\u0438\u043d\u0443\u0442\u044b"},"schema":{"@context":"https:\/\/schema.org","@graph":[{"@type":"WebPage","@id":"https:\/\/anwalt-ovchinski.de\/ru\/kanzlei\/","url":"https:\/\/anwalt-ovchinski.de\/ru\/kanzlei\/","name":"Kanzlei - Rechtsanwaltskanzlei Julia Ovchinski","isPartOf":{"@id":"https:\/\/anwalt-ovchinski.de\/#website"},"datePublished":"2020-11-18T19:40:20+00:00","dateModified":"2021-02-16T10:07:11+00:00","breadcrumb":{"@id":"https:\/\/anwalt-ovchinski.de\/ru\/kanzlei\/#breadcrumb"},"inLanguage":"ru-RU","potentialAction":[{"@type":"ReadAction","target":["https:\/\/anwalt-ovchinski.de\/ru\/kanzlei\/"]}]},{"@type":"BreadcrumbList","@id":"https:\/\/anwalt-ovchinski.de\/ru\/kanzlei\/#breadcrumb","itemListElement":[{"@type":"ListItem","position":1,"name":"Startseite","item":"https:\/\/anwalt-ovchinski.de\/"},{"@type":"ListItem","position":2,"name":"Kanzlei"}]},{"@type":"WebSite","@id":"https:\/\/anwalt-ovchinski.de\/#website","url":"https:\/\/anwalt-ovchinski.de\/","name":"Rechtsanwaltskanzlei Julia Ovchinski","description":"Rechtsanwaltskanzlei Julia Ovchinski","publisher":{"@id":"https:\/\/anwalt-ovchinski.de\/#organization"},"potentialAction":[{"@type":"SearchAction","target":{"@type":"EntryPoint","urlTemplate":"https:\/\/anwalt-ovchinski.de\/?s={search_term_string}"},"query-input":{"@type":"PropertyValueSpecification","valueRequired":true,"valueName":"search_term_string"}}],"inLanguage":"ru-RU"},{"@type":"Organization","@id":"https:\/\/anwalt-ovchinski.de\/#organization","name":"Rechtsanwaltskanzlei Julia Ovchinski","url":"https:\/\/anwalt-ovchinski.de\/","logo":{"@type":"ImageObject","inLanguage":"ru-RU","@id":"https:\/\/anwalt-ovchinski.de\/#\/schema\/logo\/image\/","url":"https:\/\/anwalt-ovchinski.de\/wp-content\/uploads\/2020\/11\/logo.png","contentUrl":"https:\/\/anwalt-ovchinski.de\/wp-content\/uploads\/2020\/11\/logo.png","width":300,"height":98,"caption":"Rechtsanwaltskanzlei Julia Ovchinski"},"image":{"@id":"https:\/\/anwalt-ovchinski.de\/#\/schema\/logo\/image\/"}}]}},"_links":{"self":[{"href":"https:\/\/anwalt-ovchinski.de\/ru\/wp-json\/wp\/v2\/pages\/321","targetHints":{"allow":["GET"]}}],"collection":[{"href":"https:\/\/anwalt-ovchinski.de\/ru\/wp-json\/wp\/v2\/pages"}],"about":[{"href":"https:\/\/anwalt-ovchinski.de\/ru\/wp-json\/wp\/v2\/types\/page"}],"author":[{"embeddable":true,"href":"https:\/\/anwalt-ovchinski.de\/ru\/wp-json\/wp\/v2\/users\/1"}],"replies":[{"embeddable":true,"href":"https:\/\/anwalt-ovchinski.de\/ru\/wp-json\/wp\/v2\/comments?post=321"}],"version-history":[{"count":133,"href":"https:\/\/anwalt-ovchinski.de\/ru\/wp-json\/wp\/v2\/pages\/321\/revisions"}],"predecessor-version":[{"id":2505,"href":"https:\/\/anwalt-ovchinski.de\/ru\/wp-json\/wp\/v2\/pages\/321\/revisions\/2505"}],"wp:attachment":[{"href":"https:\/\/anwalt-ovchinski.de\/ru\/wp-json\/wp\/v2\/media?parent=321"}],"curies":[{"name":"wp","href":"https:\/\/api.w.org\/{rel}","templated":true}]}}