{"id":1464,"date":"2020-12-02T14:25:59","date_gmt":"2020-12-02T14:25:59","guid":{"rendered":"https:\/\/anwalt-ovchinski.de\/?page_id=1464"},"modified":"2021-02-01T14:24:45","modified_gmt":"2021-02-01T14:24:45","slug":"arbeitsrecht","status":"publish","type":"page","link":"https:\/\/anwalt-ovchinski.de\/ru\/arbeitsrecht\/","title":{"rendered":"\u0422\u0440\u0443\u0434\u043e\u0432\u043e\u0435 \u043f\u0440\u0430\u0432\u043e"},"content":{"rendered":"<div data-elementor-type=\"wp-page\" data-elementor-id=\"1464\" class=\"elementor elementor-1464\">\n\t\t\t\t\t\t<section class=\"elementor-section elementor-top-section elementor-element elementor-element-1a3886a elementor-section-boxed elementor-section-height-default elementor-section-height-default\" data-id=\"1a3886a\" data-element_type=\"section\" data-e-type=\"section\">\n\t\t\t\t\t\t<div class=\"elementor-container elementor-column-gap-default\">\n\t\t\t\t\t<div class=\"elementor-column elementor-col-100 elementor-top-column elementor-element elementor-element-d4db0c1\" data-id=\"d4db0c1\" data-element_type=\"column\" data-e-type=\"column\">\n\t\t\t<div class=\"elementor-widget-wrap elementor-element-populated\">\n\t\t\t\t\t\t<div class=\"elementor-element elementor-element-45ef511 elementor-widget elementor-widget-page-title\" data-id=\"45ef511\" data-element_type=\"widget\" data-e-type=\"widget\" data-settings=\"{&quot;align&quot;:&quot;center&quot;}\" data-widget_type=\"page-title.default\">\n\t\t\t\t<div class=\"elementor-widget-container\">\n\t\t\t\t\t\t\t\n\t\t<div class=\"hfe-page-title hfe-page-title-wrapper elementor-widget-heading\">\n\n\t\t\t\t\t\t\t\t<h1 class=\"elementor-heading-title elementor-size-default\">\n\t\t\t\t\t\t\t\t\n\t\t\t\t\u0422\u0440\u0443\u0434\u043e\u0432\u043e\u0435 \u043f\u0440\u0430\u0432\u043e  \n\t\t\t<\/h1> \n\t\t\t\t\t<\/div>\n\t\t\t\t\t\t<\/div>\n\t\t\t\t<\/div>\n\t\t\t\t<div class=\"elementor-element elementor-element-648f392 elementor-grid-eael-col-2 elementor-grid-tablet-eael-col-1 elementor-grid-mobile-eael-col-1 elementor-widget elementor-widget-eael-post-grid\" data-id=\"648f392\" data-element_type=\"widget\" data-e-type=\"widget\" data-settings=\"{&quot;eael_post_grid_columns&quot;:&quot;eael-col-2&quot;,&quot;eael_post_grid_columns_tablet&quot;:&quot;eael-col-1&quot;,&quot;eael_post_grid_columns_mobile&quot;:&quot;eael-col-1&quot;}\" data-widget_type=\"eael-post-grid.default\">\n\t\t\t\t<div class=\"elementor-widget-container\">\n\t\t\t\t\t<div id=\"eael-post-grid-648f392\" class=\"eael-post-grid-container\">\n            <div class=\"eael-post-grid eael-post-appender eael-post-appender-648f392 eael-post-grid-style-one\" data-layout-mode=\"grid\"><article class=\"eael-grid-post  eael-post-grid-column eael-pg-post-2115 category-arbeitsrecht\" data-id=\"2115\">\n        <div class=\"eael-grid-post-holder\">\n            <div class=\"eael-grid-post-holder-inner\"><div class=\"eael-entry-wrapper\"><header class=\"eael-entry-header\"><h2 class=\"eael-entry-title\"><a class=\"eael-grid-post-link\" href=\"https:\/\/anwalt-ovchinski.de\/ru\/beschaeftigung-von-fluechtlingen-aus-der-ukraine\/\" title=\"\u0422\u0440\u0443\u0434\u043e\u0443\u0441\u0442\u0440\u043e\u0439\u0441\u0442\u0432\u043e \u0434\u043b\u044f \u0431\u0435\u0436\u0435\u043d\u0446\u0435\u0432 \u0438\u0437 \u0423\u043a\u0440\u0430\u0438\u043d\u044b\">\u0422\u0440\u0443\u0434\u043e\u0443\u0441\u0442\u0440\u043e\u0439\u0441\u0442\u0432\u043e \u0434\u043b\u044f \u0431\u0435\u0436\u0435\u043d\u0446\u0435\u0432 \u0438\u0437 \u0423\u043a\u0440\u0430\u0438\u043d\u044b<\/a><\/h2><\/header><\/div><\/div>\n        <\/div>\n    <\/article><article class=\"eael-grid-post  eael-post-grid-column eael-pg-post-2110 category-arbeitsrecht\" data-id=\"2110\">\n        <div class=\"eael-grid-post-holder\">\n            <div class=\"eael-grid-post-holder-inner\"><div class=\"eael-entry-wrapper\"><header class=\"eael-entry-header\"><h2 class=\"eael-entry-title\"><a class=\"eael-grid-post-link\" href=\"https:\/\/anwalt-ovchinski.de\/ru\/entlassung-abfindung-bei-kuendigung\/\" title=\"\u0423\u0432\u043e\u043b\u044c\u043d\u0435\u043d\u0438\u0435 \u0438 \u0434\u0435\u043d\u0435\u0436\u043d\u0430\u044f \u043a\u043e\u043c\u043f\u0435\u043d\u0441\u0430\u0446\u0438\u044f\">\u0423\u0432\u043e\u043b\u044c\u043d\u0435\u043d\u0438\u0435 \u0438 \u0434\u0435\u043d\u0435\u0436\u043d\u0430\u044f \u043a\u043e\u043c\u043f\u0435\u043d\u0441\u0430\u0446\u0438\u044f<\/a><\/h2><\/header><\/div><\/div>\n        <\/div>\n    <\/article><article class=\"eael-grid-post  eael-post-grid-column eael-pg-post-2105 category-arbeitsrecht\" data-id=\"2105\">\n        <div class=\"eael-grid-post-holder\">\n            <div class=\"eael-grid-post-holder-inner\"><div class=\"eael-entry-wrapper\"><header class=\"eael-entry-header\"><h2 class=\"eael-entry-title\"><a class=\"eael-grid-post-link\" href=\"https:\/\/anwalt-ovchinski.de\/ru\/%d1%8e%d1%80%d0%b8%d0%b4%d0%b8%d1%87%d0%b5%d1%81%d0%ba%d0%b0%d1%8f-%d0%b7%d0%b0%d1%89%d0%b8%d1%82%d0%b0-%d0%bf%d1%80%d0%b8-%d1%83%d0%b2%d0%be%d0%bb%d1%8c%d0%bd%d0%b5%d0%bd%d0%b8%d0%b8\/\" title=\"\u042e\u0440\u0438\u0434\u0438\u0447\u0435\u0441\u043a\u0430\u044f \u0437\u0430\u0449\u0438\u0442\u0430 \u043f\u0440\u0438 \u0443\u0432\u043e\u043b\u044c\u043d\u0435\u043d\u0438\u0438\">\u042e\u0440\u0438\u0434\u0438\u0447\u0435\u0441\u043a\u0430\u044f \u0437\u0430\u0449\u0438\u0442\u0430 \u043f\u0440\u0438 \u0443\u0432\u043e\u043b\u044c\u043d\u0435\u043d\u0438\u0438<\/a><\/h2><\/header><\/div><\/div>\n        <\/div>\n    <\/article><article class=\"eael-grid-post  eael-post-grid-column eael-pg-post-2100 category-arbeitsrecht\" data-id=\"2100\">\n        <div class=\"eael-grid-post-holder\">\n            <div class=\"eael-grid-post-holder-inner\"><div class=\"eael-entry-wrapper\"><header class=\"eael-entry-header\"><h2 class=\"eael-entry-title\"><a class=\"eael-grid-post-link\" href=\"https:\/\/anwalt-ovchinski.de\/ru\/neues-gesetz-zur-fachkraefteeinwanderung-aus-drittstaaten-ab-dem-01-03-2020-2\/\" title=\"\u041d\u043e\u0432\u044b\u0439 \u0437\u0430\u043a\u043e\u043d \u0441 01.03.2020:B\u0438\u0434 \u043d\u0430 \u0436\u0438\u0442\u0435\u043b\u044c\u0441\u0442\u0432\u043e \u0432 \u0413\u0435\u0440\u043c\u0430\u043d\u0438\u0438 \u0434\u043b\u044f:\u0440\u0430\u0431\u043e\u0442\u044b \u043f\u043e \u043d\u0430\u0439\u043c\u0443 \u0432 \u0413\u0435\u0440\u043c\u0430\u043d\u0438\u0438\u043f\u043e\u0438\u0441\u043a\u0430 \u0440\u0430\u0431\u043e\u0442\u044b \u0432 \u0413\u0435\u0440\u043c\u0430\u043d\u0438\u0438\u043f\u043e\u0438\u0441\u043a\u0430 \u043e\u0431\u0440\u0430\u0437\u043e\u0432\u0430\u043d\u0438\u044f \u0432 \u0413\u0435\u0440\u043c\u0430\u043d\u0438\u0438\u043f\u0440\u0438\u0437\u043d\u0430\u043d\u0438\u044f \u043e\u0431\u0440\u0430\u0437\u043e\u0432\u0430\u043d\u0438\u044f \u0432 \u0413\u0435\u0440\u043c\u0430\u043d\u0438\u0438\">\u041d\u043e\u0432\u044b\u0439 \u0437\u0430\u043a\u043e\u043d \u0441 01.03.2020:\nB\u0438\u0434 \u043d\u0430 \u0436\u0438\u0442\u0435\u043b\u044c\u0441\u0442\u0432\u043e \u0432 \u0413\u0435\u0440\u043c\u0430\u043d\u0438\u0438 \u0434\u043b\u044f:\n\n\u0440\u0430\u0431\u043e\u0442\u044b \u043f\u043e \u043d\u0430\u0439\u043c\u0443 \u0432 \u0413\u0435\u0440\u043c\u0430\u043d\u0438\u0438\n\u043f\u043e\u0438\u0441\u043a\u0430 \u0440\u0430\u0431\u043e\u0442\u044b \u0432 \u0413\u0435\u0440\u043c\u0430\u043d\u0438\u0438\n\u043f\u043e\u0438\u0441\u043a\u0430 \u043e\u0431\u0440\u0430\u0437\u043e\u0432\u0430\u043d\u0438\u044f \u0432 \u0413\u0435\u0440\u043c\u0430\u043d\u0438\u0438\n\u043f\u0440\u0438\u0437\u043d\u0430\u043d\u0438\u044f \u043e\u0431\u0440\u0430\u0437\u043e\u0432\u0430\u043d\u0438\u044f \u0432 \u0413\u0435\u0440\u043c\u0430\u043d\u0438\u0438<\/a><\/h2><\/header><\/div><\/div>\n        <\/div>\n    <\/article><\/div>\n            <div class=\"clearfix\"><\/div>\n        <\/div>\t\t\t\t<\/div>\n\t\t\t\t<\/div>\n\t\t\t\t<div class=\"elementor-element elementor-element-bdbaf05 elementor-widget elementor-widget-text-editor\" data-id=\"bdbaf05\" data-element_type=\"widget\" data-e-type=\"widget\" data-widget_type=\"text-editor.default\">\n\t\t\t\t<div class=\"elementor-widget-container\">\n\t\t\t\t\t<style>.elementor-element-bdbaf05{display:none !important}<\/style>\t\t\t\t<\/div>\n\t\t\t\t<\/div>\n\t\t\t\t<div class=\"elementor-element elementor-element-946288d elementor-widget elementor-widget-text-editor\" data-id=\"946288d\" data-element_type=\"widget\" data-e-type=\"widget\" data-widget_type=\"text-editor.default\">\n\t\t\t\t<div class=\"elementor-widget-container\">\n\t\t\t\t\t\t\t\t\t<p>\u0426\u0435\u043b\u044c\u044e \u043f\u0443\u0431\u043b\u0438\u043a\u0430\u0446\u0438\u0439 \u043d\u0430\u0448\u0435\u0439 \u043a\u0430\u043d\u0446\u0435\u043b\u044f\u0440\u0438\u0438 \u044f\u0432\u043b\u044f\u0435\u0442\u0441\u044f \u043f\u0440\u0435\u0434\u0430\u043d\u0438\u0435 \u0433\u043b\u0430\u0441\u043d\u043e\u0441\u0442\u0438 \u044e\u0440\u0438\u0434\u0438\u0447\u0435\u0441\u043a\u043e\u0439 \u0438\u043d\u0444\u043e\u0440\u043c\u0430\u0446\u0438\u0438. \u041a\u0430\u043a \u043f\u043e\u043a\u0430\u0437\u044b\u0432\u0430\u0435\u0442 \u043f\u0440\u0430\u043a\u0442\u0438\u043a\u0430, \u0431\u0443\u043a\u0432\u0430 \u0437\u0430\u043a\u043e\u043d\u0430 \u043d\u0435 \u0432\u0441\u0435\u0433\u0434\u0430 \u043f\u043e\u043d\u044f\u0442\u043d\u0430 \u0438 \u044f\u0441\u043d\u0430, \u043f\u043e\u044d\u0442\u043e\u043c\u0443, \u043d\u0430 \u043f\u0440\u0438\u043c\u0435\u0440\u0435 \u0434\u0435\u043b \u043d\u0430\u0448\u0435\u0439 \u043a\u0430\u043d\u0446\u0435\u043b\u044f\u0440\u0438\u0438, \u043c\u044b \u0440\u0430\u0437\u044a\u044f\u0441\u043d\u044f\u0435\u043c \u0447\u0438\u0442\u0430\u0442\u0435\u043b\u044f\u043c \u0442\u0435 \u0441\u043b\u0443\u0447\u0430\u0438, \u0441 \u043a\u043e\u0442\u043e\u0440\u044b\u043c\u0438 \u043f\u0440\u0438\u0445\u043e\u0434\u0438\u0442\u044c\u0441\u044f \u0441\u0442\u0430\u043b\u043a\u0438\u0432\u0430\u0442\u044c\u0441\u044f \u043d\u0430 \u043f\u0440\u0430\u043a\u0442\u0438\u043a\u0435.<\/p><p>\u0412 \u0441\u0442\u0430\u0442\u044c\u044f\u0445 \u043d\u0430\u0448\u0430 \u043a\u0430\u043d\u0446\u0435\u043b\u044f\u0440\u0438\u044f \u043d\u0435\u0437\u0430\u043c\u0435\u0434\u043b\u0438\u0442\u0435\u043b\u044c\u043d\u043e \u0438\u043d\u0444\u043e\u0440\u043c\u0438\u0440\u0443\u0435\u0442 \u0447\u0438\u0442\u0430\u0442\u0435\u043b\u0435\u0439 \u043e \u043f\u0440\u0430\u0432\u043e\u0432\u044b\u0445 \u043d\u043e\u0432\u043e\u0432\u0432\u0435\u0434\u0435\u043d\u0438\u044f\u0445 \u0432 \u043d\u0435\u043c\u0435\u0446\u043a\u043e\u043c \u0437\u0430\u043a\u043e\u043d\u043e\u0434\u0430\u0442\u0435\u043b\u044c\u0441\u0442\u0432\u0435.<\/p>\t\t\t\t\t\t\t\t<\/div>\n\t\t\t\t<\/div>\n\t\t\t\t\t<\/div>\n\t\t<\/div>\n\t\t\t\t\t<\/div>\n\t\t<\/section>\n\t\t\t\t<\/div>","protected":false},"excerpt":{"rendered":"<p>Zuwanderung nach Deutschland aus EU-L\u00e4ndern Besch\u00e4ftigung von Fl\u00fcchtlingen aus der Ukraine K\u00fcndigung\/Abfindung bei K\u00fcndigung K\u00fcndigungsschutz Neues Gesetz zur Fachkr\u00e4fteeinwanderung aus Drittstaaten ab dem 01.03.2020 Das Ziel unserer Publikationen ist es, die Leser \u00fcber die \u00c4nderungen in der deutschen Gesetzgebung zu informieren. Weiterhin m\u00f6chten wir anhand von einzelnen F\u00e4llen aus der Praxis unserer Kanzlei die oft [&hellip;]<\/p>\n","protected":false},"author":1,"featured_media":0,"parent":0,"menu_order":0,"comment_status":"closed","ping_status":"closed","template":"","meta":{"footnotes":""},"class_list":["post-1464","page","type-page","status-publish","hentry"],"yoast_head":"<!-- This site is optimized with the Yoast SEO plugin v27.5 - https:\/\/yoast.com\/product\/yoast-seo-wordpress\/ -->\n<title>Arbeitsrecht - Rechtsanwaltskanzlei Julia Ovchinski<\/title>\n<meta name=\"robots\" content=\"index, follow, max-snippet:-1, max-image-preview:large, max-video-preview:-1\" \/>\n<link rel=\"canonical\" href=\"https:\/\/anwalt-ovchinski.de\/ru\/arbeitsrecht\/\" \/>\n<meta property=\"og:locale\" content=\"ru_RU\" \/>\n<meta property=\"og:type\" content=\"article\" \/>\n<meta property=\"og:title\" content=\"Arbeitsrecht - Rechtsanwaltskanzlei Julia Ovchinski\" \/>\n<meta property=\"og:description\" content=\"Zuwanderung nach Deutschland aus EU-L\u00e4ndern Besch\u00e4ftigung von Fl\u00fcchtlingen aus der Ukraine K\u00fcndigung\/Abfindung bei K\u00fcndigung K\u00fcndigungsschutz Neues Gesetz zur Fachkr\u00e4fteeinwanderung aus Drittstaaten ab dem 01.03.2020 Das Ziel unserer Publikationen ist es, die Leser \u00fcber die \u00c4nderungen in der deutschen Gesetzgebung zu informieren. Weiterhin m\u00f6chten wir anhand von einzelnen F\u00e4llen aus der Praxis unserer Kanzlei die oft [&hellip;]\" \/>\n<meta property=\"og:url\" content=\"https:\/\/anwalt-ovchinski.de\/ru\/arbeitsrecht\/\" \/>\n<meta property=\"og:site_name\" content=\"Rechtsanwaltskanzlei Julia Ovchinski\" \/>\n<meta property=\"article:modified_time\" content=\"2021-02-01T14:24:45+00:00\" \/>\n<meta name=\"twitter:card\" content=\"summary_large_image\" \/>\n<meta name=\"twitter:label1\" content=\"\u041f\u0440\u0438\u043c\u0435\u0440\u043d\u043e\u0435 \u0432\u0440\u0435\u043c\u044f \u0434\u043b\u044f \u0447\u0442\u0435\u043d\u0438\u044f\" \/>\n\t<meta name=\"twitter:data1\" content=\"1 \u043c\u0438\u043d\u0443\u0442\u0430\" \/>\n<script type=\"application\/ld+json\" class=\"yoast-schema-graph\">{\"@context\":\"https:\\\/\\\/schema.org\",\"@graph\":[{\"@type\":\"WebPage\",\"@id\":\"https:\\\/\\\/anwalt-ovchinski.de\\\/ru\\\/arbeitsrecht\\\/\",\"url\":\"https:\\\/\\\/anwalt-ovchinski.de\\\/ru\\\/arbeitsrecht\\\/\",\"name\":\"Arbeitsrecht - Rechtsanwaltskanzlei Julia Ovchinski\",\"isPartOf\":{\"@id\":\"https:\\\/\\\/anwalt-ovchinski.de\\\/#website\"},\"datePublished\":\"2020-12-02T14:25:59+00:00\",\"dateModified\":\"2021-02-01T14:24:45+00:00\",\"breadcrumb\":{\"@id\":\"https:\\\/\\\/anwalt-ovchinski.de\\\/ru\\\/arbeitsrecht\\\/#breadcrumb\"},\"inLanguage\":\"ru-RU\",\"potentialAction\":[{\"@type\":\"ReadAction\",\"target\":[\"https:\\\/\\\/anwalt-ovchinski.de\\\/ru\\\/arbeitsrecht\\\/\"]}]},{\"@type\":\"BreadcrumbList\",\"@id\":\"https:\\\/\\\/anwalt-ovchinski.de\\\/ru\\\/arbeitsrecht\\\/#breadcrumb\",\"itemListElement\":[{\"@type\":\"ListItem\",\"position\":1,\"name\":\"Startseite\",\"item\":\"https:\\\/\\\/anwalt-ovchinski.de\\\/\"},{\"@type\":\"ListItem\",\"position\":2,\"name\":\"Arbeitsrecht\"}]},{\"@type\":\"WebSite\",\"@id\":\"https:\\\/\\\/anwalt-ovchinski.de\\\/#website\",\"url\":\"https:\\\/\\\/anwalt-ovchinski.de\\\/\",\"name\":\"Rechtsanwaltskanzlei Julia Ovchinski\",\"description\":\"Rechtsanwaltskanzlei Julia Ovchinski\",\"publisher\":{\"@id\":\"https:\\\/\\\/anwalt-ovchinski.de\\\/#organization\"},\"potentialAction\":[{\"@type\":\"SearchAction\",\"target\":{\"@type\":\"EntryPoint\",\"urlTemplate\":\"https:\\\/\\\/anwalt-ovchinski.de\\\/?s={search_term_string}\"},\"query-input\":{\"@type\":\"PropertyValueSpecification\",\"valueRequired\":true,\"valueName\":\"search_term_string\"}}],\"inLanguage\":\"ru-RU\"},{\"@type\":\"Organization\",\"@id\":\"https:\\\/\\\/anwalt-ovchinski.de\\\/#organization\",\"name\":\"Rechtsanwaltskanzlei Julia Ovchinski\",\"url\":\"https:\\\/\\\/anwalt-ovchinski.de\\\/\",\"logo\":{\"@type\":\"ImageObject\",\"inLanguage\":\"ru-RU\",\"@id\":\"https:\\\/\\\/anwalt-ovchinski.de\\\/#\\\/schema\\\/logo\\\/image\\\/\",\"url\":\"https:\\\/\\\/anwalt-ovchinski.de\\\/wp-content\\\/uploads\\\/2020\\\/11\\\/logo.png\",\"contentUrl\":\"https:\\\/\\\/anwalt-ovchinski.de\\\/wp-content\\\/uploads\\\/2020\\\/11\\\/logo.png\",\"width\":300,\"height\":98,\"caption\":\"Rechtsanwaltskanzlei Julia Ovchinski\"},\"image\":{\"@id\":\"https:\\\/\\\/anwalt-ovchinski.de\\\/#\\\/schema\\\/logo\\\/image\\\/\"}}]}<\/script>\n<!-- \/ Yoast SEO plugin. -->","yoast_head_json":{"title":"Arbeitsrecht - Rechtsanwaltskanzlei Julia Ovchinski","robots":{"index":"index","follow":"follow","max-snippet":"max-snippet:-1","max-image-preview":"max-image-preview:large","max-video-preview":"max-video-preview:-1"},"canonical":"https:\/\/anwalt-ovchinski.de\/ru\/arbeitsrecht\/","og_locale":"ru_RU","og_type":"article","og_title":"Arbeitsrecht - Rechtsanwaltskanzlei Julia Ovchinski","og_description":"Zuwanderung nach Deutschland aus EU-L\u00e4ndern Besch\u00e4ftigung von Fl\u00fcchtlingen aus der Ukraine K\u00fcndigung\/Abfindung bei K\u00fcndigung K\u00fcndigungsschutz Neues Gesetz zur Fachkr\u00e4fteeinwanderung aus Drittstaaten ab dem 01.03.2020 Das Ziel unserer Publikationen ist es, die Leser \u00fcber die \u00c4nderungen in der deutschen Gesetzgebung zu informieren. Weiterhin m\u00f6chten wir anhand von einzelnen F\u00e4llen aus der Praxis unserer Kanzlei die oft [&hellip;]","og_url":"https:\/\/anwalt-ovchinski.de\/ru\/arbeitsrecht\/","og_site_name":"Rechtsanwaltskanzlei Julia Ovchinski","article_modified_time":"2021-02-01T14:24:45+00:00","twitter_card":"summary_large_image","twitter_misc":{"\u041f\u0440\u0438\u043c\u0435\u0440\u043d\u043e\u0435 \u0432\u0440\u0435\u043c\u044f \u0434\u043b\u044f \u0447\u0442\u0435\u043d\u0438\u044f":"1 \u043c\u0438\u043d\u0443\u0442\u0430"},"schema":{"@context":"https:\/\/schema.org","@graph":[{"@type":"WebPage","@id":"https:\/\/anwalt-ovchinski.de\/ru\/arbeitsrecht\/","url":"https:\/\/anwalt-ovchinski.de\/ru\/arbeitsrecht\/","name":"Arbeitsrecht - Rechtsanwaltskanzlei Julia Ovchinski","isPartOf":{"@id":"https:\/\/anwalt-ovchinski.de\/#website"},"datePublished":"2020-12-02T14:25:59+00:00","dateModified":"2021-02-01T14:24:45+00:00","breadcrumb":{"@id":"https:\/\/anwalt-ovchinski.de\/ru\/arbeitsrecht\/#breadcrumb"},"inLanguage":"ru-RU","potentialAction":[{"@type":"ReadAction","target":["https:\/\/anwalt-ovchinski.de\/ru\/arbeitsrecht\/"]}]},{"@type":"BreadcrumbList","@id":"https:\/\/anwalt-ovchinski.de\/ru\/arbeitsrecht\/#breadcrumb","itemListElement":[{"@type":"ListItem","position":1,"name":"Startseite","item":"https:\/\/anwalt-ovchinski.de\/"},{"@type":"ListItem","position":2,"name":"Arbeitsrecht"}]},{"@type":"WebSite","@id":"https:\/\/anwalt-ovchinski.de\/#website","url":"https:\/\/anwalt-ovchinski.de\/","name":"Rechtsanwaltskanzlei Julia Ovchinski","description":"Rechtsanwaltskanzlei Julia Ovchinski","publisher":{"@id":"https:\/\/anwalt-ovchinski.de\/#organization"},"potentialAction":[{"@type":"SearchAction","target":{"@type":"EntryPoint","urlTemplate":"https:\/\/anwalt-ovchinski.de\/?s={search_term_string}"},"query-input":{"@type":"PropertyValueSpecification","valueRequired":true,"valueName":"search_term_string"}}],"inLanguage":"ru-RU"},{"@type":"Organization","@id":"https:\/\/anwalt-ovchinski.de\/#organization","name":"Rechtsanwaltskanzlei Julia Ovchinski","url":"https:\/\/anwalt-ovchinski.de\/","logo":{"@type":"ImageObject","inLanguage":"ru-RU","@id":"https:\/\/anwalt-ovchinski.de\/#\/schema\/logo\/image\/","url":"https:\/\/anwalt-ovchinski.de\/wp-content\/uploads\/2020\/11\/logo.png","contentUrl":"https:\/\/anwalt-ovchinski.de\/wp-content\/uploads\/2020\/11\/logo.png","width":300,"height":98,"caption":"Rechtsanwaltskanzlei Julia Ovchinski"},"image":{"@id":"https:\/\/anwalt-ovchinski.de\/#\/schema\/logo\/image\/"}}]}},"_links":{"self":[{"href":"https:\/\/anwalt-ovchinski.de\/ru\/wp-json\/wp\/v2\/pages\/1464","targetHints":{"allow":["GET"]}}],"collection":[{"href":"https:\/\/anwalt-ovchinski.de\/ru\/wp-json\/wp\/v2\/pages"}],"about":[{"href":"https:\/\/anwalt-ovchinski.de\/ru\/wp-json\/wp\/v2\/types\/page"}],"author":[{"embeddable":true,"href":"https:\/\/anwalt-ovchinski.de\/ru\/wp-json\/wp\/v2\/users\/1"}],"replies":[{"embeddable":true,"href":"https:\/\/anwalt-ovchinski.de\/ru\/wp-json\/wp\/v2\/comments?post=1464"}],"version-history":[{"count":13,"href":"https:\/\/anwalt-ovchinski.de\/ru\/wp-json\/wp\/v2\/pages\/1464\/revisions"}],"predecessor-version":[{"id":2360,"href":"https:\/\/anwalt-ovchinski.de\/ru\/wp-json\/wp\/v2\/pages\/1464\/revisions\/2360"}],"wp:attachment":[{"href":"https:\/\/anwalt-ovchinski.de\/ru\/wp-json\/wp\/v2\/media?parent=1464"}],"curies":[{"name":"wp","href":"https:\/\/api.w.org\/{rel}","templated":true}]}}