{"id":1452,"date":"2020-12-02T14:23:41","date_gmt":"2020-12-02T14:23:41","guid":{"rendered":"https:\/\/anwalt-ovchinski.de\/?page_id=1452"},"modified":"2021-02-01T14:24:18","modified_gmt":"2021-02-01T14:24:18","slug":"gruendung-von-gesellschaften","status":"publish","type":"page","link":"https:\/\/anwalt-ovchinski.de\/ru\/gruendung-von-gesellschaften\/","title":{"rendered":"\u0420\u0435\u0433\u0438\u0441\u0442\u0440\u0430\u0446\u0438\u044f \u0444\u0438\u0440\u043c\u044b, \u0431\u0438\u0437\u043d\u0435\u0441-\u0438\u043c\u043c\u0438\u0433\u0440\u0430\u0446\u0438\u044f"},"content":{"rendered":"<div data-elementor-type=\"wp-page\" data-elementor-id=\"1452\" class=\"elementor elementor-1452\">\n\t\t\t\t\t\t<section class=\"elementor-section elementor-top-section elementor-element elementor-element-84e8444 elementor-section-boxed elementor-section-height-default elementor-section-height-default\" data-id=\"84e8444\" data-element_type=\"section\" data-e-type=\"section\">\n\t\t\t\t\t\t<div class=\"elementor-container elementor-column-gap-default\">\n\t\t\t\t\t<div class=\"elementor-column elementor-col-100 elementor-top-column elementor-element elementor-element-68055ca\" data-id=\"68055ca\" data-element_type=\"column\" data-e-type=\"column\">\n\t\t\t<div class=\"elementor-widget-wrap elementor-element-populated\">\n\t\t\t\t\t\t<div class=\"elementor-element elementor-element-4dd86b4 elementor-widget elementor-widget-page-title\" data-id=\"4dd86b4\" data-element_type=\"widget\" data-e-type=\"widget\" data-settings=\"{&quot;align&quot;:&quot;center&quot;}\" data-widget_type=\"page-title.default\">\n\t\t\t\t<div class=\"elementor-widget-container\">\n\t\t\t\t\t\t\t\n\t\t<div class=\"hfe-page-title hfe-page-title-wrapper elementor-widget-heading\">\n\n\t\t\t\t\t\t\t\t<h1 class=\"elementor-heading-title elementor-size-default\">\n\t\t\t\t\t\t\t\t\n\t\t\t\t\u0420\u0435\u0433\u0438\u0441\u0442\u0440\u0430\u0446\u0438\u044f \u0444\u0438\u0440\u043c\u044b, \u0431\u0438\u0437\u043d\u0435\u0441-\u0438\u043c\u043c\u0438\u0433\u0440\u0430\u0446\u0438\u044f  \n\t\t\t<\/h1> \n\t\t\t\t\t<\/div>\n\t\t\t\t\t\t<\/div>\n\t\t\t\t<\/div>\n\t\t\t\t<div class=\"elementor-element elementor-element-4e47868 elementor-grid-eael-col-2 elementor-grid-tablet-eael-col-1 elementor-grid-mobile-eael-col-1 elementor-widget elementor-widget-eael-post-grid\" data-id=\"4e47868\" data-element_type=\"widget\" data-e-type=\"widget\" data-settings=\"{&quot;eael_post_grid_columns&quot;:&quot;eael-col-2&quot;,&quot;eael_post_grid_columns_tablet&quot;:&quot;eael-col-1&quot;,&quot;eael_post_grid_columns_mobile&quot;:&quot;eael-col-1&quot;}\" data-widget_type=\"eael-post-grid.default\">\n\t\t\t\t<div class=\"elementor-widget-container\">\n\t\t\t\t\t<div id=\"eael-post-grid-4e47868\" class=\"eael-post-grid-container\">\n            <div class=\"eael-post-grid eael-post-appender eael-post-appender-4e47868 eael-post-grid-style-one\" data-layout-mode=\"grid\"><article class=\"eael-grid-post  eael-post-grid-column eael-pg-post-1983 category-gruendung-von-gesellschaften\" data-id=\"1983\">\n        <div class=\"eael-grid-post-holder\">\n            <div class=\"eael-grid-post-holder-inner\"><div class=\"eael-entry-wrapper\"><header class=\"eael-entry-header\"><h2 class=\"eael-entry-title\"><a class=\"eael-grid-post-link\" href=\"https:\/\/anwalt-ovchinski.de\/ru\/business-in-deutschland\/\" title=\"\u0411\u0438\u0437\u043d\u0435\u0441 \u0432 \u0413\u0435\u0440\u043c\u0430\u043d\u0438\u0438\">\u0411\u0438\u0437\u043d\u0435\u0441 \u0432 \u0413\u0435\u0440\u043c\u0430\u043d\u0438\u0438<\/a><\/h2><\/header><\/div><\/div>\n        <\/div>\n    <\/article><article class=\"eael-grid-post  eael-post-grid-column eael-pg-post-1978 category-gruendung-von-gesellschaften\" data-id=\"1978\">\n        <div class=\"eael-grid-post-holder\">\n            <div class=\"eael-grid-post-holder-inner\"><div class=\"eael-entry-wrapper\"><header class=\"eael-entry-header\"><h2 class=\"eael-entry-title\"><a class=\"eael-grid-post-link\" href=\"https:\/\/anwalt-ovchinski.de\/ru\/%d0%b1%d0%b8%d0%b7%d0%bd%d0%b5%d1%81-%d0%b8%d0%bc%d0%bc%d0%b8%d0%b3%d1%80%d0%b0%d1%86%d0%b8%d1%8f-%d0%b2-%d0%b3%d0%b5%d1%80%d0%bc%d0%b0%d0%bd%d0%b8%d1%8e\/\" title=\"\u0411\u0438\u0437\u043d\u0435\u0441 \u0438\u043c\u043c\u0438\u0433\u0440\u0430\u0446\u0438\u044f \u0432 \u0413\u0435\u0440\u043c\u0430\u043d\u0438\u044e\">\u0411\u0438\u0437\u043d\u0435\u0441 \u0438\u043c\u043c\u0438\u0433\u0440\u0430\u0446\u0438\u044f \u0432 \u0413\u0435\u0440\u043c\u0430\u043d\u0438\u044e<\/a><\/h2><\/header><\/div><\/div>\n        <\/div>\n    <\/article><article class=\"eael-grid-post  eael-post-grid-column eael-pg-post-1973 category-gruendung-von-gesellschaften\" data-id=\"1973\">\n        <div class=\"eael-grid-post-holder\">\n            <div class=\"eael-grid-post-holder-inner\"><div class=\"eael-entry-wrapper\"><header class=\"eael-entry-header\"><h2 class=\"eael-entry-title\"><a class=\"eael-grid-post-link\" href=\"https:\/\/anwalt-ovchinski.de\/ru\/aufenthaltsrecht-und-unternehmensgruendung\/\" title=\"\u0412\u0438\u0434 \u043d\u0430 \u0436\u0438\u0442\u0435\u043b\u044c\u0441\u0442\u0432\u043e \u0438 \u0431\u0438\u0437\u043d\u0435\u0441 \u0432 \u0413\u0435\u0440\u043c\u0430\u043d\u0438\u0438\">\u0412\u0438\u0434 \u043d\u0430 \u0436\u0438\u0442\u0435\u043b\u044c\u0441\u0442\u0432\u043e \u0438 \u0431\u0438\u0437\u043d\u0435\u0441 \u0432 \u0413\u0435\u0440\u043c\u0430\u043d\u0438\u0438<\/a><\/h2><\/header><\/div><\/div>\n        <\/div>\n    <\/article><\/div>\n            <div class=\"clearfix\"><\/div>\n        <\/div>\t\t\t\t<\/div>\n\t\t\t\t<\/div>\n\t\t\t\t<div class=\"elementor-element elementor-element-7915a4b elementor-widget elementor-widget-text-editor\" data-id=\"7915a4b\" data-element_type=\"widget\" data-e-type=\"widget\" data-widget_type=\"text-editor.default\">\n\t\t\t\t<div class=\"elementor-widget-container\">\n\t\t\t\t\t<style>.elementor-element-7915a4b{display:none !important}<\/style>\t\t\t\t<\/div>\n\t\t\t\t<\/div>\n\t\t\t\t<div class=\"elementor-element elementor-element-e32d05a elementor-widget elementor-widget-text-editor\" data-id=\"e32d05a\" data-element_type=\"widget\" data-e-type=\"widget\" data-widget_type=\"text-editor.default\">\n\t\t\t\t<div class=\"elementor-widget-container\">\n\t\t\t\t\t\t\t\t\t<p>\u0426\u0435\u043b\u044c\u044e \u043f\u0443\u0431\u043b\u0438\u043a\u0430\u0446\u0438\u0439 \u043d\u0430\u0448\u0435\u0439 \u043a\u0430\u043d\u0446\u0435\u043b\u044f\u0440\u0438\u0438 \u044f\u0432\u043b\u044f\u0435\u0442\u0441\u044f \u043f\u0440\u0435\u0434\u0430\u043d\u0438\u0435 \u0433\u043b\u0430\u0441\u043d\u043e\u0441\u0442\u0438 \u044e\u0440\u0438\u0434\u0438\u0447\u0435\u0441\u043a\u043e\u0439 \u0438\u043d\u0444\u043e\u0440\u043c\u0430\u0446\u0438\u0438. \u041a\u0430\u043a \u043f\u043e\u043a\u0430\u0437\u044b\u0432\u0430\u0435\u0442 \u043f\u0440\u0430\u043a\u0442\u0438\u043a\u0430, \u0431\u0443\u043a\u0432\u0430 \u0437\u0430\u043a\u043e\u043d\u0430 \u043d\u0435 \u0432\u0441\u0435\u0433\u0434\u0430 \u043f\u043e\u043d\u044f\u0442\u043d\u0430 \u0438 \u044f\u0441\u043d\u0430, \u043f\u043e\u044d\u0442\u043e\u043c\u0443, \u043d\u0430 \u043f\u0440\u0438\u043c\u0435\u0440\u0435 \u0434\u0435\u043b \u043d\u0430\u0448\u0435\u0439 \u043a\u0430\u043d\u0446\u0435\u043b\u044f\u0440\u0438\u0438, \u043c\u044b \u0440\u0430\u0437\u044a\u044f\u0441\u043d\u044f\u0435\u043c \u0447\u0438\u0442\u0430\u0442\u0435\u043b\u044f\u043c \u0442\u0435 \u0441\u043b\u0443\u0447\u0430\u0438, \u0441 \u043a\u043e\u0442\u043e\u0440\u044b\u043c\u0438 \u043f\u0440\u0438\u0445\u043e\u0434\u0438\u0442\u044c\u0441\u044f \u0441\u0442\u0430\u043b\u043a\u0438\u0432\u0430\u0442\u044c\u0441\u044f \u043d\u0430 \u043f\u0440\u0430\u043a\u0442\u0438\u043a\u0435.<\/p><p>\u0412 \u0441\u0442\u0430\u0442\u044c\u044f\u0445 \u043d\u0430\u0448\u0430 \u043a\u0430\u043d\u0446\u0435\u043b\u044f\u0440\u0438\u044f \u043d\u0435\u0437\u0430\u043c\u0435\u0434\u043b\u0438\u0442\u0435\u043b\u044c\u043d\u043e \u0438\u043d\u0444\u043e\u0440\u043c\u0438\u0440\u0443\u0435\u0442 \u0447\u0438\u0442\u0430\u0442\u0435\u043b\u0435\u0439 \u043e \u043f\u0440\u0430\u0432\u043e\u0432\u044b\u0445 \u043d\u043e\u0432\u043e\u0432\u0432\u0435\u0434\u0435\u043d\u0438\u044f\u0445 \u0432 \u043d\u0435\u043c\u0435\u0446\u043a\u043e\u043c \u0437\u0430\u043a\u043e\u043d\u043e\u0434\u0430\u0442\u0435\u043b\u044c\u0441\u0442\u0432\u0435.<\/p>\t\t\t\t\t\t\t\t<\/div>\n\t\t\t\t<\/div>\n\t\t\t\t\t<\/div>\n\t\t<\/div>\n\t\t\t\t\t<\/div>\n\t\t<\/section>\n\t\t\t\t<\/div>","protected":false},"excerpt":{"rendered":"<p>Zuwanderung nach Deutschland aus EU-L\u00e4ndern Gesch\u00e4ftst\u00e4tigkeit in Deutschland Aufenthaltserlaubnis f\u00fcr selbst\u00e4ndige Gesch\u00e4ftst\u00e4tigkeit in Deutschland Aufenthaltsrecht und Unternehmensgr\u00fcndung Das Ziel unserer Publikationen ist es, die Leser \u00fcber die \u00c4nderungen in der deutschen Gesetzgebung zu informieren. Weiterhin m\u00f6chten wir anhand von einzelnen F\u00e4llen aus der Praxis unserer Kanzlei die oft schwierige gesetzliche Sachverhalte und Formulierungen dem Leser [&hellip;]<\/p>\n","protected":false},"author":1,"featured_media":0,"parent":0,"menu_order":0,"comment_status":"closed","ping_status":"closed","template":"","meta":{"footnotes":""},"class_list":["post-1452","page","type-page","status-publish","hentry"],"yoast_head":"<!-- This site is optimized with the Yoast SEO plugin v27.4 - https:\/\/yoast.com\/product\/yoast-seo-wordpress\/ -->\n<title>Gr\u00fcndung von Gesellschaften und Aufenthaltserlaubnis f\u00fcr selbst\u00e4ndige T\u00e4tigkeit - Rechtsanwaltskanzlei Julia Ovchinski<\/title>\n<meta name=\"robots\" content=\"index, follow, max-snippet:-1, max-image-preview:large, max-video-preview:-1\" \/>\n<link rel=\"canonical\" href=\"https:\/\/anwalt-ovchinski.de\/ru\/gruendung-von-gesellschaften\/\" \/>\n<meta property=\"og:locale\" content=\"ru_RU\" \/>\n<meta property=\"og:type\" content=\"article\" \/>\n<meta property=\"og:title\" content=\"Gr\u00fcndung von Gesellschaften und Aufenthaltserlaubnis f\u00fcr selbst\u00e4ndige T\u00e4tigkeit - Rechtsanwaltskanzlei Julia Ovchinski\" \/>\n<meta property=\"og:description\" content=\"Zuwanderung nach Deutschland aus EU-L\u00e4ndern Gesch\u00e4ftst\u00e4tigkeit in Deutschland Aufenthaltserlaubnis f\u00fcr selbst\u00e4ndige Gesch\u00e4ftst\u00e4tigkeit in Deutschland Aufenthaltsrecht und Unternehmensgr\u00fcndung Das Ziel unserer Publikationen ist es, die Leser \u00fcber die \u00c4nderungen in der deutschen Gesetzgebung zu informieren. Weiterhin m\u00f6chten wir anhand von einzelnen F\u00e4llen aus der Praxis unserer Kanzlei die oft schwierige gesetzliche Sachverhalte und Formulierungen dem Leser [&hellip;]\" \/>\n<meta property=\"og:url\" content=\"https:\/\/anwalt-ovchinski.de\/ru\/gruendung-von-gesellschaften\/\" \/>\n<meta property=\"og:site_name\" content=\"Rechtsanwaltskanzlei Julia Ovchinski\" \/>\n<meta property=\"article:modified_time\" content=\"2021-02-01T14:24:18+00:00\" \/>\n<meta name=\"twitter:card\" content=\"summary_large_image\" \/>\n<meta name=\"twitter:label1\" content=\"\u041f\u0440\u0438\u043c\u0435\u0440\u043d\u043e\u0435 \u0432\u0440\u0435\u043c\u044f \u0434\u043b\u044f \u0447\u0442\u0435\u043d\u0438\u044f\" \/>\n\t<meta name=\"twitter:data1\" content=\"1 \u043c\u0438\u043d\u0443\u0442\u0430\" \/>\n<script type=\"application\/ld+json\" class=\"yoast-schema-graph\">{\"@context\":\"https:\\\/\\\/schema.org\",\"@graph\":[{\"@type\":\"WebPage\",\"@id\":\"https:\\\/\\\/anwalt-ovchinski.de\\\/ru\\\/gruendung-von-gesellschaften\\\/\",\"url\":\"https:\\\/\\\/anwalt-ovchinski.de\\\/ru\\\/gruendung-von-gesellschaften\\\/\",\"name\":\"Gr\u00fcndung von Gesellschaften und Aufenthaltserlaubnis f\u00fcr selbst\u00e4ndige T\u00e4tigkeit - Rechtsanwaltskanzlei Julia Ovchinski\",\"isPartOf\":{\"@id\":\"https:\\\/\\\/anwalt-ovchinski.de\\\/#website\"},\"datePublished\":\"2020-12-02T14:23:41+00:00\",\"dateModified\":\"2021-02-01T14:24:18+00:00\",\"breadcrumb\":{\"@id\":\"https:\\\/\\\/anwalt-ovchinski.de\\\/ru\\\/gruendung-von-gesellschaften\\\/#breadcrumb\"},\"inLanguage\":\"ru-RU\",\"potentialAction\":[{\"@type\":\"ReadAction\",\"target\":[\"https:\\\/\\\/anwalt-ovchinski.de\\\/ru\\\/gruendung-von-gesellschaften\\\/\"]}]},{\"@type\":\"BreadcrumbList\",\"@id\":\"https:\\\/\\\/anwalt-ovchinski.de\\\/ru\\\/gruendung-von-gesellschaften\\\/#breadcrumb\",\"itemListElement\":[{\"@type\":\"ListItem\",\"position\":1,\"name\":\"Startseite\",\"item\":\"https:\\\/\\\/anwalt-ovchinski.de\\\/\"},{\"@type\":\"ListItem\",\"position\":2,\"name\":\"Gr\u00fcndung von Gesellschaften und Aufenthaltserlaubnis f\u00fcr selbst\u00e4ndige T\u00e4tigkeit\"}]},{\"@type\":\"WebSite\",\"@id\":\"https:\\\/\\\/anwalt-ovchinski.de\\\/#website\",\"url\":\"https:\\\/\\\/anwalt-ovchinski.de\\\/\",\"name\":\"Rechtsanwaltskanzlei Julia Ovchinski\",\"description\":\"Rechtsanwaltskanzlei Julia Ovchinski\",\"publisher\":{\"@id\":\"https:\\\/\\\/anwalt-ovchinski.de\\\/#organization\"},\"potentialAction\":[{\"@type\":\"SearchAction\",\"target\":{\"@type\":\"EntryPoint\",\"urlTemplate\":\"https:\\\/\\\/anwalt-ovchinski.de\\\/?s={search_term_string}\"},\"query-input\":{\"@type\":\"PropertyValueSpecification\",\"valueRequired\":true,\"valueName\":\"search_term_string\"}}],\"inLanguage\":\"ru-RU\"},{\"@type\":\"Organization\",\"@id\":\"https:\\\/\\\/anwalt-ovchinski.de\\\/#organization\",\"name\":\"Rechtsanwaltskanzlei Julia Ovchinski\",\"url\":\"https:\\\/\\\/anwalt-ovchinski.de\\\/\",\"logo\":{\"@type\":\"ImageObject\",\"inLanguage\":\"ru-RU\",\"@id\":\"https:\\\/\\\/anwalt-ovchinski.de\\\/#\\\/schema\\\/logo\\\/image\\\/\",\"url\":\"https:\\\/\\\/anwalt-ovchinski.de\\\/wp-content\\\/uploads\\\/2020\\\/11\\\/logo.png\",\"contentUrl\":\"https:\\\/\\\/anwalt-ovchinski.de\\\/wp-content\\\/uploads\\\/2020\\\/11\\\/logo.png\",\"width\":300,\"height\":98,\"caption\":\"Rechtsanwaltskanzlei Julia Ovchinski\"},\"image\":{\"@id\":\"https:\\\/\\\/anwalt-ovchinski.de\\\/#\\\/schema\\\/logo\\\/image\\\/\"}}]}<\/script>\n<!-- \/ Yoast SEO plugin. -->","yoast_head_json":{"title":"Gr\u00fcndung von Gesellschaften und Aufenthaltserlaubnis f\u00fcr selbst\u00e4ndige T\u00e4tigkeit - Rechtsanwaltskanzlei Julia Ovchinski","robots":{"index":"index","follow":"follow","max-snippet":"max-snippet:-1","max-image-preview":"max-image-preview:large","max-video-preview":"max-video-preview:-1"},"canonical":"https:\/\/anwalt-ovchinski.de\/ru\/gruendung-von-gesellschaften\/","og_locale":"ru_RU","og_type":"article","og_title":"Gr\u00fcndung von Gesellschaften und Aufenthaltserlaubnis f\u00fcr selbst\u00e4ndige T\u00e4tigkeit - Rechtsanwaltskanzlei Julia Ovchinski","og_description":"Zuwanderung nach Deutschland aus EU-L\u00e4ndern Gesch\u00e4ftst\u00e4tigkeit in Deutschland Aufenthaltserlaubnis f\u00fcr selbst\u00e4ndige Gesch\u00e4ftst\u00e4tigkeit in Deutschland Aufenthaltsrecht und Unternehmensgr\u00fcndung Das Ziel unserer Publikationen ist es, die Leser \u00fcber die \u00c4nderungen in der deutschen Gesetzgebung zu informieren. Weiterhin m\u00f6chten wir anhand von einzelnen F\u00e4llen aus der Praxis unserer Kanzlei die oft schwierige gesetzliche Sachverhalte und Formulierungen dem Leser [&hellip;]","og_url":"https:\/\/anwalt-ovchinski.de\/ru\/gruendung-von-gesellschaften\/","og_site_name":"Rechtsanwaltskanzlei Julia Ovchinski","article_modified_time":"2021-02-01T14:24:18+00:00","twitter_card":"summary_large_image","twitter_misc":{"\u041f\u0440\u0438\u043c\u0435\u0440\u043d\u043e\u0435 \u0432\u0440\u0435\u043c\u044f \u0434\u043b\u044f \u0447\u0442\u0435\u043d\u0438\u044f":"1 \u043c\u0438\u043d\u0443\u0442\u0430"},"schema":{"@context":"https:\/\/schema.org","@graph":[{"@type":"WebPage","@id":"https:\/\/anwalt-ovchinski.de\/ru\/gruendung-von-gesellschaften\/","url":"https:\/\/anwalt-ovchinski.de\/ru\/gruendung-von-gesellschaften\/","name":"Gr\u00fcndung von Gesellschaften und Aufenthaltserlaubnis f\u00fcr selbst\u00e4ndige T\u00e4tigkeit - Rechtsanwaltskanzlei Julia Ovchinski","isPartOf":{"@id":"https:\/\/anwalt-ovchinski.de\/#website"},"datePublished":"2020-12-02T14:23:41+00:00","dateModified":"2021-02-01T14:24:18+00:00","breadcrumb":{"@id":"https:\/\/anwalt-ovchinski.de\/ru\/gruendung-von-gesellschaften\/#breadcrumb"},"inLanguage":"ru-RU","potentialAction":[{"@type":"ReadAction","target":["https:\/\/anwalt-ovchinski.de\/ru\/gruendung-von-gesellschaften\/"]}]},{"@type":"BreadcrumbList","@id":"https:\/\/anwalt-ovchinski.de\/ru\/gruendung-von-gesellschaften\/#breadcrumb","itemListElement":[{"@type":"ListItem","position":1,"name":"Startseite","item":"https:\/\/anwalt-ovchinski.de\/"},{"@type":"ListItem","position":2,"name":"Gr\u00fcndung von Gesellschaften und Aufenthaltserlaubnis f\u00fcr selbst\u00e4ndige T\u00e4tigkeit"}]},{"@type":"WebSite","@id":"https:\/\/anwalt-ovchinski.de\/#website","url":"https:\/\/anwalt-ovchinski.de\/","name":"Rechtsanwaltskanzlei Julia Ovchinski","description":"Rechtsanwaltskanzlei Julia Ovchinski","publisher":{"@id":"https:\/\/anwalt-ovchinski.de\/#organization"},"potentialAction":[{"@type":"SearchAction","target":{"@type":"EntryPoint","urlTemplate":"https:\/\/anwalt-ovchinski.de\/?s={search_term_string}"},"query-input":{"@type":"PropertyValueSpecification","valueRequired":true,"valueName":"search_term_string"}}],"inLanguage":"ru-RU"},{"@type":"Organization","@id":"https:\/\/anwalt-ovchinski.de\/#organization","name":"Rechtsanwaltskanzlei Julia Ovchinski","url":"https:\/\/anwalt-ovchinski.de\/","logo":{"@type":"ImageObject","inLanguage":"ru-RU","@id":"https:\/\/anwalt-ovchinski.de\/#\/schema\/logo\/image\/","url":"https:\/\/anwalt-ovchinski.de\/wp-content\/uploads\/2020\/11\/logo.png","contentUrl":"https:\/\/anwalt-ovchinski.de\/wp-content\/uploads\/2020\/11\/logo.png","width":300,"height":98,"caption":"Rechtsanwaltskanzlei Julia Ovchinski"},"image":{"@id":"https:\/\/anwalt-ovchinski.de\/#\/schema\/logo\/image\/"}}]}},"_links":{"self":[{"href":"https:\/\/anwalt-ovchinski.de\/ru\/wp-json\/wp\/v2\/pages\/1452","targetHints":{"allow":["GET"]}}],"collection":[{"href":"https:\/\/anwalt-ovchinski.de\/ru\/wp-json\/wp\/v2\/pages"}],"about":[{"href":"https:\/\/anwalt-ovchinski.de\/ru\/wp-json\/wp\/v2\/types\/page"}],"author":[{"embeddable":true,"href":"https:\/\/anwalt-ovchinski.de\/ru\/wp-json\/wp\/v2\/users\/1"}],"replies":[{"embeddable":true,"href":"https:\/\/anwalt-ovchinski.de\/ru\/wp-json\/wp\/v2\/comments?post=1452"}],"version-history":[{"count":19,"href":"https:\/\/anwalt-ovchinski.de\/ru\/wp-json\/wp\/v2\/pages\/1452\/revisions"}],"predecessor-version":[{"id":2342,"href":"https:\/\/anwalt-ovchinski.de\/ru\/wp-json\/wp\/v2\/pages\/1452\/revisions\/2342"}],"wp:attachment":[{"href":"https:\/\/anwalt-ovchinski.de\/ru\/wp-json\/wp\/v2\/media?parent=1452"}],"curies":[{"name":"wp","href":"https:\/\/api.w.org\/{rel}","templated":true}]}}