{"id":1442,"date":"2020-12-02T14:22:05","date_gmt":"2020-12-02T14:22:05","guid":{"rendered":"https:\/\/anwalt-ovchinski.de\/?page_id=1442"},"modified":"2021-02-01T14:24:10","modified_gmt":"2021-02-01T14:24:10","slug":"spaetaussiedler","status":"publish","type":"page","link":"https:\/\/anwalt-ovchinski.de\/ru\/spaetaussiedler\/","title":{"rendered":"\u041f\u043e\u0437\u0434\u043d\u0438\u0435 \u043f\u0435\u0440\u0435\u0441\u0435\u043b\u0435\u043d\u0446\u044b"},"content":{"rendered":"<div data-elementor-type=\"wp-page\" data-elementor-id=\"1442\" class=\"elementor elementor-1442\">\n\t\t\t\t\t\t<section class=\"elementor-section elementor-top-section elementor-element elementor-element-0db2fa0 elementor-section-boxed elementor-section-height-default elementor-section-height-default\" data-id=\"0db2fa0\" data-element_type=\"section\" data-e-type=\"section\">\n\t\t\t\t\t\t<div class=\"elementor-container elementor-column-gap-default\">\n\t\t\t\t\t<div class=\"elementor-column elementor-col-100 elementor-top-column elementor-element elementor-element-d9f2f60\" data-id=\"d9f2f60\" data-element_type=\"column\" data-e-type=\"column\">\n\t\t\t<div class=\"elementor-widget-wrap elementor-element-populated\">\n\t\t\t\t\t\t<div class=\"elementor-element elementor-element-011fb1a elementor-widget elementor-widget-page-title\" data-id=\"011fb1a\" data-element_type=\"widget\" data-e-type=\"widget\" data-settings=\"{&quot;align&quot;:&quot;center&quot;}\" data-widget_type=\"page-title.default\">\n\t\t\t\t<div class=\"elementor-widget-container\">\n\t\t\t\t\t\t\t\n\t\t<div class=\"hfe-page-title hfe-page-title-wrapper elementor-widget-heading\">\n\n\t\t\t\t\t\t\t\t<h1 class=\"elementor-heading-title elementor-size-default\">\n\t\t\t\t\t\t\t\t\n\t\t\t\t\u041f\u043e\u0437\u0434\u043d\u0438\u0435 \u043f\u0435\u0440\u0435\u0441\u0435\u043b\u0435\u043d\u0446\u044b  \n\t\t\t<\/h1> \n\t\t\t\t\t<\/div>\n\t\t\t\t\t\t<\/div>\n\t\t\t\t<\/div>\n\t\t\t\t<div class=\"elementor-element elementor-element-e7faa42 elementor-grid-eael-col-2 elementor-grid-tablet-eael-col-1 elementor-grid-mobile-eael-col-1 elementor-widget elementor-widget-eael-post-grid\" data-id=\"e7faa42\" data-element_type=\"widget\" data-e-type=\"widget\" data-settings=\"{&quot;eael_post_grid_columns&quot;:&quot;eael-col-2&quot;,&quot;eael_post_grid_columns_tablet&quot;:&quot;eael-col-1&quot;,&quot;eael_post_grid_columns_mobile&quot;:&quot;eael-col-1&quot;}\" data-widget_type=\"eael-post-grid.default\">\n\t\t\t\t<div class=\"elementor-widget-container\">\n\t\t\t\t\t<div id=\"eael-post-grid-e7faa42\" class=\"eael-post-grid-container\">\n            <div class=\"eael-post-grid eael-post-appender eael-post-appender-e7faa42 eael-post-grid-style-one\" data-layout-mode=\"grid\"><article class=\"eael-grid-post  eael-post-grid-column eael-pg-post-1925 category-spaetaussiedler\" data-id=\"1925\">\n        <div class=\"eael-grid-post-holder\">\n            <div class=\"eael-grid-post-holder-inner\"><div class=\"eael-entry-wrapper\"><header class=\"eael-entry-header\"><h2 class=\"eael-entry-title\"><a class=\"eael-grid-post-link\" href=\"https:\/\/anwalt-ovchinski.de\/ru\/%d1%83%d1%81%d0%bf%d0%b5%d1%85-%d0%b2-%d0%b4%d0%b5%d0%bb%d0%b0%d1%85-%d0%bf%d0%be%d0%b7%d0%b4%d0%bd%d0%b8%d1%85-%d0%bf%d0%b5%d1%80%d0%b5%d1%81%d0%b5%d0%b4%d0%b5%d0%bd%d1%86%d0%b5%d0%b2\/\" title=\"\u0423\u0441\u043f\u0435\u0445 \u0432 \u0434\u0435\u043b\u0430\u0445 \u043f\u043e\u0437\u0434\u043d\u0438\u0445 \u043f\u0435\u0440\u0435\u0441\u0435\u0434\u0435\u043d\u0446\u0435\u0432\">\u0423\u0441\u043f\u0435\u0445 \u0432 \u0434\u0435\u043b\u0430\u0445 \u043f\u043e\u0437\u0434\u043d\u0438\u0445 \u043f\u0435\u0440\u0435\u0441\u0435\u0434\u0435\u043d\u0446\u0435\u0432<\/a><\/h2><\/header><\/div><\/div>\n        <\/div>\n    <\/article><article class=\"eael-grid-post  eael-post-grid-column eael-pg-post-1920 category-spaetaussiedler\" data-id=\"1920\">\n        <div class=\"eael-grid-post-holder\">\n            <div class=\"eael-grid-post-holder-inner\"><div class=\"eael-entry-wrapper\"><header class=\"eael-entry-header\"><h2 class=\"eael-entry-title\"><a class=\"eael-grid-post-link\" href=\"https:\/\/anwalt-ovchinski.de\/ru\/%d0%bd%d0%b0-%d0%bf%d0%be%d0%bf%d1%80%d0%b0%d0%b2%d0%ba%d0%b8-%d0%ba-%d0%b7%d0%b0%d0%ba%d0%be%d0%bd%d1%83-%d0%be-%d0%bf%d0%be%d0%b7%d0%b4%d0%bd%d0%b8%d1%85-%d0%bf%d0%b5%d1%80%d0%b5%d1%81%d0%b5\/\" title=\"\u041d\u0430 \u043f\u043e\u043f\u0440\u0430\u0432\u043a\u0438 \u043a \u0437\u0430\u043a\u043e\u043d\u0443 \u00ab\u041e \u043f\u043e\u0437\u0434\u043d\u0438\u0445 \u043f\u0435\u0440\u0435\u0441\u0435\u043b\u0435\u043d\u0446\u0430\u0445\u00bb\">\u041d\u0430 \u043f\u043e\u043f\u0440\u0430\u0432\u043a\u0438 \u043a \u0437\u0430\u043a\u043e\u043d\u0443 \u00ab\u041e \u043f\u043e\u0437\u0434\u043d\u0438\u0445 \u043f\u0435\u0440\u0435\u0441\u0435\u043b\u0435\u043d\u0446\u0430\u0445\u00bb<\/a><\/h2><\/header><\/div><\/div>\n        <\/div>\n    <\/article><article class=\"eael-grid-post  eael-post-grid-column eael-pg-post-1915 category-spaetaussiedler\" data-id=\"1915\">\n        <div class=\"eael-grid-post-holder\">\n            <div class=\"eael-grid-post-holder-inner\"><div class=\"eael-entry-wrapper\"><header class=\"eael-entry-header\"><h2 class=\"eael-entry-title\"><a class=\"eael-grid-post-link\" href=\"https:\/\/anwalt-ovchinski.de\/ru\/%d0%bf%d0%be%d0%bf%d1%80%d0%b0%d0%b2%d0%ba%d0%b0-%d0%ba-%d0%b7%d0%b0%d0%ba%d0%be%d0%bd%d1%83-%d0%b1%d1%8b%d0%bb%d1%8c-%d0%b8-%d0%b2%d1%8b%d0%bc%d1%8b%d1%81%d0%b5%d0%bb\/\" title=\"\u041f\u043e\u043f\u0440\u0430\u0432\u043a\u0430 \u043a \u0437\u0430\u043a\u043e\u043d\u0443. \u0411\u044b\u043b\u044c \u0438 \u0432\u044b\u043c\u044b\u0441\u0435\u043b\">\u041f\u043e\u043f\u0440\u0430\u0432\u043a\u0430 \u043a \u0437\u0430\u043a\u043e\u043d\u0443. \u0411\u044b\u043b\u044c \u0438 \u0432\u044b\u043c\u044b\u0441\u0435\u043b<\/a><\/h2><\/header><\/div><\/div>\n        <\/div>\n    <\/article><article class=\"eael-grid-post  eael-post-grid-column eael-pg-post-1910 category-spaetaussiedler\" data-id=\"1910\">\n        <div class=\"eael-grid-post-holder\">\n            <div class=\"eael-grid-post-holder-inner\"><div class=\"eael-entry-wrapper\"><header class=\"eael-entry-header\"><h2 class=\"eael-entry-title\"><a class=\"eael-grid-post-link\" href=\"https:\/\/anwalt-ovchinski.de\/ru\/%d0%b2%d0%be%d1%81%d1%81%d0%be%d0%b5%d0%b4%d0%b8%d0%bd%d0%b5%d0%bd%d0%b8%d0%b5-%d1%81%d0%b5%d0%bc%d0%b5%d0%b9-%d0%bf%d0%be%d0%b7%d0%b4%d0%bd%d0%b8%d1%85-%d0%bf%d0%b5%d1%80%d0%b5%d1%81%d0%b5%d0%bb\/\" title=\"\u0412\u043e\u0441\u0441\u043e\u0435\u0434\u0438\u043d\u0435\u043d\u0438\u0435 \u0441\u0435\u043c\u0435\u0439 \u043f\u043e\u0437\u0434\u043d\u0438\u0445 \u043f\u0435\u0440\u0435\u0441\u0435\u043b\u0435\u043d\u0446\u0435\u0432 \u2013 \u041d\u043e\u0432\u044b\u0439 \u0437\u0430\u043a\u043e\u043d\">\u0412\u043e\u0441\u0441\u043e\u0435\u0434\u0438\u043d\u0435\u043d\u0438\u0435 \u0441\u0435\u043c\u0435\u0439 \u043f\u043e\u0437\u0434\u043d\u0438\u0445 \u043f\u0435\u0440\u0435\u0441\u0435\u043b\u0435\u043d\u0446\u0435\u0432 \u2013 \u041d\u043e\u0432\u044b\u0439 \u0437\u0430\u043a\u043e\u043d<\/a><\/h2><\/header><\/div><\/div>\n        <\/div>\n    <\/article><article class=\"eael-grid-post  eael-post-grid-column eael-pg-post-1905 category-spaetaussiedler\" data-id=\"1905\">\n        <div class=\"eael-grid-post-holder\">\n            <div class=\"eael-grid-post-holder-inner\"><div class=\"eael-entry-wrapper\"><header class=\"eael-entry-header\"><h2 class=\"eael-entry-title\"><a class=\"eael-grid-post-link\" href=\"https:\/\/anwalt-ovchinski.de\/ru\/erleichterungen-in-dem-bundesvertriebenengesetz-vom-13-06-2013\/\" title=\"\u0423\u043f\u0440\u043e\u0449\u0435\u043d\u0438\u0435 \u0437\u0430\u043a\u043e\u043d\u0430 \u00ab\u041e \u043f\u043e\u0437\u0434\u043d\u0438\u0445 \u043f\u0435\u0440\u0435\u0441\u0435\u043b\u0435\u043d\u0446\u0430\u0445\u00bb \u043e\u0442 13.06.2013\">\u0423\u043f\u0440\u043e\u0449\u0435\u043d\u0438\u0435 \u0437\u0430\u043a\u043e\u043d\u0430 \u00ab\u041e \u043f\u043e\u0437\u0434\u043d\u0438\u0445 \u043f\u0435\u0440\u0435\u0441\u0435\u043b\u0435\u043d\u0446\u0430\u0445\u00bb \u043e\u0442 13.06.2013<\/a><\/h2><\/header><\/div><\/div>\n        <\/div>\n    <\/article><article class=\"eael-grid-post  eael-post-grid-column eael-pg-post-1900 category-spaetaussiedler\" data-id=\"1900\">\n        <div class=\"eael-grid-post-holder\">\n            <div class=\"eael-grid-post-holder-inner\"><div class=\"eael-entry-wrapper\"><header class=\"eael-entry-header\"><h2 class=\"eael-entry-title\"><a class=\"eael-grid-post-link\" href=\"https:\/\/anwalt-ovchinski.de\/ru\/antrag-auf-anerkennung-als-spaetaussiedler-was-muss-beachtet-werden\/\" title=\"\u041d\u0430 \u0447\u0442\u043e \u0441\u0442\u043e\u0438\u0442 \u043e\u0431\u0440\u0430\u0442\u0438\u0442\u044c \u0432\u043d\u0438\u043c\u0430\u043d\u0438\u0435 \u043f\u0440\u0438 \u043f\u043e\u0434\u0430\u0447\u0435 \u0434\u043e\u043a\u0443\u043c\u0435\u043d\u0442\u043e\u0432 \u043d\u0430 \u0441\u0442\u0430\u0442\u0443\u0441 \u043f\u043e\u0437\u0434\u043d\u0435\u0433\u043e \u043f\u0435\u0440\u0435\u0441\u0435\u043b\u0435\u043d\u0446\u0430\">\u041d\u0430 \u0447\u0442\u043e \u0441\u0442\u043e\u0438\u0442 \u043e\u0431\u0440\u0430\u0442\u0438\u0442\u044c \u0432\u043d\u0438\u043c\u0430\u043d\u0438\u0435 \u043f\u0440\u0438 \u043f\u043e\u0434\u0430\u0447\u0435 \u0434\u043e\u043a\u0443\u043c\u0435\u043d\u0442\u043e\u0432 \u043d\u0430 \u0441\u0442\u0430\u0442\u0443\u0441 \u043f\u043e\u0437\u0434\u043d\u0435\u0433\u043e \u043f\u0435\u0440\u0435\u0441\u0435\u043b\u0435\u043d\u0446\u0430<\/a><\/h2><\/header><\/div><\/div>\n        <\/div>\n    <\/article><article class=\"eael-grid-post  eael-post-grid-column eael-pg-post-1895 category-spaetaussiedler\" data-id=\"1895\">\n        <div class=\"eael-grid-post-holder\">\n            <div class=\"eael-grid-post-holder-inner\"><div class=\"eael-entry-wrapper\"><header class=\"eael-entry-header\"><h2 class=\"eael-entry-title\"><a class=\"eael-grid-post-link\" href=\"https:\/\/anwalt-ovchinski.de\/ru\/%d1%83%d0%bf%d1%80%d0%be%d1%89%d0%b5%d0%bd%d0%b8%d0%b5-%d0%b7%d0%b0%d0%ba%d0%be%d0%bd%d0%b0-%d0%be-%d0%bf%d0%be%d0%b7%d0%b4%d0%bd%d0%b8%d1%85-%d0%bf%d0%b5%d1%80%d0%b5%d1%81%d0%b5%d0%bb%d0%b5\/\" title=\"\u0423\u043f\u0440\u043e\u0449\u0435\u043d\u0438\u0435 \u0437\u0430\u043a\u043e\u043d\u0430 \u00ab\u041e \u043f\u043e\u0437\u0434\u043d\u0438\u0445 \u043f\u0435\u0440\u0435\u0441\u0435\u043b\u0435\u043d\u0446\u0430\u0445\u00bb \u043e\u0442 13.06.2013\">\u0423\u043f\u0440\u043e\u0449\u0435\u043d\u0438\u0435 \u0437\u0430\u043a\u043e\u043d\u0430 \u00ab\u041e \u043f\u043e\u0437\u0434\u043d\u0438\u0445 \u043f\u0435\u0440\u0435\u0441\u0435\u043b\u0435\u043d\u0446\u0430\u0445\u00bb \u043e\u0442 13.06.2013<\/a><\/h2><\/header><\/div><\/div>\n        <\/div>\n    <\/article><article class=\"eael-grid-post  eael-post-grid-column eael-pg-post-1890 category-spaetaussiedler\" data-id=\"1890\">\n        <div class=\"eael-grid-post-holder\">\n            <div class=\"eael-grid-post-holder-inner\"><div class=\"eael-entry-wrapper\"><header class=\"eael-entry-header\"><h2 class=\"eael-entry-title\"><a class=\"eael-grid-post-link\" href=\"https:\/\/anwalt-ovchinski.de\/ru\/%d0%bf%d0%be%d0%b7%d0%b4%d0%bd%d0%b8%d0%b5-%d0%bf%d0%b5%d1%80%d0%b5%d1%81%d0%b5%d0%bb%d0%b5%d0%bd%d1%86%d1%8b-%d0%b2%d0%bd%d0%b8%d0%bc%d0%b0%d0%bd%d0%b8%d0%b5-%d0%ba%d0%be%d0%bb%d0%b8%d1%87%d0%b5\/\" title=\"\u041f\u043e\u0437\u0434\u043d\u0438\u0435 \u043f\u0435\u0440\u0435\u0441\u0435\u043b\u0435\u043d\u0446\u044b, \u0432\u043d\u0438\u043c\u0430\u043d\u0438\u0435: \u043a\u043e\u043b\u0438\u0447\u0435\u0441\u0442\u0432\u043e \u0440\u0430\u0437\u0440\u0435\u0448\u0435\u043d\u0438\u0439 \u043d\u0430 \u0432\u044a\u0435\u0437\u0434 \u043e\u0433\u0440\u0430\u043d\u0438\u0447\u0435\u043d\u043e!\">\u041f\u043e\u0437\u0434\u043d\u0438\u0435 \u043f\u0435\u0440\u0435\u0441\u0435\u043b\u0435\u043d\u0446\u044b, \u0432\u043d\u0438\u043c\u0430\u043d\u0438\u0435: \u043a\u043e\u043b\u0438\u0447\u0435\u0441\u0442\u0432\u043e \u0440\u0430\u0437\u0440\u0435\u0448\u0435\u043d\u0438\u0439 \u043d\u0430 \u0432\u044a\u0435\u0437\u0434 \u043e\u0433\u0440\u0430\u043d\u0438\u0447\u0435\u043d\u043e!<\/a><\/h2><\/header><\/div><\/div>\n        <\/div>\n    <\/article><article class=\"eael-grid-post  eael-post-grid-column eael-pg-post-1885 category-spaetaussiedler\" data-id=\"1885\">\n        <div class=\"eael-grid-post-holder\">\n            <div class=\"eael-grid-post-holder-inner\"><div class=\"eael-entry-wrapper\"><header class=\"eael-entry-header\"><h2 class=\"eael-entry-title\"><a class=\"eael-grid-post-link\" href=\"https:\/\/anwalt-ovchinski.de\/ru\/%d0%b2%d1%8a%d0%b5%d0%b7%d0%b4-%d0%bf%d0%be%d0%b7%d0%b4%d0%bd%d0%b8%d0%bc-%d0%bf%d0%b5%d1%80%d0%b5%d1%81%d0%b5%d0%bb%d0%b5%d0%bd%d1%86%d0%b0%d0%bc-%d1%80%d0%b0%d0%b7%d1%80%d0%b5%d1%88%d0%b5%d0%bd\/\" title=\"\u0412\u044a\u0435\u0437\u0434 \u043f\u043e\u0437\u0434\u043d\u0438\u043c \u043f\u0435\u0440\u0435\u0441\u0435\u043b\u0435\u043d\u0446\u0430\u043c \u0440\u0430\u0437\u0440\u0435\u0448\u0435\u043d\">\u0412\u044a\u0435\u0437\u0434 \u043f\u043e\u0437\u0434\u043d\u0438\u043c \u043f\u0435\u0440\u0435\u0441\u0435\u043b\u0435\u043d\u0446\u0430\u043c \u0440\u0430\u0437\u0440\u0435\u0448\u0435\u043d<\/a><\/h2><\/header><\/div><\/div>\n        <\/div>\n    <\/article><article class=\"eael-grid-post  eael-post-grid-column eael-pg-post-1880 category-spaetaussiedler\" data-id=\"1880\">\n        <div class=\"eael-grid-post-holder\">\n            <div class=\"eael-grid-post-holder-inner\"><div class=\"eael-entry-wrapper\"><header class=\"eael-entry-header\"><h2 class=\"eael-entry-title\"><a class=\"eael-grid-post-link\" href=\"https:\/\/anwalt-ovchinski.de\/ru\/%d0%bf%d0%be%d0%b7%d0%b4%d0%bd%d0%b8%d0%b5-%d0%bf%d0%b5%d1%80%d0%b5%d1%81%d0%b5%d0%bb%d0%b5%d0%bd%d1%86%d1%8b-%d0%b2-%d0%b3%d0%b5%d1%80%d0%bc%d0%b0%d0%bd%d0%b8%d1%8e-2014\/\" title=\"\u041f\u043e\u0437\u0434\u043d\u0438\u0435 \u043f\u0435\u0440\u0435\u0441\u0435\u043b\u0435\u043d\u0446\u044b \u0432 \u0413\u0435\u0440\u043c\u0430\u043d\u0438\u044e 2014\">\u041f\u043e\u0437\u0434\u043d\u0438\u0435 \u043f\u0435\u0440\u0435\u0441\u0435\u043b\u0435\u043d\u0446\u044b \u0432 \u0413\u0435\u0440\u043c\u0430\u043d\u0438\u044e 2014<\/a><\/h2><\/header><\/div><\/div>\n        <\/div>\n    <\/article><article class=\"eael-grid-post  eael-post-grid-column eael-pg-post-1875 category-spaetaussiedler\" data-id=\"1875\">\n        <div class=\"eael-grid-post-holder\">\n            <div class=\"eael-grid-post-holder-inner\"><div class=\"eael-entry-wrapper\"><header class=\"eael-entry-header\"><h2 class=\"eael-entry-title\"><a class=\"eael-grid-post-link\" href=\"https:\/\/anwalt-ovchinski.de\/ru\/erleichterung-einer-einreise-fuer-spaetaussiedler-in-die-bundesrepublik-deutschland\/\" title=\"\u0423\u043f\u0440\u043e\u0449\u0435\u043d\u0438\u044f \u043f\u0435\u0440\u0435\u0435\u0437\u0434\u0430 \u0432 \u0413\u0435\u0440\u043c\u0430\u043d\u0438\u044e \u0434\u043b\u044f \u043f\u043e\u0437\u0434\u043d\u0438\u0445 \u043f\u0435\u0440\u0435\u0441\u0435\u043b\u0435\u043d\u0446\u0435\u0432\">\u0423\u043f\u0440\u043e\u0449\u0435\u043d\u0438\u044f \u043f\u0435\u0440\u0435\u0435\u0437\u0434\u0430 \u0432 \u0413\u0435\u0440\u043c\u0430\u043d\u0438\u044e \u0434\u043b\u044f \u043f\u043e\u0437\u0434\u043d\u0438\u0445 \u043f\u0435\u0440\u0435\u0441\u0435\u043b\u0435\u043d\u0446\u0435\u0432<\/a><\/h2><\/header><\/div><\/div>\n        <\/div>\n    <\/article><\/div>\n            <div class=\"clearfix\"><\/div>\n        <\/div>\t\t\t\t<\/div>\n\t\t\t\t<\/div>\n\t\t\t\t<div class=\"elementor-element elementor-element-d193821 elementor-widget elementor-widget-text-editor\" data-id=\"d193821\" data-element_type=\"widget\" data-e-type=\"widget\" data-widget_type=\"text-editor.default\">\n\t\t\t\t<div class=\"elementor-widget-container\">\n\t\t\t\t\t<style>.elementor-element-d193821{display:none !important}<\/style>\t\t\t\t<\/div>\n\t\t\t\t<\/div>\n\t\t\t\t<div class=\"elementor-element elementor-element-6826a77 elementor-widget elementor-widget-text-editor\" data-id=\"6826a77\" data-element_type=\"widget\" data-e-type=\"widget\" data-widget_type=\"text-editor.default\">\n\t\t\t\t<div class=\"elementor-widget-container\">\n\t\t\t\t\t\t\t\t\t<p>\u0412 \u0441\u0442\u0430\u0442\u044c\u044f\u0445 \u043d\u0430\u0448\u0430 \u043a\u0430\u043d\u0446\u0435\u043b\u044f\u0440\u0438\u044f \u043d\u0435\u0437\u0430\u043c\u0435\u0434\u043b\u0438\u0442\u0435\u043b\u044c\u043d\u043e \u0438\u043d\u0444\u043e\u0440\u043c\u0438\u0440\u0443\u0435\u0442 \u0447\u0438\u0442\u0430\u0442\u0435\u043b\u0435\u0439 \u043e \u043f\u0440\u0430\u0432\u043e\u0432\u044b\u0445 \u043d\u043e\u0432\u043e\u0432\u0432\u0435\u0434\u0435\u043d\u0438\u044f\u0445 \u0432 \u043d\u0435\u043c\u0435\u0446\u043a\u043e\u043c \u0437\u0430\u043a\u043e\u043d\u043e\u0434\u0430\u0442\u0435\u043b\u044c\u0441\u0442\u0432\u0435.<\/p>\t\t\t\t\t\t\t\t<\/div>\n\t\t\t\t<\/div>\n\t\t\t\t\t<\/div>\n\t\t<\/div>\n\t\t\t\t\t<\/div>\n\t\t<\/section>\n\t\t\t\t<\/div>","protected":false},"excerpt":{"rendered":"<p>Zuwanderung nach Deutschland aus EU-L\u00e4ndern Erfolg in den F\u00e4llen der Sp\u00e4taussiedler Erneuerungen im Bundesvertriebenengesetz Bundesvertriebenengesetz Familienzusammenf\u00fchrung f\u00fcr Sp\u00e4taussiedler Erleichterungen in dem Bundesvertriebenengesetz vom 13.06.2013 Antrag auf Anerkennung als Sp\u00e4taussiedler, was muss beachtet werden Erleichterungen in dem Bundesvertriebenengesetz vom 13.06.2013 Einreise in die Bundesrepublik Deutschland Einreise f\u00fcr die Sp\u00e4taussiedler ist erlaubt Sp\u00e4taussiedler nach Deutschland 2014 Erleichterung [&hellip;]<\/p>\n","protected":false},"author":1,"featured_media":0,"parent":0,"menu_order":0,"comment_status":"closed","ping_status":"closed","template":"","meta":{"footnotes":""},"class_list":["post-1442","page","type-page","status-publish","hentry"],"yoast_head":"<!-- This site is optimized with the Yoast SEO plugin v27.5 - https:\/\/yoast.com\/product\/yoast-seo-wordpress\/ -->\n<title>Sp\u00e4taussiedler - Rechtsanwaltskanzlei Julia Ovchinski<\/title>\n<meta name=\"robots\" content=\"index, follow, max-snippet:-1, max-image-preview:large, max-video-preview:-1\" \/>\n<link rel=\"canonical\" href=\"https:\/\/anwalt-ovchinski.de\/ru\/spaetaussiedler\/\" \/>\n<meta property=\"og:locale\" content=\"ru_RU\" \/>\n<meta property=\"og:type\" content=\"article\" \/>\n<meta property=\"og:title\" content=\"Sp\u00e4taussiedler - Rechtsanwaltskanzlei Julia Ovchinski\" \/>\n<meta property=\"og:description\" content=\"Zuwanderung nach Deutschland aus EU-L\u00e4ndern Erfolg in den F\u00e4llen der Sp\u00e4taussiedler Erneuerungen im Bundesvertriebenengesetz Bundesvertriebenengesetz Familienzusammenf\u00fchrung f\u00fcr Sp\u00e4taussiedler Erleichterungen in dem Bundesvertriebenengesetz vom 13.06.2013 Antrag auf Anerkennung als Sp\u00e4taussiedler, was muss beachtet werden Erleichterungen in dem Bundesvertriebenengesetz vom 13.06.2013 Einreise in die Bundesrepublik Deutschland Einreise f\u00fcr die Sp\u00e4taussiedler ist erlaubt Sp\u00e4taussiedler nach Deutschland 2014 Erleichterung [&hellip;]\" \/>\n<meta property=\"og:url\" content=\"https:\/\/anwalt-ovchinski.de\/ru\/spaetaussiedler\/\" \/>\n<meta property=\"og:site_name\" content=\"Rechtsanwaltskanzlei Julia Ovchinski\" \/>\n<meta property=\"article:modified_time\" content=\"2021-02-01T14:24:10+00:00\" \/>\n<meta name=\"twitter:card\" content=\"summary_large_image\" \/>\n<meta name=\"twitter:label1\" content=\"\u041f\u0440\u0438\u043c\u0435\u0440\u043d\u043e\u0435 \u0432\u0440\u0435\u043c\u044f \u0434\u043b\u044f \u0447\u0442\u0435\u043d\u0438\u044f\" \/>\n\t<meta name=\"twitter:data1\" content=\"1 \u043c\u0438\u043d\u0443\u0442\u0430\" \/>\n<script type=\"application\/ld+json\" class=\"yoast-schema-graph\">{\"@context\":\"https:\\\/\\\/schema.org\",\"@graph\":[{\"@type\":\"WebPage\",\"@id\":\"https:\\\/\\\/anwalt-ovchinski.de\\\/ru\\\/spaetaussiedler\\\/\",\"url\":\"https:\\\/\\\/anwalt-ovchinski.de\\\/ru\\\/spaetaussiedler\\\/\",\"name\":\"Sp\u00e4taussiedler - Rechtsanwaltskanzlei Julia Ovchinski\",\"isPartOf\":{\"@id\":\"https:\\\/\\\/anwalt-ovchinski.de\\\/#website\"},\"datePublished\":\"2020-12-02T14:22:05+00:00\",\"dateModified\":\"2021-02-01T14:24:10+00:00\",\"breadcrumb\":{\"@id\":\"https:\\\/\\\/anwalt-ovchinski.de\\\/ru\\\/spaetaussiedler\\\/#breadcrumb\"},\"inLanguage\":\"ru-RU\",\"potentialAction\":[{\"@type\":\"ReadAction\",\"target\":[\"https:\\\/\\\/anwalt-ovchinski.de\\\/ru\\\/spaetaussiedler\\\/\"]}]},{\"@type\":\"BreadcrumbList\",\"@id\":\"https:\\\/\\\/anwalt-ovchinski.de\\\/ru\\\/spaetaussiedler\\\/#breadcrumb\",\"itemListElement\":[{\"@type\":\"ListItem\",\"position\":1,\"name\":\"Startseite\",\"item\":\"https:\\\/\\\/anwalt-ovchinski.de\\\/\"},{\"@type\":\"ListItem\",\"position\":2,\"name\":\"Sp\u00e4taussiedler\"}]},{\"@type\":\"WebSite\",\"@id\":\"https:\\\/\\\/anwalt-ovchinski.de\\\/#website\",\"url\":\"https:\\\/\\\/anwalt-ovchinski.de\\\/\",\"name\":\"Rechtsanwaltskanzlei Julia Ovchinski\",\"description\":\"Rechtsanwaltskanzlei Julia Ovchinski\",\"publisher\":{\"@id\":\"https:\\\/\\\/anwalt-ovchinski.de\\\/#organization\"},\"potentialAction\":[{\"@type\":\"SearchAction\",\"target\":{\"@type\":\"EntryPoint\",\"urlTemplate\":\"https:\\\/\\\/anwalt-ovchinski.de\\\/?s={search_term_string}\"},\"query-input\":{\"@type\":\"PropertyValueSpecification\",\"valueRequired\":true,\"valueName\":\"search_term_string\"}}],\"inLanguage\":\"ru-RU\"},{\"@type\":\"Organization\",\"@id\":\"https:\\\/\\\/anwalt-ovchinski.de\\\/#organization\",\"name\":\"Rechtsanwaltskanzlei Julia Ovchinski\",\"url\":\"https:\\\/\\\/anwalt-ovchinski.de\\\/\",\"logo\":{\"@type\":\"ImageObject\",\"inLanguage\":\"ru-RU\",\"@id\":\"https:\\\/\\\/anwalt-ovchinski.de\\\/#\\\/schema\\\/logo\\\/image\\\/\",\"url\":\"https:\\\/\\\/anwalt-ovchinski.de\\\/wp-content\\\/uploads\\\/2020\\\/11\\\/logo.png\",\"contentUrl\":\"https:\\\/\\\/anwalt-ovchinski.de\\\/wp-content\\\/uploads\\\/2020\\\/11\\\/logo.png\",\"width\":300,\"height\":98,\"caption\":\"Rechtsanwaltskanzlei Julia Ovchinski\"},\"image\":{\"@id\":\"https:\\\/\\\/anwalt-ovchinski.de\\\/#\\\/schema\\\/logo\\\/image\\\/\"}}]}<\/script>\n<!-- \/ Yoast SEO plugin. -->","yoast_head_json":{"title":"Sp\u00e4taussiedler - Rechtsanwaltskanzlei Julia Ovchinski","robots":{"index":"index","follow":"follow","max-snippet":"max-snippet:-1","max-image-preview":"max-image-preview:large","max-video-preview":"max-video-preview:-1"},"canonical":"https:\/\/anwalt-ovchinski.de\/ru\/spaetaussiedler\/","og_locale":"ru_RU","og_type":"article","og_title":"Sp\u00e4taussiedler - Rechtsanwaltskanzlei Julia Ovchinski","og_description":"Zuwanderung nach Deutschland aus EU-L\u00e4ndern Erfolg in den F\u00e4llen der Sp\u00e4taussiedler Erneuerungen im Bundesvertriebenengesetz Bundesvertriebenengesetz Familienzusammenf\u00fchrung f\u00fcr Sp\u00e4taussiedler Erleichterungen in dem Bundesvertriebenengesetz vom 13.06.2013 Antrag auf Anerkennung als Sp\u00e4taussiedler, was muss beachtet werden Erleichterungen in dem Bundesvertriebenengesetz vom 13.06.2013 Einreise in die Bundesrepublik Deutschland Einreise f\u00fcr die Sp\u00e4taussiedler ist erlaubt Sp\u00e4taussiedler nach Deutschland 2014 Erleichterung [&hellip;]","og_url":"https:\/\/anwalt-ovchinski.de\/ru\/spaetaussiedler\/","og_site_name":"Rechtsanwaltskanzlei Julia Ovchinski","article_modified_time":"2021-02-01T14:24:10+00:00","twitter_card":"summary_large_image","twitter_misc":{"\u041f\u0440\u0438\u043c\u0435\u0440\u043d\u043e\u0435 \u0432\u0440\u0435\u043c\u044f \u0434\u043b\u044f \u0447\u0442\u0435\u043d\u0438\u044f":"1 \u043c\u0438\u043d\u0443\u0442\u0430"},"schema":{"@context":"https:\/\/schema.org","@graph":[{"@type":"WebPage","@id":"https:\/\/anwalt-ovchinski.de\/ru\/spaetaussiedler\/","url":"https:\/\/anwalt-ovchinski.de\/ru\/spaetaussiedler\/","name":"Sp\u00e4taussiedler - Rechtsanwaltskanzlei Julia Ovchinski","isPartOf":{"@id":"https:\/\/anwalt-ovchinski.de\/#website"},"datePublished":"2020-12-02T14:22:05+00:00","dateModified":"2021-02-01T14:24:10+00:00","breadcrumb":{"@id":"https:\/\/anwalt-ovchinski.de\/ru\/spaetaussiedler\/#breadcrumb"},"inLanguage":"ru-RU","potentialAction":[{"@type":"ReadAction","target":["https:\/\/anwalt-ovchinski.de\/ru\/spaetaussiedler\/"]}]},{"@type":"BreadcrumbList","@id":"https:\/\/anwalt-ovchinski.de\/ru\/spaetaussiedler\/#breadcrumb","itemListElement":[{"@type":"ListItem","position":1,"name":"Startseite","item":"https:\/\/anwalt-ovchinski.de\/"},{"@type":"ListItem","position":2,"name":"Sp\u00e4taussiedler"}]},{"@type":"WebSite","@id":"https:\/\/anwalt-ovchinski.de\/#website","url":"https:\/\/anwalt-ovchinski.de\/","name":"Rechtsanwaltskanzlei Julia Ovchinski","description":"Rechtsanwaltskanzlei Julia Ovchinski","publisher":{"@id":"https:\/\/anwalt-ovchinski.de\/#organization"},"potentialAction":[{"@type":"SearchAction","target":{"@type":"EntryPoint","urlTemplate":"https:\/\/anwalt-ovchinski.de\/?s={search_term_string}"},"query-input":{"@type":"PropertyValueSpecification","valueRequired":true,"valueName":"search_term_string"}}],"inLanguage":"ru-RU"},{"@type":"Organization","@id":"https:\/\/anwalt-ovchinski.de\/#organization","name":"Rechtsanwaltskanzlei Julia Ovchinski","url":"https:\/\/anwalt-ovchinski.de\/","logo":{"@type":"ImageObject","inLanguage":"ru-RU","@id":"https:\/\/anwalt-ovchinski.de\/#\/schema\/logo\/image\/","url":"https:\/\/anwalt-ovchinski.de\/wp-content\/uploads\/2020\/11\/logo.png","contentUrl":"https:\/\/anwalt-ovchinski.de\/wp-content\/uploads\/2020\/11\/logo.png","width":300,"height":98,"caption":"Rechtsanwaltskanzlei Julia Ovchinski"},"image":{"@id":"https:\/\/anwalt-ovchinski.de\/#\/schema\/logo\/image\/"}}]}},"_links":{"self":[{"href":"https:\/\/anwalt-ovchinski.de\/ru\/wp-json\/wp\/v2\/pages\/1442","targetHints":{"allow":["GET"]}}],"collection":[{"href":"https:\/\/anwalt-ovchinski.de\/ru\/wp-json\/wp\/v2\/pages"}],"about":[{"href":"https:\/\/anwalt-ovchinski.de\/ru\/wp-json\/wp\/v2\/types\/page"}],"author":[{"embeddable":true,"href":"https:\/\/anwalt-ovchinski.de\/ru\/wp-json\/wp\/v2\/users\/1"}],"replies":[{"embeddable":true,"href":"https:\/\/anwalt-ovchinski.de\/ru\/wp-json\/wp\/v2\/comments?post=1442"}],"version-history":[{"count":16,"href":"https:\/\/anwalt-ovchinski.de\/ru\/wp-json\/wp\/v2\/pages\/1442\/revisions"}],"predecessor-version":[{"id":2336,"href":"https:\/\/anwalt-ovchinski.de\/ru\/wp-json\/wp\/v2\/pages\/1442\/revisions\/2336"}],"wp:attachment":[{"href":"https:\/\/anwalt-ovchinski.de\/ru\/wp-json\/wp\/v2\/media?parent=1442"}],"curies":[{"name":"wp","href":"https:\/\/api.w.org\/{rel}","templated":true}]}}