{"id":187,"date":"2020-11-16T14:44:04","date_gmt":"2020-11-16T14:44:04","guid":{"rendered":"https:\/\/anwalt-ovchinski.de\/?page_id=187"},"modified":"2022-04-04T08:00:55","modified_gmt":"2022-04-04T08:00:55","slug":"rechtsanwaeltin","status":"publish","type":"page","link":"https:\/\/anwalt-ovchinski.de\/ru\/rechtsanwaeltin\/","title":{"rendered":"\u0410\u0434\u0432\u043e\u043a\u0430\u0442"},"content":{"rendered":"<div data-elementor-type=\"wp-page\" data-elementor-id=\"187\" class=\"elementor elementor-187\">\n\t\t\t\t\t\t<section class=\"elementor-section elementor-top-section elementor-element elementor-element-ada00dc elementor-hidden-desktop elementor-hidden-tablet elementor-hidden-phone elementor-section-boxed elementor-section-height-default elementor-section-height-default\" data-id=\"ada00dc\" data-element_type=\"section\" data-e-type=\"section\" data-settings=\"{&quot;background_background&quot;:&quot;classic&quot;}\">\n\t\t\t\t\t\t\t<div class=\"elementor-background-overlay\"><\/div>\n\t\t\t\t\t\t\t<div class=\"elementor-container elementor-column-gap-wide\">\n\t\t\t\t\t<div class=\"elementor-column elementor-col-100 elementor-top-column elementor-element elementor-element-7b2422d\" data-id=\"7b2422d\" data-element_type=\"column\" data-e-type=\"column\">\n\t\t\t<div class=\"elementor-widget-wrap elementor-element-populated\">\n\t\t\t\t\t\t<div class=\"elementor-element elementor-element-2440efe elementor-widget elementor-widget-heading\" data-id=\"2440efe\" data-element_type=\"widget\" data-e-type=\"widget\" data-widget_type=\"heading.default\">\n\t\t\t\t<div class=\"elementor-widget-container\">\n\t\t\t\t\t<h1 class=\"elementor-heading-title elementor-size-default\">\u0410\u0434\u0432\u043e\u043a\u0430\u0442<\/h1>\t\t\t\t<\/div>\n\t\t\t\t<\/div>\n\t\t\t\t\t<\/div>\n\t\t<\/div>\n\t\t\t\t\t<\/div>\n\t\t<\/section>\n\t\t\t\t<section class=\"elementor-section elementor-top-section elementor-element elementor-element-b5b8be2 elementor-section-boxed elementor-section-height-default elementor-section-height-default\" data-id=\"b5b8be2\" data-element_type=\"section\" data-e-type=\"section\">\n\t\t\t\t\t\t<div class=\"elementor-container elementor-column-gap-wide\">\n\t\t\t\t\t<div class=\"elementor-column elementor-col-50 elementor-top-column elementor-element elementor-element-c12e4f1\" data-id=\"c12e4f1\" data-element_type=\"column\" data-e-type=\"column\">\n\t\t\t<div class=\"elementor-widget-wrap elementor-element-populated\">\n\t\t\t\t\t\t<div class=\"elementor-element elementor-element-76aebca elementor-widget elementor-widget-image\" data-id=\"76aebca\" data-element_type=\"widget\" data-e-type=\"widget\" data-widget_type=\"image.default\">\n\t\t\t\t<div class=\"elementor-widget-container\">\n\t\t\t\t\t\t\t\t\t\t\t\t\t\t\t<img fetchpriority=\"high\" decoding=\"async\" width=\"1707\" height=\"2560\" src=\"https:\/\/anwalt-ovchinski.de\/wp-content\/uploads\/2021\/02\/DSCL9171-2-scaled.jpg\" class=\"attachment-full size-full wp-image-2516\" alt=\"\" srcset=\"https:\/\/anwalt-ovchinski.de\/wp-content\/uploads\/2021\/02\/DSCL9171-2-scaled.jpg 1707w, https:\/\/anwalt-ovchinski.de\/wp-content\/uploads\/2021\/02\/DSCL9171-2-200x300.jpg 200w, https:\/\/anwalt-ovchinski.de\/wp-content\/uploads\/2021\/02\/DSCL9171-2-683x1024.jpg 683w, https:\/\/anwalt-ovchinski.de\/wp-content\/uploads\/2021\/02\/DSCL9171-2-768x1152.jpg 768w, https:\/\/anwalt-ovchinski.de\/wp-content\/uploads\/2021\/02\/DSCL9171-2-1024x1536.jpg 1024w, https:\/\/anwalt-ovchinski.de\/wp-content\/uploads\/2021\/02\/DSCL9171-2-1365x2048.jpg 1365w, https:\/\/anwalt-ovchinski.de\/wp-content\/uploads\/2021\/02\/DSCL9171-2-8x12.jpg 8w\" sizes=\"(max-width: 1707px) 100vw, 1707px\" \/>\t\t\t\t\t\t\t\t\t\t\t\t\t\t\t<\/div>\n\t\t\t\t<\/div>\n\t\t\t\t\t<\/div>\n\t\t<\/div>\n\t\t\t\t<div class=\"elementor-column elementor-col-50 elementor-top-column elementor-element elementor-element-3f9de98\" data-id=\"3f9de98\" data-element_type=\"column\" data-e-type=\"column\">\n\t\t\t<div class=\"elementor-widget-wrap elementor-element-populated\">\n\t\t\t\t\t\t<div class=\"elementor-element elementor-element-726755a elementor-widget elementor-widget-heading\" data-id=\"726755a\" data-element_type=\"widget\" data-e-type=\"widget\" data-widget_type=\"heading.default\">\n\t\t\t\t<div class=\"elementor-widget-container\">\n\t\t\t\t\t<p class=\"elementor-heading-title elementor-size-default\">\u0410\u0434\u0432\u043e\u043a\u0430\u0442<\/p>\t\t\t\t<\/div>\n\t\t\t\t<\/div>\n\t\t\t\t<div class=\"elementor-element elementor-element-768e19f elementor-widget elementor-widget-heading\" data-id=\"768e19f\" data-element_type=\"widget\" data-e-type=\"widget\" data-widget_type=\"heading.default\">\n\t\t\t\t<div class=\"elementor-widget-container\">\n\t\t\t\t\t<h2 class=\"elementor-heading-title elementor-size-default\">\u042e\u043b\u0438\u044f \u041e\u0432\u0447\u0438\u043d\u0441\u043a\u0430\u044f<\/h2>\t\t\t\t<\/div>\n\t\t\t\t<\/div>\n\t\t\t\t<div class=\"elementor-element elementor-element-1aacd30 elementor-widget elementor-widget-text-editor\" data-id=\"1aacd30\" data-element_type=\"widget\" data-e-type=\"widget\" data-widget_type=\"text-editor.default\">\n\t\t\t\t<div class=\"elementor-widget-container\">\n\t\t\t\t\t\t\t\t\t<p>\u0414\u0435\u044f\u0442\u0435\u043b\u044c\u043d\u043e\u0441\u0442\u044c \u0430\u0434\u0432\u043e\u043a\u0430\u0442\u0430 \u043b\u0438\u0446\u0435\u043d\u0437\u0438\u0440\u043e\u0432\u0430\u043d\u0430 \u0430\u0434\u0432\u043e\u043a\u0430\u0442\u0441\u043a\u043e\u0439 \u043f\u0430\u043b\u0430\u0442\u043e\u0439 \u0433\u043e\u0440\u043e\u0434\u0430 \u0424\u0440\u0430\u043d\u043a\u0444\u043a\u0443\u0440\u0442 \u043d\u0430 \u041c\u0430\u0439\u043d\u0435 \u0441 2004 \u0433\u043e\u0434\u0430.<\/p>\t\t\t\t\t\t\t\t<\/div>\n\t\t\t\t<\/div>\n\t\t\t\t<div class=\"elementor-element elementor-element-5167a8a elementor-view-default elementor-position-block-start elementor-mobile-position-block-start elementor-widget elementor-widget-icon-box\" data-id=\"5167a8a\" data-element_type=\"widget\" data-e-type=\"widget\" data-widget_type=\"icon-box.default\">\n\t\t\t\t<div class=\"elementor-widget-container\">\n\t\t\t\t\t\t\t<div class=\"elementor-icon-box-wrapper\">\n\n\t\t\t\t\t\t<div class=\"elementor-icon-box-icon\">\n\t\t\t\t<span  class=\"elementor-icon\">\n\t\t\t\t<i aria-hidden=\"true\" class=\"fas fa-graduation-cap\"><\/i>\t\t\t\t<\/span>\n\t\t\t<\/div>\n\t\t\t\n\t\t\t\t\t\t<div class=\"elementor-icon-box-content\">\n\n\t\t\t\t\t\t\t\t\t<h4 class=\"elementor-icon-box-title\">\n\t\t\t\t\t\t<span  >\n\t\t\t\t\t\t\t\u041a\u0430\u0440\u044c\u0435\u0440\u0430\t\t\t\t\t\t<\/span>\n\t\t\t\t\t<\/h4>\n\t\t\t\t\n\t\t\t\t\n\t\t\t<\/div>\n\t\t\t\n\t\t<\/div>\n\t\t\t\t\t\t<\/div>\n\t\t\t\t<\/div>\n\t\t\t\t<div class=\"elementor-element elementor-element-00ab235 elementor-widget elementor-widget-text-editor\" data-id=\"00ab235\" data-element_type=\"widget\" data-e-type=\"widget\" data-widget_type=\"text-editor.default\">\n\t\t\t\t<div class=\"elementor-widget-container\">\n\t\t\t\t\t\t\t\t\t<p>\u0420\u0443\u0441\u0441\u043a\u043e\u0433\u043e\u0432\u043e\u0440\u044f\u0449\u0438\u0439 \u0410\u0434\u0432\u043e\u043a\u0430\u0442 \u0432\u043e \u0424\u0440\u0430\u043d\u043a\u0444\u0443\u0440\u0442\u0435 \u042e\u043b\u0438\u044f \u041e\u0432\u0447\u0438\u043d\u0441\u043a\u0430\u044f \u0440\u043e\u0434\u0438\u043b\u0430\u0441\u044c \u0432 \u0433\u043e\u0440\u043e\u0434\u0435 \u041c\u043e\u0441\u043a\u0432\u0435, \u0437\u0430\u043a\u043e\u043d\u0447\u0438\u043b\u0430 \u043c\u043e\u0441\u043a\u043e\u0432\u0441\u043a\u0443\u044e \u0441\u0440\u0435\u0434\u043d\u044e\u044e \u0448\u043a\u043e\u043b\u0443 \u0438 \u0433\u0438\u043c\u043d\u0430\u0437\u0438\u044e \u0432\u043e \u0424\u0440\u0430\u043d\u043a\u0444\u0443\u0440\u0442\u0435 \u043d\u0430 \u041c\u0430\u0439\u043d\u0435.<\/p><p>\u0412\u044b\u0441\u0448\u0435\u0435 \u044e\u0440\u0438\u0434\u0438\u0447\u0435\u0441\u043a\u043e\u0435 \u043e\u0431\u0440\u0430\u0437\u043e\u0432\u0430\u043d\u0438\u0435 \u043f\u043e\u043b\u0443\u0447\u0438\u043b\u0430 \u0432 \u0413\u0435\u0440\u043c\u0430\u043d\u0438\u0438, \u043d\u0430 \u044e\u0440\u0438\u0434\u0438\u0447\u0435\u0441\u043a\u043e\u043c \u0444\u0430\u043a\u0443\u043b\u044c\u0442\u0435\u0442\u0435 \u0443\u043d\u0438\u0432\u0435\u0440\u0441\u0438\u0442\u0435\u0442\u0430 \u0438\u043c\u0435\u043d\u0438 \u0413\u0451\u0442\u0435 \u0433\u043e\u0440\u043e\u0434\u0430 \u0424\u0440\u0430\u043d\u043a\u0444\u0443\u0440\u0442a \u043d\u0430 \u041c\u0430\u0439\u043d\u0435 (1996 \u0433. &#8211; 2000 \u0433.).<\/p><p>\u041f\u043e\u0441\u043b\u0435 \u0441\u0434\u0430\u0447\u0438 \u041f\u0435\u0440\u0432\u043e\u0433\u043e \u0433\u043e\u0441\u0443\u0434\u0430\u0440\u0441\u0442\u0432\u0435\u043d\u043d\u043e\u0433\u043e \u044e\u0440\u0438\u0434\u0438\u0447\u0435\u0441\u043a\u043e\u0433\u043e \u044d\u043a\u0437\u0430\u043c\u0435\u043d\u0430 \u0441 \u043e\u0442\u043b\u0438\u0447\u0438\u0435\u043c (2001 \u0433.), \u043f\u0440\u043e\u0448\u043b\u0430 \u0434\u0432\u0443\u0445\u0433\u043e\u0434\u0438\u0447\u043d\u0443\u044e \u043f\u0440\u0430\u043a\u0442\u0438\u043a\u0443 \u0432 \u0437\u0435\u043c\u0435\u043b\u044c\u043d\u043e\u043c \u0441\u0443\u0434\u0435 \u0433\u043e\u0440\u043e\u0434\u0430 \u0424\u0440\u0430\u043d\u043a\u0444\u0443\u0440\u0442a \u043d\u0430 \u041c\u0430\u0439\u043d\u0435 (2001 \u0433. &#8211; 2003 \u0433.).<\/p><p>\u041f\u043e\u0441\u043b\u0435 \u0443\u0441\u043f\u0435\u0448\u043d\u043e\u0433\u043e \u0412\u0442\u043e\u0440\u043e\u0433\u043e \u0433\u043e\u0441\u0443\u0434\u0430\u0440\u0441\u0442\u0432\u0435\u043d\u043d\u043e\u0433\u043e \u044e\u0440\u0438\u0434\u0438\u0447\u0435\u0441\u043a\u043e\u0433\u043e \u044d\u043a\u0437\u0430\u043c\u0435\u043d\u0430 \u0432\u043e \u0424\u0440\u0430\u043d\u043a\u0444\u0443\u0440\u0442\u0435 \u043d\u0430 \u041c\u0430\u0439\u043d\u0435 (2003 \u0433.) \u0437\u0430\u043d\u0438\u043c\u0430\u043b\u0430\u0441\u044c \u044e\u0440\u0438\u0434\u0438\u0447\u0435\u0441\u043a\u0438\u0439 \u0434\u0435\u044f\u0442\u0435\u043b\u044c\u043d\u043e\u0441\u0442\u044c\u044e \u0432 \u0430\u0434\u0432\u043e\u043a\u0430\u0442\u0441\u043a\u043e\u0439 \u043a\u0430\u043d\u0446\u0435\u043b\u044f\u0440\u0438\u0438 \u0432 \u0433\u043e\u0440\u043e\u0434\u0435 \u0422\u043e\u0440\u043e\u043d\u0442\u043e (\u041a\u0430\u043d\u0430\u0434\u0430).<\/p><p>\u0421 2004 \u043f\u043e 2010 \u0433\u043e\u0434 \u044f\u0432\u043b\u044f\u043b\u0430\u0441\u044c \u0430\u0434\u0432\u043e\u043a\u0430\u0442\u043e\u043c \u0438 \u043f\u0430\u0440\u0442\u043d\u0451\u0440\u043e\u043c \u044e\u0440\u0438\u0434\u0438\u0447\u0435\u0441\u043a\u043e\u0433\u043e \u0431\u044e\u0440\u043e \u0432\u043e \u0424\u0440\u0430\u043d\u043a\u0444\u0443\u0440\u0442\u0435 \u043d\u0430 \u041c\u0430\u0439\u043d\u0435 \u0441 \u0444\u0438\u043b\u0438\u0430\u043b\u0430\u043c\u0438 \u0432 \u0440\u0430\u0437\u043b\u0438\u0447\u043d\u0438\u0445 \u0433\u043e\u0440\u043e\u0434\u0430\u0445 \u0413\u0435\u0440\u043c\u0430\u043d\u0438\u0438 \u0438 \u043f\u0440\u0435\u0434\u0441\u0442\u0430\u0432\u0438\u0442\u0435\u043b\u044c\u0441\u0442\u0432\u0430\u043c\u0438 \u0437\u0430\u0440\u0443\u0431\u0435\u0436\u043e\u043c. \u0423\u0441\u043f\u0435\u0448\u043d\u043e \u0437\u0430\u0449\u0438\u0449\u0430\u043b\u0430 \u0438\u043d\u0442\u0435\u0440\u0435\u0441\u044b \u043a\u043b\u0438\u0435\u043d\u0442\u043e\u0432 \u043a\u0430\u043a \u0432 \u0441\u0443\u0434\u0435\u0431\u043d\u044b\u0445 \u0442\u0430\u043a \u0438 \u0432\u043e \u0432\u043d\u0435\u0441\u0443\u0434\u0435\u0431\u043d\u044b\u0445 \u0438\u043d\u0441\u0442\u0430\u043d\u0446\u0438\u044f\u0445 \u0432 \u043e\u0431\u043b\u0430\u0441\u0442\u044f\u0445 \u0442\u0440\u0443\u0434\u043e\u0432\u043e\u0433\u043e, \u0441\u0435\u043c\u0435\u0439\u043d\u043e\u0433\u043e, \u0443\u0433\u043e\u043b\u043e\u0432\u043d\u043e\u0433\u043e, \u0430\u0434\u043c\u0438\u043d\u0438\u0441\u0442\u0440\u0430\u0442\u0438\u0432\u043d\u043e\u0433\u043e \u043f\u0440\u0430\u0432\u0430, \u0441\u043e\u0437\u0434\u0430\u043d\u0438\u044f \u0438 \u0440\u0435\u0433\u0438\u0441\u0442\u0440\u0430\u0446\u0438\u0438 \u0444\u0438\u0440\u043c \u0438 \u043f\u0440\u0435\u0434\u0441\u0442\u0430\u0432\u0438\u0442\u0435\u043b\u044c\u0441\u0442\u0432, \u043f\u0440\u0430\u0432 \u0438\u043d\u043e\u0441\u0442\u0440\u0430\u043d\u0446\u0435\u0432.<\/p><p>\u0421 2011 \u0433\u043e\u0434\u0430 \u0440\u0430\u0431\u043e\u0442\u0430\u043b\u0430 \u0432 \u0430\u0434\u0432\u043e\u043a\u0430\u0442\u0441\u043a\u043e\u0439 \u043a\u0430\u043d\u0446\u0435\u043b\u044f\u0440\u0438\u0438 \u0432 \u0433\u043e\u0440\u043e\u0434\u0435 \u041a\u0440\u043e\u043d\u0431\u0435\u0440\u0433, \u0437\u0430\u043d\u0438\u043c\u0430\u044f\u0441\u044c \u0432\u043e\u043f\u0440\u043e\u0441\u0430\u043c\u0438 \u0433\u0440\u0430\u0436\u0434\u0430\u043d\u0441\u043a\u043e\u0433\u043e \u043f\u0440\u0430\u0432\u0430, \u043f\u0440\u0430\u0432\u043e\u043c \u0432\u043b\u0430\u0434\u0435\u043d\u0438\u044f \u0438 \u0443\u043f\u0440\u0430\u0432\u043b\u0435\u043d\u0438\u044f \u0436\u0438\u043b\u043e\u0439 \u0441\u043e\u0431\u0441\u0442\u0432\u0435\u043d\u043d\u043e\u0441\u0442\u044c\u044e, \u0436\u0438\u043b\u0438\u0449\u043d\u044b\u043c \u0438 \u0430\u0432\u0442\u043e\u0434\u043e\u0440\u043e\u0436\u043d\u044b\u043c \u043f\u0440\u0430\u0432\u043e\u043c.<\/p><p>\u041d\u0430 \u043e\u0441\u043d\u043e\u0432\u0435 \u043d\u0430\u043a\u043e\u043f\u043b\u0435\u043d\u043d\u043e\u0433\u043e \u043c\u043d\u043e\u0433\u043e\u043b\u0435\u0442\u043d\u0435\u0433\u043e \u043f\u0440\u0430\u043a\u0442\u0438\u0447\u0435\u0441\u043a\u043e\u0433\u043e \u043e\u043f\u044b\u0442\u0430, \u0432 2011 \u0433\u043e\u0434\u0443 \u043e\u0440\u0433\u0430\u043d\u0438\u0437\u043e\u0432\u0430\u043b\u0430 \u0441\u043e\u0431\u0441\u0442\u0432\u0435\u043d\u043d\u0443\u044e \u0430\u0434\u0432\u043e\u043a\u0430\u0442\u0441\u043a\u0443\u044e \u043a\u0430\u043d\u0446\u0435\u043b\u044f\u0440\u0438\u044e \u0432 \u0413\u0435\u0440\u043c\u0430\u043d\u0438\u0438, \u0424\u0440\u0430\u043d\u043a\u0444\u0443\u0440\u0442\u0435.<\/p>\t\t\t\t\t\t\t\t<\/div>\n\t\t\t\t<\/div>\n\t\t\t\t\t<\/div>\n\t\t<\/div>\n\t\t\t\t\t<\/div>\n\t\t<\/section>\n\t\t\t\t<\/div>","protected":false},"excerpt":{"rendered":"<p>Rechtsanw\u00e4ltin Rechtsanw\u00e4ltin Julia Ovchinski Zugelassen als Rechtsanw\u00e4ltin bei der Rechtsanwaltskammer Frankfurt am Main seit 2004. Werdegang 2011-heuteF\u00fchrung der eigenen Anwaltskanzlei &#8222;Rechtsanwaltskanzlei Julia Ovchinski&#8220; in Frankfurt am Main 2011Rechtsanw\u00e4ltin bei einer mittelst\u00e4ndigen Anwaltskanzlei in Kronberg im Taunus im Bereich des allgemeinen Zivilrechts, des Wohnungseigentumsrechts, des Mietrechts und des Stra\u00dfenverkehrsrechts 2004-2010Rechtsanw\u00e4ltin und Partnerin bei einer mittelst\u00e4ndigen internationalen [&hellip;]<\/p>\n","protected":false},"author":1,"featured_media":0,"parent":0,"menu_order":0,"comment_status":"closed","ping_status":"closed","template":"","meta":{"footnotes":""},"class_list":["post-187","page","type-page","status-publish","hentry"],"yoast_head":"<!-- This site is optimized with the Yoast SEO plugin v27.3 - https:\/\/yoast.com\/product\/yoast-seo-wordpress\/ -->\n<title>Rechtsanw\u00e4ltin - Rechtsanwaltskanzlei Julia Ovchinski<\/title>\n<meta name=\"robots\" content=\"index, follow, max-snippet:-1, max-image-preview:large, max-video-preview:-1\" \/>\n<link rel=\"canonical\" href=\"https:\/\/anwalt-ovchinski.de\/ru\/rechtsanwaeltin\/\" \/>\n<meta property=\"og:locale\" content=\"ru_RU\" \/>\n<meta property=\"og:type\" content=\"article\" \/>\n<meta property=\"og:title\" content=\"Rechtsanw\u00e4ltin - Rechtsanwaltskanzlei Julia Ovchinski\" \/>\n<meta property=\"og:description\" content=\"Rechtsanw\u00e4ltin Rechtsanw\u00e4ltin Julia Ovchinski Zugelassen als Rechtsanw\u00e4ltin bei der Rechtsanwaltskammer Frankfurt am Main seit 2004. Werdegang 2011-heuteF\u00fchrung der eigenen Anwaltskanzlei &#8222;Rechtsanwaltskanzlei Julia Ovchinski&#8220; in Frankfurt am Main 2011Rechtsanw\u00e4ltin bei einer mittelst\u00e4ndigen Anwaltskanzlei in Kronberg im Taunus im Bereich des allgemeinen Zivilrechts, des Wohnungseigentumsrechts, des Mietrechts und des Stra\u00dfenverkehrsrechts 2004-2010Rechtsanw\u00e4ltin und Partnerin bei einer mittelst\u00e4ndigen internationalen [&hellip;]\" \/>\n<meta property=\"og:url\" content=\"https:\/\/anwalt-ovchinski.de\/ru\/rechtsanwaeltin\/\" \/>\n<meta property=\"og:site_name\" content=\"Rechtsanwaltskanzlei Julia Ovchinski\" \/>\n<meta property=\"article:modified_time\" content=\"2022-04-04T08:00:55+00:00\" \/>\n<meta property=\"og:image\" content=\"https:\/\/anwalt-ovchinski.de\/wp-content\/uploads\/2021\/02\/DSCL9171-2-scaled.jpg\" \/>\n<meta name=\"twitter:card\" content=\"summary_large_image\" \/>\n<meta name=\"twitter:label1\" content=\"\u041f\u0440\u0438\u043c\u0435\u0440\u043d\u043e\u0435 \u0432\u0440\u0435\u043c\u044f \u0434\u043b\u044f \u0447\u0442\u0435\u043d\u0438\u044f\" \/>\n\t<meta name=\"twitter:data1\" content=\"3 \u043c\u0438\u043d\u0443\u0442\u044b\" \/>\n<script type=\"application\/ld+json\" class=\"yoast-schema-graph\">{\"@context\":\"https:\\\/\\\/schema.org\",\"@graph\":[{\"@type\":\"WebPage\",\"@id\":\"https:\\\/\\\/anwalt-ovchinski.de\\\/rechtsanwaeltin\\\/\",\"url\":\"https:\\\/\\\/anwalt-ovchinski.de\\\/rechtsanwaeltin\\\/\",\"name\":\"Rechtsanw\u00e4ltin - Rechtsanwaltskanzlei Julia Ovchinski\",\"isPartOf\":{\"@id\":\"https:\\\/\\\/anwalt-ovchinski.de\\\/#website\"},\"primaryImageOfPage\":{\"@id\":\"https:\\\/\\\/anwalt-ovchinski.de\\\/rechtsanwaeltin\\\/#primaryimage\"},\"image\":{\"@id\":\"https:\\\/\\\/anwalt-ovchinski.de\\\/rechtsanwaeltin\\\/#primaryimage\"},\"thumbnailUrl\":\"https:\\\/\\\/anwalt-ovchinski.de\\\/wp-content\\\/uploads\\\/2021\\\/02\\\/DSCL9171-2-scaled.jpg\",\"datePublished\":\"2020-11-16T14:44:04+00:00\",\"dateModified\":\"2022-04-04T08:00:55+00:00\",\"breadcrumb\":{\"@id\":\"https:\\\/\\\/anwalt-ovchinski.de\\\/rechtsanwaeltin\\\/#breadcrumb\"},\"inLanguage\":\"ru-RU\",\"potentialAction\":[{\"@type\":\"ReadAction\",\"target\":[\"https:\\\/\\\/anwalt-ovchinski.de\\\/rechtsanwaeltin\\\/\"]}]},{\"@type\":\"ImageObject\",\"inLanguage\":\"ru-RU\",\"@id\":\"https:\\\/\\\/anwalt-ovchinski.de\\\/rechtsanwaeltin\\\/#primaryimage\",\"url\":\"https:\\\/\\\/anwalt-ovchinski.de\\\/wp-content\\\/uploads\\\/2021\\\/02\\\/DSCL9171-2-scaled.jpg\",\"contentUrl\":\"https:\\\/\\\/anwalt-ovchinski.de\\\/wp-content\\\/uploads\\\/2021\\\/02\\\/DSCL9171-2-scaled.jpg\"},{\"@type\":\"BreadcrumbList\",\"@id\":\"https:\\\/\\\/anwalt-ovchinski.de\\\/rechtsanwaeltin\\\/#breadcrumb\",\"itemListElement\":[{\"@type\":\"ListItem\",\"position\":1,\"name\":\"Startseite\",\"item\":\"https:\\\/\\\/anwalt-ovchinski.de\\\/\"},{\"@type\":\"ListItem\",\"position\":2,\"name\":\"Rechtsanw\u00e4ltin\"}]},{\"@type\":\"WebSite\",\"@id\":\"https:\\\/\\\/anwalt-ovchinski.de\\\/#website\",\"url\":\"https:\\\/\\\/anwalt-ovchinski.de\\\/\",\"name\":\"Rechtsanwaltskanzlei Julia Ovchinski\",\"description\":\"Rechtsanwaltskanzlei Julia Ovchinski\",\"publisher\":{\"@id\":\"https:\\\/\\\/anwalt-ovchinski.de\\\/#organization\"},\"potentialAction\":[{\"@type\":\"SearchAction\",\"target\":{\"@type\":\"EntryPoint\",\"urlTemplate\":\"https:\\\/\\\/anwalt-ovchinski.de\\\/?s={search_term_string}\"},\"query-input\":{\"@type\":\"PropertyValueSpecification\",\"valueRequired\":true,\"valueName\":\"search_term_string\"}}],\"inLanguage\":\"ru-RU\"},{\"@type\":\"Organization\",\"@id\":\"https:\\\/\\\/anwalt-ovchinski.de\\\/#organization\",\"name\":\"Rechtsanwaltskanzlei Julia Ovchinski\",\"url\":\"https:\\\/\\\/anwalt-ovchinski.de\\\/\",\"logo\":{\"@type\":\"ImageObject\",\"inLanguage\":\"ru-RU\",\"@id\":\"https:\\\/\\\/anwalt-ovchinski.de\\\/#\\\/schema\\\/logo\\\/image\\\/\",\"url\":\"https:\\\/\\\/anwalt-ovchinski.de\\\/wp-content\\\/uploads\\\/2020\\\/11\\\/logo.png\",\"contentUrl\":\"https:\\\/\\\/anwalt-ovchinski.de\\\/wp-content\\\/uploads\\\/2020\\\/11\\\/logo.png\",\"width\":300,\"height\":98,\"caption\":\"Rechtsanwaltskanzlei Julia Ovchinski\"},\"image\":{\"@id\":\"https:\\\/\\\/anwalt-ovchinski.de\\\/#\\\/schema\\\/logo\\\/image\\\/\"}}]}<\/script>\n<!-- \/ Yoast SEO plugin. -->","yoast_head_json":{"title":"Rechtsanw\u00e4ltin - Rechtsanwaltskanzlei Julia Ovchinski","robots":{"index":"index","follow":"follow","max-snippet":"max-snippet:-1","max-image-preview":"max-image-preview:large","max-video-preview":"max-video-preview:-1"},"canonical":"https:\/\/anwalt-ovchinski.de\/ru\/rechtsanwaeltin\/","og_locale":"ru_RU","og_type":"article","og_title":"Rechtsanw\u00e4ltin - Rechtsanwaltskanzlei Julia Ovchinski","og_description":"Rechtsanw\u00e4ltin Rechtsanw\u00e4ltin Julia Ovchinski Zugelassen als Rechtsanw\u00e4ltin bei der Rechtsanwaltskammer Frankfurt am Main seit 2004. Werdegang 2011-heuteF\u00fchrung der eigenen Anwaltskanzlei &#8222;Rechtsanwaltskanzlei Julia Ovchinski&#8220; in Frankfurt am Main 2011Rechtsanw\u00e4ltin bei einer mittelst\u00e4ndigen Anwaltskanzlei in Kronberg im Taunus im Bereich des allgemeinen Zivilrechts, des Wohnungseigentumsrechts, des Mietrechts und des Stra\u00dfenverkehrsrechts 2004-2010Rechtsanw\u00e4ltin und Partnerin bei einer mittelst\u00e4ndigen internationalen [&hellip;]","og_url":"https:\/\/anwalt-ovchinski.de\/ru\/rechtsanwaeltin\/","og_site_name":"Rechtsanwaltskanzlei Julia Ovchinski","article_modified_time":"2022-04-04T08:00:55+00:00","og_image":[{"url":"https:\/\/anwalt-ovchinski.de\/wp-content\/uploads\/2021\/02\/DSCL9171-2-scaled.jpg","type":"","width":"","height":""}],"twitter_card":"summary_large_image","twitter_misc":{"\u041f\u0440\u0438\u043c\u0435\u0440\u043d\u043e\u0435 \u0432\u0440\u0435\u043c\u044f \u0434\u043b\u044f \u0447\u0442\u0435\u043d\u0438\u044f":"3 \u043c\u0438\u043d\u0443\u0442\u044b"},"schema":{"@context":"https:\/\/schema.org","@graph":[{"@type":"WebPage","@id":"https:\/\/anwalt-ovchinski.de\/rechtsanwaeltin\/","url":"https:\/\/anwalt-ovchinski.de\/rechtsanwaeltin\/","name":"Rechtsanw\u00e4ltin - Rechtsanwaltskanzlei Julia Ovchinski","isPartOf":{"@id":"https:\/\/anwalt-ovchinski.de\/#website"},"primaryImageOfPage":{"@id":"https:\/\/anwalt-ovchinski.de\/rechtsanwaeltin\/#primaryimage"},"image":{"@id":"https:\/\/anwalt-ovchinski.de\/rechtsanwaeltin\/#primaryimage"},"thumbnailUrl":"https:\/\/anwalt-ovchinski.de\/wp-content\/uploads\/2021\/02\/DSCL9171-2-scaled.jpg","datePublished":"2020-11-16T14:44:04+00:00","dateModified":"2022-04-04T08:00:55+00:00","breadcrumb":{"@id":"https:\/\/anwalt-ovchinski.de\/rechtsanwaeltin\/#breadcrumb"},"inLanguage":"ru-RU","potentialAction":[{"@type":"ReadAction","target":["https:\/\/anwalt-ovchinski.de\/rechtsanwaeltin\/"]}]},{"@type":"ImageObject","inLanguage":"ru-RU","@id":"https:\/\/anwalt-ovchinski.de\/rechtsanwaeltin\/#primaryimage","url":"https:\/\/anwalt-ovchinski.de\/wp-content\/uploads\/2021\/02\/DSCL9171-2-scaled.jpg","contentUrl":"https:\/\/anwalt-ovchinski.de\/wp-content\/uploads\/2021\/02\/DSCL9171-2-scaled.jpg"},{"@type":"BreadcrumbList","@id":"https:\/\/anwalt-ovchinski.de\/rechtsanwaeltin\/#breadcrumb","itemListElement":[{"@type":"ListItem","position":1,"name":"Startseite","item":"https:\/\/anwalt-ovchinski.de\/"},{"@type":"ListItem","position":2,"name":"Rechtsanw\u00e4ltin"}]},{"@type":"WebSite","@id":"https:\/\/anwalt-ovchinski.de\/#website","url":"https:\/\/anwalt-ovchinski.de\/","name":"Rechtsanwaltskanzlei Julia Ovchinski","description":"Rechtsanwaltskanzlei Julia Ovchinski","publisher":{"@id":"https:\/\/anwalt-ovchinski.de\/#organization"},"potentialAction":[{"@type":"SearchAction","target":{"@type":"EntryPoint","urlTemplate":"https:\/\/anwalt-ovchinski.de\/?s={search_term_string}"},"query-input":{"@type":"PropertyValueSpecification","valueRequired":true,"valueName":"search_term_string"}}],"inLanguage":"ru-RU"},{"@type":"Organization","@id":"https:\/\/anwalt-ovchinski.de\/#organization","name":"Rechtsanwaltskanzlei Julia Ovchinski","url":"https:\/\/anwalt-ovchinski.de\/","logo":{"@type":"ImageObject","inLanguage":"ru-RU","@id":"https:\/\/anwalt-ovchinski.de\/#\/schema\/logo\/image\/","url":"https:\/\/anwalt-ovchinski.de\/wp-content\/uploads\/2020\/11\/logo.png","contentUrl":"https:\/\/anwalt-ovchinski.de\/wp-content\/uploads\/2020\/11\/logo.png","width":300,"height":98,"caption":"Rechtsanwaltskanzlei Julia Ovchinski"},"image":{"@id":"https:\/\/anwalt-ovchinski.de\/#\/schema\/logo\/image\/"}}]}},"_links":{"self":[{"href":"https:\/\/anwalt-ovchinski.de\/ru\/wp-json\/wp\/v2\/pages\/187","targetHints":{"allow":["GET"]}}],"collection":[{"href":"https:\/\/anwalt-ovchinski.de\/ru\/wp-json\/wp\/v2\/pages"}],"about":[{"href":"https:\/\/anwalt-ovchinski.de\/ru\/wp-json\/wp\/v2\/types\/page"}],"author":[{"embeddable":true,"href":"https:\/\/anwalt-ovchinski.de\/ru\/wp-json\/wp\/v2\/users\/1"}],"replies":[{"embeddable":true,"href":"https:\/\/anwalt-ovchinski.de\/ru\/wp-json\/wp\/v2\/comments?post=187"}],"version-history":[{"count":184,"href":"https:\/\/anwalt-ovchinski.de\/ru\/wp-json\/wp\/v2\/pages\/187\/revisions"}],"predecessor-version":[{"id":2589,"href":"https:\/\/anwalt-ovchinski.de\/ru\/wp-json\/wp\/v2\/pages\/187\/revisions\/2589"}],"wp:attachment":[{"href":"https:\/\/anwalt-ovchinski.de\/ru\/wp-json\/wp\/v2\/media?parent=187"}],"curies":[{"name":"wp","href":"https:\/\/api.w.org\/{rel}","templated":true}]}}